{"id":4133,"date":"2018-05-21T21:39:00","date_gmt":"2018-05-21T18:39:00","guid":{"rendered":"http:\/\/localhost\/lydia\/product\/99as\/"},"modified":"2023-05-18T16:07:12","modified_gmt":"2023-05-18T13:07:12","slug":"99as","status":"publish","type":"product","link":"https:\/\/asproms.com\/en\/product\/99as\/","title":{"rendered":"99AS"},"content":{"rendered":"<p>Type: <strong>\u00a0\u00a0\u00a0\u00a0\u00a0\u00a0\u00a0\u00a0\u00a0\u00a0Heatsink Extrusion<\/strong><br \/>\nMaterial: <strong>\u00a0\u00a0Aluminum 6063-T5<\/strong><br \/>\nSurface: <strong>\u00a0\u00a0\u00a0\u00a0Black or Natural Anodised <\/strong><br \/>\nHeight:\u00a0\u00a0\u00a0\u00a0\u00a0\u00a0 <strong>135mm \/ 5.31&#8243;<\/strong><br \/>\nWidth: \u00a0\u00a0\u00a0\u00a0\u00a0\u00a0 <strong>125mm \/ 4.92&#8243;<\/strong><br \/>\nOther: \u00a0\u00a0\u00a0\u00a0\u00a0\u00a0 <strong> &#8211; mm \/ &#8211; &#8221; <\/strong><br \/>\nLenght: \u00a0\u00a0\u00a0\u00a0\u00a0\u00a0<strong>Custom Lengths\u00a0up to 6.10m \/ 20ft<\/strong><\/p>\n","protected":false},"excerpt":{"rendered":"<p>Materyal : Aluminyum 6063-T5<\/p>\n<p>Y\u00fczey : Aluminyum Pres<\/p>\n<p>Boy Uzunlu\u011fu : 3250 mm<\/p>\n<p>Y\u00fckseklik : 125 mm<\/p>\n<p>Geni\u015flik : 135 mm<\/p>\n<p>99 AS \u00fcr\u00fcn\u00fc istedi\u011finiz \u00f6l\u00e7\u00fclerde kesilerek taraf\u0131n\u0131za teslim edilir. Standart sipari\u015fleriniz kaplamas\u0131z ve levhas\u0131z olarak fiyatlan\u0131r.<\/p>\n","protected":false},"featured_media":4131,"template":"","meta":[],"product_brand":[],"product_cat":[58,62],"product_tag":[],"class_list":{"0":"post-4133","1":"product","2":"type-product","3":"status-publish","4":"has-post-thumbnail","6":"product_cat-sogutucu-profilleri","7":"product_cat-yuksek-performansli-sogutucular","9":"first","10":"outofstock","11":"taxable","12":"shipping-taxable","13":"product-type-simple"},"_links":{"self":[{"href":"https:\/\/asproms.com\/en\/wp-json\/wp\/v2\/product\/4133","targetHints":{"allow":["GET"]}}],"collection":[{"href":"https:\/\/asproms.com\/en\/wp-json\/wp\/v2\/product"}],"about":[{"href":"https:\/\/asproms.com\/en\/wp-json\/wp\/v2\/types\/product"}],"wp:featuredmedia":[{"embeddable":true,"href":"https:\/\/asproms.com\/en\/wp-json\/wp\/v2\/media\/4131"}],"wp:attachment":[{"href":"https:\/\/asproms.com\/en\/wp-json\/wp\/v2\/media?parent=4133"}],"wp:term":[{"taxonomy":"product_brand","embeddable":true,"href":"https:\/\/asproms.com\/en\/wp-json\/wp\/v2\/product_brand?post=4133"},{"taxonomy":"product_cat","embeddable":true,"href":"https:\/\/asproms.com\/en\/wp-json\/wp\/v2\/product_cat?post=4133"},{"taxonomy":"product_tag","embeddable":true,"href":"https:\/\/asproms.com\/en\/wp-json\/wp\/v2\/product_tag?post=4133"}],"curies":[{"name":"wp","href":"https:\/\/api.w.org\/{rel}","templated":true}]}}