{"id":3977,"date":"2018-05-07T22:25:00","date_gmt":"2018-05-07T19:25:00","guid":{"rendered":"http:\/\/localhost\/lydia\/product\/pendant-kit\/"},"modified":"2023-05-19T15:09:24","modified_gmt":"2023-05-19T12:09:24","slug":"pendant-kit","status":"publish","type":"product","link":"https:\/\/asproms.com\/en\/product\/pendant-kit\/","title":{"rendered":"Otomatik Ask\u0131 Teli Tak\u0131m\u0131 1.5 Metre"},"content":{"rendered":"<p>Pendant Kit compatible with;<br \/>\nLED Channels <strong>531ASL, 532ASL, 533ASL, 550ASL, 701ASL, 702ASL, 703ASL<\/strong><\/p>\n<p>Kit includes 2 steel wires of 1.5m \/ 4.92ft and connection parts.<\/p>\n","protected":false},"excerpt":{"rendered":"<p>1.5 Metre Otomatik Ask\u0131 Teli Uyumlu Oldu\u011fu Modeller 531ASL, 532ASL, 533ASL, 550ASL, 560 ASL , 701ASL, 702ASL, 703ASL Ask\u0131 Teli (Asans\u00f6r) Tak\u0131m\u0131 i\u00e7eri\u011fi 2 x 1.5 Metre \u00c7elik Halat 2 x Tavan Ask\u0131 Aparat\u0131 2 x Otomatik Tel Tutucu<\/p>\n","protected":false},"featured_media":3976,"template":"","meta":[],"product_brand":[],"product_cat":[72],"product_tag":[],"class_list":{"0":"post-3977","1":"product","2":"type-product","3":"status-publish","4":"has-post-thumbnail","6":"product_cat-aksesuarlar","8":"first","9":"outofstock","10":"taxable","11":"shipping-taxable","12":"product-type-simple"},"_links":{"self":[{"href":"https:\/\/asproms.com\/en\/wp-json\/wp\/v2\/product\/3977","targetHints":{"allow":["GET"]}}],"collection":[{"href":"https:\/\/asproms.com\/en\/wp-json\/wp\/v2\/product"}],"about":[{"href":"https:\/\/asproms.com\/en\/wp-json\/wp\/v2\/types\/product"}],"wp:featuredmedia":[{"embeddable":true,"href":"https:\/\/asproms.com\/en\/wp-json\/wp\/v2\/media\/3976"}],"wp:attachment":[{"href":"https:\/\/asproms.com\/en\/wp-json\/wp\/v2\/media?parent=3977"}],"wp:term":[{"taxonomy":"product_brand","embeddable":true,"href":"https:\/\/asproms.com\/en\/wp-json\/wp\/v2\/product_brand?post=3977"},{"taxonomy":"product_cat","embeddable":true,"href":"https:\/\/asproms.com\/en\/wp-json\/wp\/v2\/product_cat?post=3977"},{"taxonomy":"product_tag","embeddable":true,"href":"https:\/\/asproms.com\/en\/wp-json\/wp\/v2\/product_tag?post=3977"}],"curies":[{"name":"wp","href":"https:\/\/api.w.org\/{rel}","templated":true}]}}