{"id":3942,"date":"2018-05-07T21:30:00","date_gmt":"2018-05-07T18:30:00","guid":{"rendered":"http:\/\/localhost\/lydia\/product\/t-slot-90x90-heavy-s-series\/"},"modified":"2023-05-19T15:14:28","modified_gmt":"2023-05-19T12:14:28","slug":"t-slot-90x90-heavy-s-series","status":"publish","type":"product","link":"https:\/\/asproms.com\/en\/product\/t-slot-90x90-heavy-s-series\/","title":{"rendered":"Sigma Profil 90&#215;90 Heavy S Serisi"},"content":{"rendered":"<p>Type: \u00a0\u00a0\u00a0\u00a0\u00a0\u00a0\u00a0\u00a0\u00a0<strong>\u00a0T-Slot Extrusions<\/strong><br \/>\nMaterial: \u00a0\u00a0<strong>Aluminum 6063-T5<\/strong><br \/>\nSurface: \u00a0\u00a0\u00a0\u00a0<strong>Natural Anodised<\/strong><br \/>\nHeight: \u00a0 \u00a0 \u00a0 <strong> 90.00mm \/ 3.54&#8243;<\/strong><br \/>\nWidth: \u00a0 \u00a0 \u00a0 \u00a0<strong>90.00mm \/ 3.54&#8243;<\/strong><\/p>\n","protected":false},"excerpt":{"rendered":"<p>Kategori: \u00a0\u00a0\u00a0\u00a0\u00a0\u00a0\u00a0\u00a0\u00a0<strong>\u00a010 Kanal Sigma Profil<\/strong><br \/>\nHammadde:\u00a0 \u00a0 \u00a0\u00a0<strong>Aluminyum 6063-T5<\/strong><br \/>\nY\u00fczey:\u00a0 \u00a0 \u00a0 \u00a0 \u00a0 \u00a0 \u00a0 \u00a0\u00a0<strong>Mat Beyaz Eloksal\u00a0<\/strong><br \/>\nY\u00fckseklik:\u00a0 \u00a0 \u00a0 \u00a0 \u00a0<strong>\u00a090.00mm\u00a0<\/strong><br \/>\nGeni\u015flik :\u00a0 \u00a0 \u00a0 \u00a0 \u00a0 \u00a0<strong>\u00a090.00mm\u00a0<\/strong><br \/>\nUzunluk:\u00a0 \u00a0 \u00a0 \u00a0 \u00a0 \u00a0\u00a0<strong>6000<\/strong>\u00a0<strong>mm\u00a0<\/strong><\/p>\n<p>Y\u00fcksek mukavemet gerektiren makine \u015faselerinde ve b\u00fcy\u00fck konstr\u00fcksiyonlar\u0131n ta\u015f\u0131y\u0131c\u0131 profil olarak kullan\u0131l\u0131r. \u00dczerine entegre edilebilen mekanik \u00fcr\u00fcnler ile yataklama eksenleri \u015fasesi olarak ta kullan\u0131la bilmektedir.<\/p>\n","protected":false},"featured_media":3940,"template":"","meta":[],"product_brand":[],"product_cat":[67],"product_tag":[],"class_list":{"0":"post-3942","1":"product","2":"type-product","3":"status-publish","4":"has-post-thumbnail","6":"product_cat-sigma-profiller","8":"first","9":"outofstock","10":"taxable","11":"shipping-taxable","12":"product-type-simple"},"_links":{"self":[{"href":"https:\/\/asproms.com\/en\/wp-json\/wp\/v2\/product\/3942","targetHints":{"allow":["GET"]}}],"collection":[{"href":"https:\/\/asproms.com\/en\/wp-json\/wp\/v2\/product"}],"about":[{"href":"https:\/\/asproms.com\/en\/wp-json\/wp\/v2\/types\/product"}],"wp:featuredmedia":[{"embeddable":true,"href":"https:\/\/asproms.com\/en\/wp-json\/wp\/v2\/media\/3940"}],"wp:attachment":[{"href":"https:\/\/asproms.com\/en\/wp-json\/wp\/v2\/media?parent=3942"}],"wp:term":[{"taxonomy":"product_brand","embeddable":true,"href":"https:\/\/asproms.com\/en\/wp-json\/wp\/v2\/product_brand?post=3942"},{"taxonomy":"product_cat","embeddable":true,"href":"https:\/\/asproms.com\/en\/wp-json\/wp\/v2\/product_cat?post=3942"},{"taxonomy":"product_tag","embeddable":true,"href":"https:\/\/asproms.com\/en\/wp-json\/wp\/v2\/product_tag?post=3942"}],"curies":[{"name":"wp","href":"https:\/\/api.w.org\/{rel}","templated":true}]}}