{"id":3936,"date":"2018-05-07T21:26:00","date_gmt":"2018-05-07T18:26:00","guid":{"rendered":"http:\/\/localhost\/lydia\/product\/t-slot-59-8x59-8-s-series\/"},"modified":"2023-05-19T15:17:20","modified_gmt":"2023-05-19T12:17:20","slug":"t-slot-59-8x59-8-s-series","status":"publish","type":"product","link":"https:\/\/asproms.com\/en\/product\/t-slot-59-8x59-8-s-series\/","title":{"rendered":"Sigma Profil 59.8&#215;59.8 S Serisi"},"content":{"rendered":"<p>Type: \u00a0\u00a0\u00a0\u00a0\u00a0\u00a0\u00a0\u00a0\u00a0<strong>\u00a0T-Slot Extrusions<\/strong><br \/>\nMaterial: \u00a0\u00a0<strong>Aluminum 6063-T5<\/strong><br \/>\nSurface: \u00a0\u00a0\u00a0\u00a0<strong>Natural Anodised<\/strong><br \/>\nHeight: \u00a0 \u00a0 \u00a0 <strong> 59.80mm \/ 2.35&#8243;<\/strong><br \/>\nWidth: \u00a0 \u00a0 \u00a0 \u00a0<strong>59.80mm \/ 2.35&#8243;<\/strong><\/p>\n","protected":false},"excerpt":{"rendered":"<p>Kategori: \u00a0\u00a0\u00a0\u00a0\u00a0\u00a0\u00a0\u00a0\u00a0<strong>\u00a010 Kanal Sigma Profil<\/strong><br \/>\nHammadde:\u00a0 \u00a0 \u00a0\u00a0<strong>Aluminyum 6063-T5<\/strong><br \/>\nY\u00fczey:\u00a0 \u00a0 \u00a0 \u00a0 \u00a0 \u00a0 \u00a0 \u00a0\u00a0<strong>Mat Beyaz Eloksal\u00a0<\/strong><br \/>\nY\u00fckseklik:\u00a0 \u00a0 \u00a0 \u00a0 \u00a0<strong>\u00a059,80mm\u00a0<\/strong><br \/>\nGeni\u015flik :\u00a0 \u00a0 \u00a0 \u00a0 \u00a0\u00a0<strong>\u00a0 59,80mm\u00a0<\/strong><br \/>\nUzunluk:\u00a0 \u00a0 \u00a0 \u00a0 \u00a0 \u00a0\u00a0<strong>6000<\/strong>\u00a0<strong>mm\u00a0<\/strong><\/p>\n<p>Bu seriler fazla y\u00fcklemelerin olmad\u0131\u011f\u0131, b\u00f6lme direklerinde,tavan dekor \u015faselerinde ve spot ta\u015f\u0131y\u0131c\u0131 kiri\u015fleri baz\u0131\u00a0kullan\u0131m \u00f6rneklerindendir.<\/p>\n","protected":false},"featured_media":3934,"template":"","meta":[],"product_brand":[],"product_cat":[67],"product_tag":[],"class_list":{"0":"post-3936","1":"product","2":"type-product","3":"status-publish","4":"has-post-thumbnail","6":"product_cat-sigma-profiller","8":"first","9":"outofstock","10":"taxable","11":"shipping-taxable","12":"product-type-simple"},"_links":{"self":[{"href":"https:\/\/asproms.com\/en\/wp-json\/wp\/v2\/product\/3936","targetHints":{"allow":["GET"]}}],"collection":[{"href":"https:\/\/asproms.com\/en\/wp-json\/wp\/v2\/product"}],"about":[{"href":"https:\/\/asproms.com\/en\/wp-json\/wp\/v2\/types\/product"}],"wp:featuredmedia":[{"embeddable":true,"href":"https:\/\/asproms.com\/en\/wp-json\/wp\/v2\/media\/3934"}],"wp:attachment":[{"href":"https:\/\/asproms.com\/en\/wp-json\/wp\/v2\/media?parent=3936"}],"wp:term":[{"taxonomy":"product_brand","embeddable":true,"href":"https:\/\/asproms.com\/en\/wp-json\/wp\/v2\/product_brand?post=3936"},{"taxonomy":"product_cat","embeddable":true,"href":"https:\/\/asproms.com\/en\/wp-json\/wp\/v2\/product_cat?post=3936"},{"taxonomy":"product_tag","embeddable":true,"href":"https:\/\/asproms.com\/en\/wp-json\/wp\/v2\/product_tag?post=3936"}],"curies":[{"name":"wp","href":"https:\/\/api.w.org\/{rel}","templated":true}]}}