{"id":3921,"date":"2018-05-07T21:15:00","date_gmt":"2018-05-07T18:15:00","guid":{"rendered":"http:\/\/localhost\/lydia\/product\/t-slot-45x45-extra-light\/"},"modified":"2023-05-19T15:30:41","modified_gmt":"2023-05-19T12:30:41","slug":"t-slot-45x45-extra-light","status":"publish","type":"product","link":"https:\/\/asproms.com\/en\/product\/t-slot-45x45-extra-light\/","title":{"rendered":"Sigma Profil 45&#215;45 S\u00fcper Hafif"},"content":{"rendered":"<p>Type: \u00a0\u00a0\u00a0\u00a0\u00a0\u00a0\u00a0\u00a0\u00a0<strong>\u00a0T-Slot Extrusions<\/strong><br \/>\nMaterial: \u00a0\u00a0<strong>Aluminum 6063-T5<\/strong><br \/>\nSurface: \u00a0\u00a0\u00a0\u00a0<strong>Natural Anodised<\/strong><br \/>\nHeight: \u00a0 \u00a0 \u00a0 <strong> 45.00mm \/ 1.77&#8243;<\/strong><br \/>\nWidth: \u00a0 \u00a0 \u00a0 \u00a0<strong>45.00mm \/ 1.77&#8243;<\/strong><\/p>\n","protected":false},"excerpt":{"rendered":"<p>Kategori: \u00a0\u00a0\u00a0\u00a0\u00a0\u00a0\u00a0\u00a0\u00a0<strong>\u00a010 Kanal Sigma Profil<\/strong><br \/>\nHammadde:\u00a0 \u00a0 \u00a0\u00a0<strong>Aluminyum 6063-T5<\/strong><br \/>\nY\u00fczey:\u00a0 \u00a0 \u00a0 \u00a0 \u00a0 \u00a0 \u00a0\u00a0<strong>Mat Beyaz Eloksal\u00a0<\/strong><br \/>\nY\u00fckseklik:\u00a0 \u00a0 \u00a0 \u00a0\u00a0<strong>\u00a045.00mm\u00a0<\/strong><br \/>\nGeni\u015flik :\u00a0 \u00a0 \u00a0 \u00a0 \u00a0\u00a0<strong>45.00mm\u00a0<\/strong><br \/>\nUzunluk:\u00a0 \u00a0 \u00a0 \u00a0 \u00a0 \u00a0<strong>6000<\/strong>\u00a0<strong>mm\u00a0<\/strong><\/p>\n<p>D\u00fc\u015f\u00fck mukavemet gerektiren hafif \u015faselerde tercih edilirler. Makinalar\u0131n kapatma kabinleri pencere ve pano vb. yap\u0131m\u0131n da kullan\u0131lmaktad\u0131r.<\/p>\n","protected":false},"featured_media":3919,"template":"","meta":[],"product_brand":[],"product_cat":[67],"product_tag":[],"class_list":{"0":"post-3921","1":"product","2":"type-product","3":"status-publish","4":"has-post-thumbnail","6":"product_cat-sigma-profiller","8":"first","9":"outofstock","10":"taxable","11":"shipping-taxable","12":"product-type-simple"},"_links":{"self":[{"href":"https:\/\/asproms.com\/en\/wp-json\/wp\/v2\/product\/3921","targetHints":{"allow":["GET"]}}],"collection":[{"href":"https:\/\/asproms.com\/en\/wp-json\/wp\/v2\/product"}],"about":[{"href":"https:\/\/asproms.com\/en\/wp-json\/wp\/v2\/types\/product"}],"wp:featuredmedia":[{"embeddable":true,"href":"https:\/\/asproms.com\/en\/wp-json\/wp\/v2\/media\/3919"}],"wp:attachment":[{"href":"https:\/\/asproms.com\/en\/wp-json\/wp\/v2\/media?parent=3921"}],"wp:term":[{"taxonomy":"product_brand","embeddable":true,"href":"https:\/\/asproms.com\/en\/wp-json\/wp\/v2\/product_brand?post=3921"},{"taxonomy":"product_cat","embeddable":true,"href":"https:\/\/asproms.com\/en\/wp-json\/wp\/v2\/product_cat?post=3921"},{"taxonomy":"product_tag","embeddable":true,"href":"https:\/\/asproms.com\/en\/wp-json\/wp\/v2\/product_tag?post=3921"}],"curies":[{"name":"wp","href":"https:\/\/api.w.org\/{rel}","templated":true}]}}