{"id":3912,"date":"2018-05-07T21:01:00","date_gmt":"2018-05-07T18:01:00","guid":{"rendered":"http:\/\/localhost\/lydia\/product\/t-slot-40x40-g-series\/"},"modified":"2023-05-19T15:34:29","modified_gmt":"2023-05-19T12:34:29","slug":"t-slot-40x40-g-series","status":"publish","type":"product","link":"https:\/\/asproms.com\/en\/product\/t-slot-40x40-g-series\/","title":{"rendered":"Sigma Profil 40&#215;40 G Serisi"},"content":{"rendered":"<p>Type: \u00a0\u00a0\u00a0\u00a0\u00a0\u00a0\u00a0\u00a0\u00a0<strong>\u00a0T-Slot Extrusions<\/strong><br \/>\nMaterial: \u00a0\u00a0<strong>Aluminum 6063-T5<\/strong><br \/>\nSurface: \u00a0\u00a0\u00a0\u00a0<strong>Natural Anodised<\/strong><br \/>\nHeight: \u00a0 \u00a0 \u00a0 <strong> 40.00mm \/ 1.57&#8243;<\/strong><br \/>\nWidth: \u00a0 \u00a0 \u00a0 \u00a0<strong>40.00mm \/ 1.57&#8243;<\/strong><\/p>\n","protected":false},"excerpt":{"rendered":"<p>Kategori: \u00a0\u00a0\u00a0\u00a0\u00a0\u00a0\u00a0\u00a0\u00a0<strong>\u00a010 Kanal Sigma Profil<\/strong><br \/>\nHammadde:\u00a0 \u00a0 \u00a0\u00a0<strong>Aluminyum 6063-T5<\/strong><br \/>\nY\u00fczey:\u00a0 \u00a0 \u00a0 \u00a0 \u00a0 \u00a0 \u00a0 \u00a0\u00a0<strong>Mat Beyaz Eloksal\u00a0<\/strong><br \/>\nY\u00fckseklik:\u00a0 \u00a0 \u00a0 \u00a0 \u00a0<strong>\u00a040.00mm\u00a0<\/strong><br \/>\nGeni\u015flik :\u00a0 \u00a0 \u00a0 \u00a0 \u00a0\u00a0<strong>\u00a040.00mm\u00a0<\/strong><br \/>\nUzunluk:\u00a0 \u00a0 \u00a0 \u00a0 \u00a0 \u00a0\u00a0<strong>6000<\/strong>\u00a0<strong>mm\u00a0<\/strong><\/p>\n<p>Hafif \u015faselerde, genel kabin uygulamalar\u0131nda ve konvey\u00f6r \u015fase ayaklar\u0131nda kullan\u0131labilmesi m\u00fcmk\u00fcnd\u00fcr. Hafif konstr\u00fcksiyon yap\u0131lar\u0131nda panel, \u015fase ve b\u00f6lme ayaklar\u0131nda, platformlar\u0131n kiri\u015flerinde vb. uygulamalarda kullan\u0131la bilmesi m\u00fcmk\u00fcnd\u00fcr.<\/p>\n","protected":false},"featured_media":3910,"template":"","meta":[],"product_brand":[],"product_cat":[67],"product_tag":[],"class_list":{"0":"post-3912","1":"product","2":"type-product","3":"status-publish","4":"has-post-thumbnail","6":"product_cat-sigma-profiller","8":"first","9":"outofstock","10":"taxable","11":"shipping-taxable","12":"product-type-simple"},"_links":{"self":[{"href":"https:\/\/asproms.com\/en\/wp-json\/wp\/v2\/product\/3912","targetHints":{"allow":["GET"]}}],"collection":[{"href":"https:\/\/asproms.com\/en\/wp-json\/wp\/v2\/product"}],"about":[{"href":"https:\/\/asproms.com\/en\/wp-json\/wp\/v2\/types\/product"}],"wp:featuredmedia":[{"embeddable":true,"href":"https:\/\/asproms.com\/en\/wp-json\/wp\/v2\/media\/3910"}],"wp:attachment":[{"href":"https:\/\/asproms.com\/en\/wp-json\/wp\/v2\/media?parent=3912"}],"wp:term":[{"taxonomy":"product_brand","embeddable":true,"href":"https:\/\/asproms.com\/en\/wp-json\/wp\/v2\/product_brand?post=3912"},{"taxonomy":"product_cat","embeddable":true,"href":"https:\/\/asproms.com\/en\/wp-json\/wp\/v2\/product_cat?post=3912"},{"taxonomy":"product_tag","embeddable":true,"href":"https:\/\/asproms.com\/en\/wp-json\/wp\/v2\/product_tag?post=3912"}],"curies":[{"name":"wp","href":"https:\/\/api.w.org\/{rel}","templated":true}]}}