{"id":3897,"date":"2018-05-07T20:23:00","date_gmt":"2018-05-07T17:23:00","guid":{"rendered":"http:\/\/localhost\/lydia\/product\/t-slot-120x40-s-series\/"},"modified":"2023-05-19T15:52:02","modified_gmt":"2023-05-19T12:52:02","slug":"t-slot-120x40-s-series","status":"publish","type":"product","link":"https:\/\/asproms.com\/en\/product\/t-slot-120x40-s-series\/","title":{"rendered":"Sigma Profil 120&#215;40 S Serisi"},"content":{"rendered":"<p>Type: \u00a0\u00a0\u00a0\u00a0\u00a0\u00a0\u00a0\u00a0\u00a0<strong>\u00a0T-Slot Extrusions<\/strong><br \/>\nMaterial: \u00a0\u00a0<strong>Aluminum 6063-T5<\/strong><br \/>\nSurface: \u00a0\u00a0\u00a0\u00a0<strong>Natural Anodised<\/strong><br \/>\nHeight: \u00a0 \u00a0 \u00a0 <strong> 40.00mm \/ 1.57&#8243;<\/strong><br \/>\nWidth: \u00a0 \u00a0 \u00a0 \u00a0<strong>120.00mm \/ 4.72&#8243;<\/strong><\/p>\n","protected":false},"excerpt":{"rendered":"<p>Kategori: \u00a0\u00a0\u00a0\u00a0\u00a0\u00a0\u00a0\u00a0\u00a0<strong>\u00a010 Kanal Sigma Profil<\/strong><br \/>\nHammadde:\u00a0 \u00a0 \u00a0\u00a0<strong>Aluminyum 6063-T5<\/strong><br \/>\nY\u00fczey:\u00a0 \u00a0 \u00a0 \u00a0 \u00a0 \u00a0 \u00a0\u00a0<strong>Mat Beyaz Eloksal\u00a0<\/strong><br \/>\nY\u00fckseklik:\u00a0 \u00a0 \u00a0 \u00a0\u00a0<strong>\u00a040.00mm\u00a0<\/strong><br \/>\nGeni\u015flik :\u00a0 \u00a0 \u00a0 \u00a0 \u00a0\u00a0<strong>120.00mm\u00a0<\/strong><br \/>\nUzunluk:\u00a0 \u00a0 \u00a0 \u00a0 \u00a0 \u00a0<strong>6000<\/strong>\u00a0<strong>mm\u00a0<\/strong><\/p>\n<p>D\u00fc\u015f\u00fck Y\u00fck g\u00f6ren yerlerde, makina g\u00f6vde, rekonstr\u00fcksiyonlar\u0131nda istenilen mukavementi sa\u011flar.<\/p>\n","protected":false},"featured_media":3895,"template":"","meta":[],"product_brand":[],"product_cat":[112],"product_tag":[],"class_list":{"0":"post-3897","1":"product","2":"type-product","3":"status-publish","4":"has-post-thumbnail","6":"product_cat-sigma-profiles","8":"first","9":"outofstock","10":"taxable","11":"shipping-taxable","12":"product-type-simple"},"_links":{"self":[{"href":"https:\/\/asproms.com\/en\/wp-json\/wp\/v2\/product\/3897","targetHints":{"allow":["GET"]}}],"collection":[{"href":"https:\/\/asproms.com\/en\/wp-json\/wp\/v2\/product"}],"about":[{"href":"https:\/\/asproms.com\/en\/wp-json\/wp\/v2\/types\/product"}],"wp:featuredmedia":[{"embeddable":true,"href":"https:\/\/asproms.com\/en\/wp-json\/wp\/v2\/media\/3895"}],"wp:attachment":[{"href":"https:\/\/asproms.com\/en\/wp-json\/wp\/v2\/media?parent=3897"}],"wp:term":[{"taxonomy":"product_brand","embeddable":true,"href":"https:\/\/asproms.com\/en\/wp-json\/wp\/v2\/product_brand?post=3897"},{"taxonomy":"product_cat","embeddable":true,"href":"https:\/\/asproms.com\/en\/wp-json\/wp\/v2\/product_cat?post=3897"},{"taxonomy":"product_tag","embeddable":true,"href":"https:\/\/asproms.com\/en\/wp-json\/wp\/v2\/product_tag?post=3897"}],"curies":[{"name":"wp","href":"https:\/\/api.w.org\/{rel}","templated":true}]}}