{"id":3888,"date":"2018-05-07T17:18:00","date_gmt":"2018-05-07T14:18:00","guid":{"rendered":"http:\/\/localhost\/lydia\/product\/551asl\/"},"modified":"2024-02-24T23:09:15","modified_gmt":"2024-02-24T20:09:15","slug":"551-asl","status":"publish","type":"product","link":"https:\/\/asproms.com\/en\/product\/551-asl\/","title":{"rendered":"551 ASL"},"content":{"rendered":"<p>The <em><strong>551 ASL\u00a0<\/strong><\/em>is an easy-to-install\u00a0<strong>Wallwasher Housing\u00a0<\/strong>profile with a\u00a0<strong>heatsink insert<\/strong>,<strong><em>2146<\/em>\u00a0ASL, <\/strong>that is compatible with\u00a0<strong>LED lighting sources up-to 27mm (1.06\u201d) wide.\u00a0<\/strong>Thanks to its\u00a0<strong>mounting channel<\/strong>, it features a\u00a0<strong>wide range of installation options<\/strong>. The 551ASL offers\u00a0<strong>PC End-Cap\u00a0<\/strong>option.<\/p>\n<p>*Must be ordered separately<\/p>\n<p>Type: \u00a0\u00a0\u00a0\u00a0\u00a0\u00a0\u00a0\u00a0\u00a0<strong>\u00a0Linear Wall Washer Housing<\/strong><br \/>\nMaterial: \u00a0\u00a0<strong>Aluminum 6063-T5<\/strong><br \/>\nSurface: \u00a0\u00a0\u00a0\u00a0<strong>Natural Anodised<\/strong><br \/>\nHeight: \u00a0 \u00a0 \u00a0 <strong>64.10mm \/ 2.52&#8243;<\/strong><br \/>\nWidth: \u00a0 \u00a0 \u00a0 \u00a0<strong>38.50mm \/ 1.52&#8243;<\/strong><\/p>\n","protected":false},"excerpt":{"rendered":"<pre id=\"tw-target-text\" class=\"tw-data-text tw-text-large tw-ta\" dir=\"ltr\" data-placeholder=\"\u00c7eviri\"><span class=\"Y2IQFc\" lang=\"tr\"><em><strong>551 ASL<\/strong><\/em>, 27 mm (1,06 in\u00e7) geni\u015fli\u011fe kadar LED ayd\u0131nlatma kaynaklar\u0131yla uyumlu,\r\n<strong><em>2146<\/em>\u00a0ASL<\/strong> so\u011futucu eklentisine sahip, \r\nkurulumu kolay bir Wallwasher Muhafaza profilidir. \r\nMontaj kanal\u0131 sayesinde \u00e7ok \u00e7e\u015fitli montaj se\u00e7eneklerine sahiptir.\r\nASLP-551, PC Sonland\u0131rma Kapa\u011f\u0131 se\u00e7ene\u011fi sunar.\r\n\r\n*Ayr\u0131 olarak sipari\u015f edilmelidir\r\n\r\nT\u00fcr: Linear Wallwasher\r\nMalzeme: Al\u00fcminyum 6063-T5\r\nY\u00fczey: Matbeyaz Eloksall\u0131\r\nY\u00fckseklik: 64,10 mm \/ 2,52\"\r\nGeni\u015flik: 38,50 mm \/ 1,52\"\r\nUzunluk : 6100 mm <\/span><\/pre>\n","protected":false},"featured_media":3882,"template":"","meta":[],"product_brand":[],"product_cat":[123],"product_tag":[],"class_list":{"0":"post-3888","1":"product","2":"type-product","3":"status-publish","4":"has-post-thumbnail","6":"product_cat-duvar-boyama-kasalari","8":"first","9":"outofstock","10":"taxable","11":"shipping-taxable","12":"product-type-simple"},"_links":{"self":[{"href":"https:\/\/asproms.com\/en\/wp-json\/wp\/v2\/product\/3888","targetHints":{"allow":["GET"]}}],"collection":[{"href":"https:\/\/asproms.com\/en\/wp-json\/wp\/v2\/product"}],"about":[{"href":"https:\/\/asproms.com\/en\/wp-json\/wp\/v2\/types\/product"}],"wp:featuredmedia":[{"embeddable":true,"href":"https:\/\/asproms.com\/en\/wp-json\/wp\/v2\/media\/3882"}],"wp:attachment":[{"href":"https:\/\/asproms.com\/en\/wp-json\/wp\/v2\/media?parent=3888"}],"wp:term":[{"taxonomy":"product_brand","embeddable":true,"href":"https:\/\/asproms.com\/en\/wp-json\/wp\/v2\/product_brand?post=3888"},{"taxonomy":"product_cat","embeddable":true,"href":"https:\/\/asproms.com\/en\/wp-json\/wp\/v2\/product_cat?post=3888"},{"taxonomy":"product_tag","embeddable":true,"href":"https:\/\/asproms.com\/en\/wp-json\/wp\/v2\/product_tag?post=3888"}],"curies":[{"name":"wp","href":"https:\/\/api.w.org\/{rel}","templated":true}]}}