{"id":3881,"date":"2018-05-07T17:07:00","date_gmt":"2018-05-07T14:07:00","guid":{"rendered":"http:\/\/localhost\/lydia\/product\/521asl\/"},"modified":"2023-05-19T16:11:26","modified_gmt":"2023-05-19T13:11:26","slug":"521asl","status":"publish","type":"product","link":"https:\/\/asproms.com\/en\/product\/521asl\/","title":{"rendered":"521ASL"},"content":{"rendered":"<p>The\u00a0<strong>521ASL\u00a0<\/strong>is an easy-to-install\u00a0<strong>Wallwasher Housing\u00a0<\/strong>profile with a\u00a0<strong>heatsink insert<\/strong>,\u00a0<strong>2146ASL*,\u00a0<\/strong>that is compatible with\u00a0<strong>LED lighting sources up-to 27mm (1.06\u201d) wide.\u00a0<\/strong>Thanks to its\u00a0<strong>mounting channels on bottom and two sides<\/strong>, it features a\u00a0<strong>wide range of installation options<\/strong>. The 521ASL offers\u00a0<strong>PC and Metal End-Cap\u00a0<\/strong>options.<\/p>\n<p>*Must be ordered separately<\/p>\n<p>Type: \u00a0\u00a0\u00a0\u00a0\u00a0\u00a0\u00a0\u00a0\u00a0<strong>\u00a0Linear Wall Washer Housing<\/strong><br \/>\nMaterial: \u00a0\u00a0<strong>Aluminum 6063-T5<\/strong><br \/>\nSurface: \u00a0\u00a0\u00a0\u00a0<strong>Natural Anodised<\/strong><br \/>\nHeight: \u00a0 \u00a0 \u00a0 <strong>60.00mm \/ 2.36&#8243;<\/strong><br \/>\nWidth: \u00a0 \u00a0 \u00a0 \u00a0<strong>50.00mm \/ 1.97&#8243;<\/strong><\/p>\n","protected":false},"excerpt":{"rendered":"<pre id=\"tw-target-text\" class=\"tw-data-text tw-text-large tw-ta\" dir=\"ltr\" data-placeholder=\"\u00c7eviri\"><span class=\"Y2IQFc\" lang=\"tr\">521ASL, 27 mm (1,06 in\u00e7) geni\u015fli\u011fe kadar LED ayd\u0131nlatma kaynaklar\u0131yla uyumlu,\u00a0\r\n2146ASL*\u00a0so\u011futma blo\u011fu ekine sahip, \r\nkurulumu kolay bir Wallwasher Muhafaza\u00a0profilidir. \r\nAltta ve iki yanda bulunan montaj kanallar\u0131 sayesinde geni\u015f montaj se\u00e7eneklerine sahiptir. \r\n521ASL, PC ve Metal U\u00e7 Kapa\u011f\u0131 se\u00e7enekleri sunar.\r\n\r\n*Ayr\u0131 olarak sipari\u015f edilmelidir\r\n\r\nT\u00fcr: Al\u00fcminyum Wallwasher \u00a0\u00a0\u00a0\u00a0\u00a0\u00a0\u00a0\u00a0\u00a0\u00a0\r\nMalzeme: Al\u00fcminyum 6063-T5\r\nY\u00fczey: Mat beyaz Eloksall\u0131\r\nY\u00fckseklik: 60,00 mm \/ 2,36\"\r\nGeni\u015flik: 50,00 mm \/ 1,97\"\r\nUzunluk : 6100 mm <\/span><\/pre>\n","protected":false},"featured_media":3875,"template":"","meta":[],"product_brand":[],"product_cat":[123],"product_tag":[],"class_list":{"0":"post-3881","1":"product","2":"type-product","3":"status-publish","4":"has-post-thumbnail","6":"product_cat-duvar-boyama-kasalari","8":"first","9":"outofstock","10":"taxable","11":"shipping-taxable","12":"product-type-simple"},"_links":{"self":[{"href":"https:\/\/asproms.com\/en\/wp-json\/wp\/v2\/product\/3881","targetHints":{"allow":["GET"]}}],"collection":[{"href":"https:\/\/asproms.com\/en\/wp-json\/wp\/v2\/product"}],"about":[{"href":"https:\/\/asproms.com\/en\/wp-json\/wp\/v2\/types\/product"}],"wp:featuredmedia":[{"embeddable":true,"href":"https:\/\/asproms.com\/en\/wp-json\/wp\/v2\/media\/3875"}],"wp:attachment":[{"href":"https:\/\/asproms.com\/en\/wp-json\/wp\/v2\/media?parent=3881"}],"wp:term":[{"taxonomy":"product_brand","embeddable":true,"href":"https:\/\/asproms.com\/en\/wp-json\/wp\/v2\/product_brand?post=3881"},{"taxonomy":"product_cat","embeddable":true,"href":"https:\/\/asproms.com\/en\/wp-json\/wp\/v2\/product_cat?post=3881"},{"taxonomy":"product_tag","embeddable":true,"href":"https:\/\/asproms.com\/en\/wp-json\/wp\/v2\/product_tag?post=3881"}],"curies":[{"name":"wp","href":"https:\/\/api.w.org\/{rel}","templated":true}]}}