{"id":3874,"date":"2018-05-07T16:45:00","date_gmt":"2018-05-07T13:45:00","guid":{"rendered":"http:\/\/localhost\/lydia\/product\/511asl\/"},"modified":"2023-05-19T16:40:49","modified_gmt":"2023-05-19T13:40:49","slug":"511asl","status":"publish","type":"product","link":"https:\/\/asproms.com\/en\/product\/511asl\/","title":{"rendered":"511ASL"},"content":{"rendered":"<p>The\u00a0<strong>511ASL\u00a0<\/strong>is a\u00a0<strong>Linear Wall Washer Housing\u00a0<\/strong>profile compatible with\u00a0<strong>LED lighting sources up-to 30mm (1.18\u201d) wide.\u00a0<\/strong>Thanks to its\u00a0<strong>mounting channels on bottom and two sides<\/strong>, it features a\u00a0<strong>wide range of installation options<\/strong>. The 511ASL offers\u00a0<strong>PC and Metal End-Cap\u00a0<\/strong>options.<\/p>\n<p>Type: \u00a0\u00a0\u00a0\u00a0\u00a0\u00a0\u00a0\u00a0\u00a0<strong>\u00a0Linear Wall Washer Housing<\/strong><br \/>\nMaterial: \u00a0\u00a0<strong>Aluminum 6063-T5<\/strong><br \/>\nSurface: \u00a0\u00a0\u00a0\u00a0<strong>Natural Anodised<\/strong><br \/>\nHeight: \u00a0 \u00a0 \u00a0 <strong>60.00mm \/ 2.36&#8243;<\/strong><br \/>\nWidth: \u00a0 \u00a0 \u00a0 \u00a0<strong>50.00mm \/ 1.97&#8243;<\/strong><\/p>\n","protected":false},"excerpt":{"rendered":"<pre id=\"tw-target-text\" class=\"tw-data-text tw-text-large tw-ta\" dir=\"ltr\" data-placeholder=\"\u00c7eviri\"><span class=\"Y2IQFc\" lang=\"tr\">511ASL, 30 mm (1,18 in\u00e7) geni\u015fli\u011fe kadar LED ayd\u0131nlatma kaynaklar\u0131yla uyumlu bir Al\u00fcminyum Wallwasher profilidir. \r\nAltta ve iki yanda bulunan montaj kanallar\u0131 sayesinde geni\u015f montaj se\u00e7eneklerine sahiptir. \r\n511ASL, PC ve Metal Sonland\u0131rma Kapa\u011f\u0131 se\u00e7enekleri sunar.\r\n\r\nT\u00fcr: Al\u00fcminyum Wallwasher \r\nMalzeme: Al\u00fcminyum 6063-T5\r\nY\u00fczey: Mat Beyaz Eloksall\u0131\r\nY\u00fckseklik: 60,00 mm \/ 2,36\"\r\nGeni\u015flik: 50,00 mm \/ 1,97\"\r\nUzunluk : 6100 mm<\/span><\/pre>\n","protected":false},"featured_media":3868,"template":"","meta":[],"product_brand":[],"product_cat":[123],"product_tag":[],"class_list":{"0":"post-3874","1":"product","2":"type-product","3":"status-publish","4":"has-post-thumbnail","6":"product_cat-duvar-boyama-kasalari","8":"first","9":"outofstock","10":"taxable","11":"shipping-taxable","12":"product-type-simple"},"_links":{"self":[{"href":"https:\/\/asproms.com\/en\/wp-json\/wp\/v2\/product\/3874","targetHints":{"allow":["GET"]}}],"collection":[{"href":"https:\/\/asproms.com\/en\/wp-json\/wp\/v2\/product"}],"about":[{"href":"https:\/\/asproms.com\/en\/wp-json\/wp\/v2\/types\/product"}],"wp:featuredmedia":[{"embeddable":true,"href":"https:\/\/asproms.com\/en\/wp-json\/wp\/v2\/media\/3868"}],"wp:attachment":[{"href":"https:\/\/asproms.com\/en\/wp-json\/wp\/v2\/media?parent=3874"}],"wp:term":[{"taxonomy":"product_brand","embeddable":true,"href":"https:\/\/asproms.com\/en\/wp-json\/wp\/v2\/product_brand?post=3874"},{"taxonomy":"product_cat","embeddable":true,"href":"https:\/\/asproms.com\/en\/wp-json\/wp\/v2\/product_cat?post=3874"},{"taxonomy":"product_tag","embeddable":true,"href":"https:\/\/asproms.com\/en\/wp-json\/wp\/v2\/product_tag?post=3874"}],"curies":[{"name":"wp","href":"https:\/\/api.w.org\/{rel}","templated":true}]}}