{"id":3867,"date":"2018-05-07T16:34:00","date_gmt":"2018-05-07T13:34:00","guid":{"rendered":"http:\/\/localhost\/lydia\/product\/501asl\/"},"modified":"2023-05-19T16:43:35","modified_gmt":"2023-05-19T13:43:35","slug":"501asl","status":"publish","type":"product","link":"https:\/\/asproms.com\/en\/product\/501asl\/","title":{"rendered":"501ASL"},"content":{"rendered":"<p>The\u00a0<strong>501ASL\u00a0<\/strong>is an easy-to-install slimline\u00a0<strong>Linear Wall Washer Housing\u00a0<\/strong>profile with a\u00a0<strong>heatsink insert, 2146ASL*,\u00a0<\/strong>that is compatible with\u00a0<strong>LED lighting sources up-to 27mm (1.06\u201d) wide.\u00a0<\/strong>Thanks to its\u00a0<strong>mounting channel<\/strong>, it features a\u00a0<strong>wide range of installation options<\/strong>. The 501ASL offers\u00a0<strong>PC and Metal End-Cap\u00a0<\/strong>options.<\/p>\n<p>*Must be ordered separately<\/p>\n<p>Type: \u00a0\u00a0\u00a0\u00a0\u00a0\u00a0\u00a0\u00a0\u00a0<strong>\u00a0Linear Wall Washer Housing<\/strong><br \/>\nMaterial: \u00a0\u00a0<strong>Aluminum 6063-T5<\/strong><br \/>\nSurface: \u00a0\u00a0\u00a0\u00a0<strong>Natural Anodised<\/strong><br \/>\nHeight: \u00a0 \u00a0 \u00a0 <strong>61.10mm \/ 2.41&#8243;<\/strong><br \/>\nWidth: \u00a0 \u00a0 \u00a0 \u00a0<strong>34.40mm \/ 1.35&#8243;<\/strong><\/p>\n","protected":false},"excerpt":{"rendered":"<pre id=\"tw-target-text\" class=\"tw-data-text tw-text-large tw-ta\" dir=\"ltr\" data-placeholder=\"\u00c7eviri\"><span class=\"Y2IQFc\" lang=\"tr\">501ASL, 27 mm (1,06 in\u00e7) geni\u015fli\u011fe kadar LED ayd\u0131nlatma kaynaklar\u0131yla uyumlu, \r\n2146ASL* so\u011futucu ek par\u00e7as\u0131na sahip, kurulumu kolay, ince bir Lineer Wallwasher profilidir.\r\nMontaj kanal\u0131 sayesinde \u00e7ok \u00e7e\u015fitli montaj se\u00e7eneklerine sahiptir. \r\n501ASL, PC ve Metal sonland\u0131rma kapa\u011f\u0131 se\u00e7enekleri sunar.\r\n\r\n*Ayr\u0131 olarak sipari\u015f edilmelidir\r\n\r\nT\u00fcr: Al\u00fcminyum Wallwasher \r\nMalzeme: Al\u00fcminyum 6063-T5\r\nY\u00fczey: Mat Beyaz Eloksall\u0131\r\nY\u00fckseklik: 61,10 mm \/ 2,41\"\r\nGeni\u015flik: 34,40 mm \/ 1,35\"\r\nUzunluk : 6100 mm <\/span><\/pre>\n","protected":false},"featured_media":3860,"template":"","meta":[],"product_brand":[],"product_cat":[123],"product_tag":[],"class_list":{"0":"post-3867","1":"product","2":"type-product","3":"status-publish","4":"has-post-thumbnail","6":"product_cat-duvar-boyama-kasalari","8":"first","9":"outofstock","10":"taxable","11":"shipping-taxable","12":"product-type-simple"},"_links":{"self":[{"href":"https:\/\/asproms.com\/en\/wp-json\/wp\/v2\/product\/3867","targetHints":{"allow":["GET"]}}],"collection":[{"href":"https:\/\/asproms.com\/en\/wp-json\/wp\/v2\/product"}],"about":[{"href":"https:\/\/asproms.com\/en\/wp-json\/wp\/v2\/types\/product"}],"wp:featuredmedia":[{"embeddable":true,"href":"https:\/\/asproms.com\/en\/wp-json\/wp\/v2\/media\/3860"}],"wp:attachment":[{"href":"https:\/\/asproms.com\/en\/wp-json\/wp\/v2\/media?parent=3867"}],"wp:term":[{"taxonomy":"product_brand","embeddable":true,"href":"https:\/\/asproms.com\/en\/wp-json\/wp\/v2\/product_brand?post=3867"},{"taxonomy":"product_cat","embeddable":true,"href":"https:\/\/asproms.com\/en\/wp-json\/wp\/v2\/product_cat?post=3867"},{"taxonomy":"product_tag","embeddable":true,"href":"https:\/\/asproms.com\/en\/wp-json\/wp\/v2\/product_tag?post=3867"}],"curies":[{"name":"wp","href":"https:\/\/api.w.org\/{rel}","templated":true}]}}