{"id":3855,"date":"2018-05-07T16:25:00","date_gmt":"2018-05-07T13:25:00","guid":{"rendered":"http:\/\/localhost\/lydia\/product\/331asl\/"},"modified":"2023-05-22T14:59:26","modified_gmt":"2023-05-22T11:59:26","slug":"331asl","status":"publish","type":"product","link":"https:\/\/asproms.com\/en\/product\/331asl\/","title":{"rendered":"331ASL"},"content":{"rendered":"<p>The\u00a0<strong>331ASL\u00a0<\/strong>is a\u00a0<strong>Linear Wall Washer Housing\u00a0<\/strong>profile compatible with\u00a0<strong>LED lighting sources up-to 22mm (0.87\u201d) wide.\u00a0<\/strong>Thanks to its\u00a0<strong>mounting channel<\/strong>, it features a\u00a0<strong>wide range of installation options<\/strong>. The 331ASL offers\u00a0<strong>PC End-Cap\u00a0<\/strong>option.<\/p>\n<p>Type: \u00a0\u00a0\u00a0\u00a0\u00a0\u00a0\u00a0\u00a0\u00a0<strong>\u00a0Linear Wall Washer Housing<\/strong><br \/>\nMaterial: \u00a0\u00a0<strong>Aluminum 6063-T5<\/strong><br \/>\nSurface: \u00a0\u00a0\u00a0\u00a0<strong>Natural Anodised<\/strong><br \/>\nHeight: \u00a0 \u00a0 \u00a0 <strong>58.20mm \/ 2.30&#8243;<\/strong><br \/>\nWidth: \u00a0 \u00a0 \u00a0 \u00a0<strong>61.60mm \/ 2.43&#8243;<\/strong><\/p>\n","protected":false},"excerpt":{"rendered":"<pre id=\"tw-target-text\" class=\"tw-data-text tw-text-large tw-ta\" dir=\"ltr\" data-placeholder=\"\u00c7eviri\"><span class=\"Y2IQFc\" lang=\"tr\">331ASL, 22 mm (0,87 in\u00e7) geni\u015fli\u011fe kadar LED ayd\u0131nlatma kaynaklar\u0131yla uyumlu bir Wallwasher profilidir. \r\nMontaj kanal\u0131 sayesinde \u00e7ok \u00e7e\u015fitli montaj se\u00e7eneklerine sahiptir. \r\n331ASL, PC sonland\u0131rma kapa\u011f\u0131 se\u00e7ene\u011fi sunar.\r\n\r\nT\u00fcr: Al\u00fcminyum Wallwasher \r\nMalzeme: Al\u00fcminyum 6063-T5\r\nY\u00fczey: Matbeyaz Eloksall\u0131\r\nY\u00fckseklik:58,20 mm \r\nGeni\u015flik: 61,60 mm \r\nUzunluk : 6100 mm <\/span><\/pre>\n","protected":false},"featured_media":3850,"template":"","meta":[],"product_brand":[],"product_cat":[124],"product_tag":[],"class_list":{"0":"post-3855","1":"product","2":"type-product","3":"status-publish","4":"has-post-thumbnail","6":"product_cat-wall-washer-cases","8":"first","9":"outofstock","10":"taxable","11":"shipping-taxable","12":"product-type-simple"},"_links":{"self":[{"href":"https:\/\/asproms.com\/en\/wp-json\/wp\/v2\/product\/3855","targetHints":{"allow":["GET"]}}],"collection":[{"href":"https:\/\/asproms.com\/en\/wp-json\/wp\/v2\/product"}],"about":[{"href":"https:\/\/asproms.com\/en\/wp-json\/wp\/v2\/types\/product"}],"wp:featuredmedia":[{"embeddable":true,"href":"https:\/\/asproms.com\/en\/wp-json\/wp\/v2\/media\/3850"}],"wp:attachment":[{"href":"https:\/\/asproms.com\/en\/wp-json\/wp\/v2\/media?parent=3855"}],"wp:term":[{"taxonomy":"product_brand","embeddable":true,"href":"https:\/\/asproms.com\/en\/wp-json\/wp\/v2\/product_brand?post=3855"},{"taxonomy":"product_cat","embeddable":true,"href":"https:\/\/asproms.com\/en\/wp-json\/wp\/v2\/product_cat?post=3855"},{"taxonomy":"product_tag","embeddable":true,"href":"https:\/\/asproms.com\/en\/wp-json\/wp\/v2\/product_tag?post=3855"}],"curies":[{"name":"wp","href":"https:\/\/api.w.org\/{rel}","templated":true}]}}