{"id":3849,"date":"2018-05-07T16:15:00","date_gmt":"2018-05-07T13:15:00","guid":{"rendered":"http:\/\/localhost\/lydia\/product\/321asl\/"},"modified":"2023-05-22T15:02:47","modified_gmt":"2023-05-22T12:02:47","slug":"321asl","status":"publish","type":"product","link":"https:\/\/asproms.com\/en\/product\/321asl\/","title":{"rendered":"321ASL"},"content":{"rendered":"<p>The\u00a0<strong>321ASL\u00a0<\/strong>is a large-scale\u00a0<strong>Linear Wall Washer Housing\u00a0<\/strong>profile compatible with\u00a0<strong>LED lighting sources up-to 50mm (1.97\u201d) wide.\u00a0<\/strong>Thanks to its\u00a0<strong>mounting channel<\/strong>, it features a\u00a0<strong>wide range of installation options<\/strong>. The 321ASL offers\u00a0<strong>weatherproof-ready\u00a0<\/strong>installation with\u00a0<strong>Window Frame Sticks* and Window Seal*.<\/strong><\/p>\n<p><strong>PC and Metal End-Cap<\/strong>options are available for different application types.<\/p>\n<p>*Must be ordered separately<\/p>\n<p>Type: \u00a0\u00a0\u00a0\u00a0\u00a0\u00a0\u00a0\u00a0\u00a0<strong>\u00a0Linear Wall Washer Housing<\/strong><br \/>\nMaterial: \u00a0\u00a0<strong>Aluminum 6063-T5<\/strong><br \/>\nSurface: \u00a0\u00a0\u00a0\u00a0<strong>Natural Anodised<\/strong><br \/>\nHeight: \u00a0 \u00a0 \u00a0 <strong>97.60mm \/ 3.84&#8243;<\/strong><br \/>\nWidth: \u00a0 \u00a0 \u00a0 \u00a0<strong>72.30mm \/ 2.85&#8243;<\/strong><\/p>\n","protected":false},"excerpt":{"rendered":"<pre id=\"tw-target-text\" class=\"tw-data-text tw-text-large tw-ta\" dir=\"ltr\" data-placeholder=\"\u00c7eviri\"><span class=\"Y2IQFc\" lang=\"tr\">321ASL, 50 mm (1,97 in\u00e7) geni\u015fli\u011fe kadar LED ayd\u0131nlatma kaynaklar\u0131yla uyumlu b\u00fcy\u00fck \u00f6l\u00e7ekli bir Lineer Wallwasher profilidir. \r\nMontaj kanal\u0131 sayesinde \u00e7ok \u00e7e\u015fitli montaj se\u00e7eneklerine sahiptir. \r\n321ASL, Cam \u00e7itas\u0131 ve Pc Contas\u0131 ile hava ko\u015fullar\u0131na dayan\u0131kl\u0131 kurulum sunar.\r\nFarkl\u0131 uygulama t\u00fcrleri i\u00e7in PC ve Metal sonland\u0131rma Kapaklar\u0131 mevcuttur.\r\n*Ayr\u0131 olarak sipari\u015f edilmelidir\r\n\r\nT\u00fcr: Al\u00fcminyum Wallwasher \r\nMalzeme: Al\u00fcminyum 6063-T5\r\nY\u00fczey: \u00a0\u00a0\u00a0\u00a0Do\u011fal Eloksall\u0131\r\nY\u00fckseklik: 97,60 mm \r\nGeni\u015flik: 72,30 mm\r\nUzunluk : 6100 mm <\/span><\/pre>\n","protected":false},"featured_media":3841,"template":"","meta":[],"product_brand":[],"product_cat":[124],"product_tag":[],"class_list":{"0":"post-3849","1":"product","2":"type-product","3":"status-publish","4":"has-post-thumbnail","6":"product_cat-wall-washer-cases","8":"first","9":"outofstock","10":"taxable","11":"shipping-taxable","12":"product-type-simple"},"_links":{"self":[{"href":"https:\/\/asproms.com\/en\/wp-json\/wp\/v2\/product\/3849","targetHints":{"allow":["GET"]}}],"collection":[{"href":"https:\/\/asproms.com\/en\/wp-json\/wp\/v2\/product"}],"about":[{"href":"https:\/\/asproms.com\/en\/wp-json\/wp\/v2\/types\/product"}],"wp:featuredmedia":[{"embeddable":true,"href":"https:\/\/asproms.com\/en\/wp-json\/wp\/v2\/media\/3841"}],"wp:attachment":[{"href":"https:\/\/asproms.com\/en\/wp-json\/wp\/v2\/media?parent=3849"}],"wp:term":[{"taxonomy":"product_brand","embeddable":true,"href":"https:\/\/asproms.com\/en\/wp-json\/wp\/v2\/product_brand?post=3849"},{"taxonomy":"product_cat","embeddable":true,"href":"https:\/\/asproms.com\/en\/wp-json\/wp\/v2\/product_cat?post=3849"},{"taxonomy":"product_tag","embeddable":true,"href":"https:\/\/asproms.com\/en\/wp-json\/wp\/v2\/product_tag?post=3849"}],"curies":[{"name":"wp","href":"https:\/\/api.w.org\/{rel}","templated":true}]}}