{"id":3829,"date":"2018-05-07T15:54:00","date_gmt":"2018-05-07T12:54:00","guid":{"rendered":"http:\/\/localhost\/lydia\/product\/301asl\/"},"modified":"2023-05-22T15:32:11","modified_gmt":"2023-05-22T12:32:11","slug":"301asl","status":"publish","type":"product","link":"https:\/\/asproms.com\/en\/product\/301asl\/","title":{"rendered":"301ASL"},"content":{"rendered":"<p>The\u00a0<strong>301ASL\u00a0<\/strong>is a large-scale\u00a0<strong>Linear Wall Washer Housing\u00a0<\/strong>profile compatible with\u00a0<strong>LED lighting sources up-to 54mm (2.12\u201d) wide.\u00a0<\/strong>It has a\u00a0<strong>flat-bottom design\u00a0<\/strong>for surface mount applications and offers\u00a0<strong>PC End-Cap\u00a0<\/strong>option.<\/p>\n<p>Type: \u00a0\u00a0\u00a0\u00a0\u00a0\u00a0\u00a0\u00a0\u00a0<strong>\u00a0Linear Wall Washer Housing<\/strong><br \/>\nMaterial: \u00a0\u00a0<strong>Aluminum 6063-T5<\/strong><br \/>\nSurface: \u00a0\u00a0\u00a0\u00a0<strong>Natural Anodised<\/strong><br \/>\nHeight: \u00a0 \u00a0 \u00a0 <strong>81.00mm \/ 3.19&#8243;<\/strong><br \/>\nWidth: \u00a0 \u00a0 \u00a0 \u00a0<strong>77.60mm \/ 3.06&#8243;<\/strong><\/p>\n","protected":false},"excerpt":{"rendered":"<pre id=\"tw-target-text\" class=\"tw-data-text tw-text-large tw-ta\" dir=\"ltr\" data-placeholder=\"\u00c7eviri\"><span class=\"Y2IQFc\" lang=\"tr\">301ASL, 54 mm (2,12\") geni\u015fli\u011fe kadar LED ayd\u0131nlatma kaynaklar\u0131yla uyumlu b\u00fcy\u00fck \u00f6l\u00e7ekli bir Lineer Wallwasher profilidir.\r\nY\u00fczeye montaj uygulamalar\u0131 i\u00e7in d\u00fcz tabanl\u0131 bir tasar\u0131ma sahiptir ve PC sonland\u0131rma Kapa\u011f\u0131 se\u00e7ene\u011fi sunar.\r\n\r\nT\u00fcr: Al\u00fcminyum Wallwasher\r\nMalzeme: Al\u00fcminyum 6063-T5\r\nY\u00fczey: Mat beyaz Eloksall\u0131\r\nY\u00fckseklik: 81,00 mm \r\nGeni\u015flik: 77,60 mm \r\nUzunluk : 6100 mm <\/span><\/pre>\n","protected":false},"featured_media":3824,"template":"","meta":[],"product_brand":[],"product_cat":[123],"product_tag":[],"class_list":{"0":"post-3829","1":"product","2":"type-product","3":"status-publish","4":"has-post-thumbnail","6":"product_cat-duvar-boyama-kasalari","8":"first","9":"outofstock","10":"taxable","11":"shipping-taxable","12":"product-type-simple"},"_links":{"self":[{"href":"https:\/\/asproms.com\/en\/wp-json\/wp\/v2\/product\/3829","targetHints":{"allow":["GET"]}}],"collection":[{"href":"https:\/\/asproms.com\/en\/wp-json\/wp\/v2\/product"}],"about":[{"href":"https:\/\/asproms.com\/en\/wp-json\/wp\/v2\/types\/product"}],"wp:featuredmedia":[{"embeddable":true,"href":"https:\/\/asproms.com\/en\/wp-json\/wp\/v2\/media\/3824"}],"wp:attachment":[{"href":"https:\/\/asproms.com\/en\/wp-json\/wp\/v2\/media?parent=3829"}],"wp:term":[{"taxonomy":"product_brand","embeddable":true,"href":"https:\/\/asproms.com\/en\/wp-json\/wp\/v2\/product_brand?post=3829"},{"taxonomy":"product_cat","embeddable":true,"href":"https:\/\/asproms.com\/en\/wp-json\/wp\/v2\/product_cat?post=3829"},{"taxonomy":"product_tag","embeddable":true,"href":"https:\/\/asproms.com\/en\/wp-json\/wp\/v2\/product_tag?post=3829"}],"curies":[{"name":"wp","href":"https:\/\/api.w.org\/{rel}","templated":true}]}}