{"id":3823,"date":"2018-05-07T15:42:00","date_gmt":"2018-05-07T12:42:00","guid":{"rendered":"http:\/\/localhost\/lydia\/product\/211asl\/"},"modified":"2023-05-22T15:35:08","modified_gmt":"2023-05-22T12:35:08","slug":"211asl","status":"publish","type":"product","link":"https:\/\/asproms.com\/en\/product\/211asl\/","title":{"rendered":"211ASL"},"content":{"rendered":"<p>The\u00a0<strong>211ASL\u00a0<\/strong>is a\u00a0<strong>Linear Wall Washer Housing\u00a0<\/strong>profile compatible with\u00a0<strong>LED lighting sources up-to 32mm (1.26\u201d) wide.\u00a0<\/strong>Thanks to its\u00a0<strong>mounting channels on bottom and one side<\/strong>, it features a\u00a0<strong>wide range of installation options<\/strong>. The 211ASL offers\u00a0<strong>PC End-Cap\u00a0<\/strong>option. Also, the 201ASL End Caps are compatible with 211ASL.<\/p>\n<p>Type: \u00a0\u00a0\u00a0\u00a0\u00a0\u00a0\u00a0\u00a0\u00a0<strong>\u00a0Linear Wall Washer Housing<\/strong><br \/>\nMaterial: \u00a0\u00a0<strong>Aluminum 6063-T5<\/strong><br \/>\nSurface: \u00a0\u00a0\u00a0\u00a0<strong>Natural Anodised<\/strong><br \/>\nHeight: \u00a0 \u00a0 \u00a0 <strong>65.84mm \/ 2.59&#8243;<\/strong><br \/>\nWidth: \u00a0 \u00a0 \u00a0 \u00a0<strong>65.00mm \/ 2.56&#8243;<\/strong><\/p>\n","protected":false},"excerpt":{"rendered":"<pre id=\"tw-target-text\" class=\"tw-data-text tw-text-large tw-ta\" dir=\"ltr\" data-placeholder=\"\u00c7eviri\"><span class=\"Y2IQFc\" lang=\"tr\">211ASL, 32 mm geni\u015fli\u011fe kadar LED ayd\u0131nlatma kaynaklar\u0131yla uyumlu bir Wallwasher profilidir.\r\nAltta ve bir tarafta bulunan montaj kanallar\u0131 sayesinde geni\u015f montaj se\u00e7eneklerine sahiptir. \r\n211ASL, PC Sonlad\u0131rma Kapa\u011f\u0131 se\u00e7ene\u011fi sunar. Ayr\u0131ca 201ASL sonland\u0131rma Kapaklar\u0131, 211ASL ile uyumludur.\r\n\r\nT\u00fcr: Al\u00fcminyum Wallwasher\r\nMalzeme: Al\u00fcminyum 6063-T5\r\nY\u00fczey: Mat beyaz Eloksall\u0131\r\nY\u00fckseklik: 65,84 mm \r\nGeni\u015flik: 65,00 mm \r\nUzunluk : 6100 mm <\/span><\/pre>\n","protected":false},"featured_media":3817,"template":"","meta":[],"product_brand":[],"product_cat":[123],"product_tag":[],"class_list":{"0":"post-3823","1":"product","2":"type-product","3":"status-publish","4":"has-post-thumbnail","6":"product_cat-duvar-boyama-kasalari","8":"first","9":"outofstock","10":"taxable","11":"shipping-taxable","12":"product-type-simple"},"_links":{"self":[{"href":"https:\/\/asproms.com\/en\/wp-json\/wp\/v2\/product\/3823","targetHints":{"allow":["GET"]}}],"collection":[{"href":"https:\/\/asproms.com\/en\/wp-json\/wp\/v2\/product"}],"about":[{"href":"https:\/\/asproms.com\/en\/wp-json\/wp\/v2\/types\/product"}],"wp:featuredmedia":[{"embeddable":true,"href":"https:\/\/asproms.com\/en\/wp-json\/wp\/v2\/media\/3817"}],"wp:attachment":[{"href":"https:\/\/asproms.com\/en\/wp-json\/wp\/v2\/media?parent=3823"}],"wp:term":[{"taxonomy":"product_brand","embeddable":true,"href":"https:\/\/asproms.com\/en\/wp-json\/wp\/v2\/product_brand?post=3823"},{"taxonomy":"product_cat","embeddable":true,"href":"https:\/\/asproms.com\/en\/wp-json\/wp\/v2\/product_cat?post=3823"},{"taxonomy":"product_tag","embeddable":true,"href":"https:\/\/asproms.com\/en\/wp-json\/wp\/v2\/product_tag?post=3823"}],"curies":[{"name":"wp","href":"https:\/\/api.w.org\/{rel}","templated":true}]}}