{"id":3816,"date":"2018-05-07T15:09:00","date_gmt":"2018-05-07T12:09:00","guid":{"rendered":"http:\/\/localhost\/lydia\/product\/201asl\/"},"modified":"2023-05-22T15:37:14","modified_gmt":"2023-05-22T12:37:14","slug":"201asl","status":"publish","type":"product","link":"https:\/\/asproms.com\/en\/product\/201asl\/","title":{"rendered":"201ASL"},"content":{"rendered":"<p>The\u00a0<strong>201ASL\u00a0<\/strong>is a\u00a0<strong>Linear Wall Washer Housing\u00a0<\/strong>profile compatible with\u00a0<strong>LED lighting sources up-to 32mm (1.26\u201d) wide.\u00a0<\/strong>The 201ASL offers\u00a0<strong>PC and Metal End-Cap\u00a0<\/strong>options.<\/p>\n<p>Type: \u00a0\u00a0\u00a0\u00a0\u00a0\u00a0\u00a0\u00a0\u00a0<strong>\u00a0Linear Wall Washer Housing<\/strong><br \/>\nMaterial: \u00a0\u00a0<strong>Aluminum 6063-T5<\/strong><br \/>\nSurface: \u00a0\u00a0\u00a0\u00a0<strong>Natural Anodised<\/strong><br \/>\nHeight: \u00a0 \u00a0 \u00a0 <strong>66.92mm \/ 2.63&#8243;<\/strong><br \/>\nWidth: \u00a0 \u00a0 \u00a0 \u00a0<strong>65.00mm \/ 2.56&#8243;<\/strong><\/p>\n","protected":false},"excerpt":{"rendered":"<pre id=\"tw-target-text\" class=\"tw-data-text tw-text-large tw-ta\" dir=\"ltr\" data-placeholder=\"\u00c7eviri\"><span class=\"Y2IQFc\" lang=\"tr\">201ASL, 32 mm geni\u015fli\u011fe kadar LED ayd\u0131nlatma kaynaklar\u0131yla uyumlu bir Wallwasher profilidir. \r\n201ASL, PC ve Metal sonland\u0131rma Kapa\u011f\u0131 se\u00e7enekleri sunar.\r\n\r\nT\u00fcr: Al\u00fcminyum Wallwasher\r\nMalzeme: Al\u00fcminyum 6063-T5\r\nY\u00fczey: Mat beyaz Eloksall\u0131\r\nY\u00fckseklik: 66,92 mm \r\nGeni\u015flik: 65,00 mm \r\nUzunluk : 6100 mm <\/span><\/pre>\n","protected":false},"featured_media":3811,"template":"","meta":[],"product_brand":[],"product_cat":[123],"product_tag":[],"class_list":{"0":"post-3816","1":"product","2":"type-product","3":"status-publish","4":"has-post-thumbnail","6":"product_cat-duvar-boyama-kasalari","8":"first","9":"outofstock","10":"taxable","11":"shipping-taxable","12":"product-type-simple"},"_links":{"self":[{"href":"https:\/\/asproms.com\/en\/wp-json\/wp\/v2\/product\/3816","targetHints":{"allow":["GET"]}}],"collection":[{"href":"https:\/\/asproms.com\/en\/wp-json\/wp\/v2\/product"}],"about":[{"href":"https:\/\/asproms.com\/en\/wp-json\/wp\/v2\/types\/product"}],"wp:featuredmedia":[{"embeddable":true,"href":"https:\/\/asproms.com\/en\/wp-json\/wp\/v2\/media\/3811"}],"wp:attachment":[{"href":"https:\/\/asproms.com\/en\/wp-json\/wp\/v2\/media?parent=3816"}],"wp:term":[{"taxonomy":"product_brand","embeddable":true,"href":"https:\/\/asproms.com\/en\/wp-json\/wp\/v2\/product_brand?post=3816"},{"taxonomy":"product_cat","embeddable":true,"href":"https:\/\/asproms.com\/en\/wp-json\/wp\/v2\/product_cat?post=3816"},{"taxonomy":"product_tag","embeddable":true,"href":"https:\/\/asproms.com\/en\/wp-json\/wp\/v2\/product_tag?post=3816"}],"curies":[{"name":"wp","href":"https:\/\/api.w.org\/{rel}","templated":true}]}}