{"id":3810,"date":"2018-05-07T14:52:00","date_gmt":"2018-05-07T11:52:00","guid":{"rendered":"http:\/\/localhost\/lydia\/product\/101asl\/"},"modified":"2023-11-23T09:49:15","modified_gmt":"2023-11-23T06:49:15","slug":"101asl","status":"publish","type":"product","link":"https:\/\/asproms.com\/en\/product\/101asl\/","title":{"rendered":"101ASL"},"content":{"rendered":"<p>The\u00a0<strong>101ASL\u00a0<\/strong>is a easy-to-install <strong>Linear Wall Washer Housing\u00a0<\/strong>profile with a heatsink insert\u00a0<strong>101ASL-Slider*\u00a0<\/strong>that is compatible with\u00a0<strong>LED lighting sources up-to 29mm (1.14\u201d) wide.\u00a0<\/strong>Thanks to its\u00a0<strong>mounting channel<\/strong>, it features a\u00a0<strong>wide range of installation options<\/strong>. The 101ASL offers\u00a0<strong>PC and Metal End-Cap\u00a0<\/strong>options.<\/p>\n<p>*Must be ordered separately<\/p>\n<p>Type: \u00a0\u00a0\u00a0\u00a0\u00a0\u00a0\u00a0\u00a0\u00a0<strong>\u00a0Linear Wall Washer Housing<\/strong><br \/>\nMaterial: \u00a0\u00a0<strong>Aluminum 6063-T5<\/strong><br \/>\nSurface: \u00a0\u00a0\u00a0\u00a0<strong>Natural Anodised<\/strong><br \/>\nHeight: \u00a0 \u00a0 \u00a0 <strong>75.00mm \/ 2.95&#8243;<\/strong><br \/>\nWidth: \u00a0 \u00a0 \u00a0 \u00a0<strong>76.00mm \/ 2.99&#8243;<\/strong><\/p>\n","protected":false},"excerpt":{"rendered":"<pre id=\"tw-target-text\" class=\"tw-data-text tw-text-large tw-ta\" dir=\"ltr\" data-placeholder=\"\u00c7eviri\"><span class=\"Y2IQFc\" lang=\"tr\">101ASL, 29 mm geni\u015fli\u011fe kadar LED ayd\u0131nlatma kaynaklar\u0131yla uyumlu, profilden ayr\u0131 101ASL i\u00e7 s\u00fcrg\u00fc ile kurulumu kolay bir Wallwasher profilidir.\r\nMontaj kanal\u0131 sayesinde \u00e7ok \u00e7e\u015fitli montaj se\u00e7eneklerine sahiptir. \r\n101ASL, PC ve Metal sonland\u0131rma Kapa\u011f\u0131 se\u00e7enekleri sunar.\r\n*Ayr\u0131 olarak sipari\u015f edilmelidir\r\n\r\nT\u00fcr: Al\u00fcminyum Wallwasher\r\nMalzeme: Al\u00fcminyum 6063-T5\r\nY\u00fczey: Mat beyaz Eloksall\u0131\r\nY\u00fckseklik: 75,00 mm \r\nGeni\u015flik: 76,00 mm \r\nUzunluk : 6100 mm <\/span><\/pre>\n","protected":false},"featured_media":3801,"template":"","meta":[],"product_brand":[],"product_cat":[123],"product_tag":[],"class_list":{"0":"post-3810","1":"product","2":"type-product","3":"status-publish","4":"has-post-thumbnail","6":"product_cat-duvar-boyama-kasalari","8":"first","9":"outofstock","10":"taxable","11":"shipping-taxable","12":"product-type-simple"},"_links":{"self":[{"href":"https:\/\/asproms.com\/en\/wp-json\/wp\/v2\/product\/3810","targetHints":{"allow":["GET"]}}],"collection":[{"href":"https:\/\/asproms.com\/en\/wp-json\/wp\/v2\/product"}],"about":[{"href":"https:\/\/asproms.com\/en\/wp-json\/wp\/v2\/types\/product"}],"wp:featuredmedia":[{"embeddable":true,"href":"https:\/\/asproms.com\/en\/wp-json\/wp\/v2\/media\/3801"}],"wp:attachment":[{"href":"https:\/\/asproms.com\/en\/wp-json\/wp\/v2\/media?parent=3810"}],"wp:term":[{"taxonomy":"product_brand","embeddable":true,"href":"https:\/\/asproms.com\/en\/wp-json\/wp\/v2\/product_brand?post=3810"},{"taxonomy":"product_cat","embeddable":true,"href":"https:\/\/asproms.com\/en\/wp-json\/wp\/v2\/product_cat?post=3810"},{"taxonomy":"product_tag","embeddable":true,"href":"https:\/\/asproms.com\/en\/wp-json\/wp\/v2\/product_tag?post=3810"}],"curies":[{"name":"wp","href":"https:\/\/api.w.org\/{rel}","templated":true}]}}