{"id":3779,"date":"2018-05-05T04:18:00","date_gmt":"2018-05-05T01:18:00","guid":{"rendered":"http:\/\/localhost\/lydia\/product\/1906asl-driver-housing\/"},"modified":"2026-02-20T22:02:22","modified_gmt":"2026-02-20T19:02:22","slug":"1906asl-driver-housing","status":"publish","type":"product","link":"https:\/\/asproms.com\/en\/product\/1906asl-driver-housing\/","title":{"rendered":"1906ASL &#8211; Driver Housing"},"content":{"rendered":"<p>The\u00a0<strong>1906ASL\u00a0<\/strong>Profile is designed as a\u00a0<strong>Driver Housing\u00a0<\/strong>profile compatible with\u00a0<strong>902ASL, 903ASL<\/strong>.<\/p>\n<p>Inside dimensions of the 1906ASL are\u00a0<strong>Height 52mm (0.20\u201d)\u00a0<\/strong>and\u00a0<strong>Width 61mm (0.24\u201d).\u00a0<\/strong><\/p>\n<p>Type: \u00a0\u00a0\u00a0\u00a0\u00a0\u00a0\u00a0\u00a0\u00a0<strong> LED Driver Housing<\/strong><br \/>\nMaterial: \u00a0\u00a0<strong>Aluminum 6063-T5<\/strong><br \/>\nSurface: \u00a0\u00a0\u00a0\u00a0<strong>Natural Anodised<\/strong><br \/>\nHeight: \u00a0 \u00a0 \u00a0 <strong>57.40mm \/ 2.26&#8243;<\/strong><br \/>\nWidth: \u00a0 \u00a0 \u00a0 \u00a0<strong>75.40mm \/ 2.97&#8243;<\/strong><\/p>\n","protected":false},"excerpt":{"rendered":"<pre id=\"tw-target-text\" class=\"tw-data-text tw-text-large tw-ta\" dir=\"ltr\" data-placeholder=\"\u00c7eviri\"><span class=\"Y2IQFc\" lang=\"tr\">1906ASL Profili, 902ASL, 903ASL ile uyumlu bir S\u00fcr\u00fcc\u00fc Muhafazas\u0131 profili olarak tasarlanm\u0131\u015ft\u0131r.\r\n1906ASL'nin i\u00e7 boyutlar\u0131 Y\u00fckseklik 52 mm ve Geni\u015flik 61 mm'dir\r\n\r\nTip : LED S\u00fcr\u00fcc\u00fc Muhafazas\u0131\r\nMalzeme Al\u00fcminyum 6063-T5\r\nY\u00fczey : Mat beyaz Eloksall\u0131\r\nY\u00fckseklik 57,40 mm\r\nGeni\u015flik 75,40 mm \r\nUzunluk : 6100 mm <\/span><\/pre>\n","protected":false},"featured_media":3773,"template":"","meta":[],"product_brand":[],"product_cat":[108,124],"product_tag":[],"class_list":{"0":"post-3779","1":"product","2":"type-product","3":"status-publish","4":"has-post-thumbnail","6":"product_cat-driver-box-profiles","7":"product_cat-wall-washer-cases","9":"first","10":"outofstock","11":"taxable","12":"shipping-taxable","13":"product-type-simple"},"_links":{"self":[{"href":"https:\/\/asproms.com\/en\/wp-json\/wp\/v2\/product\/3779","targetHints":{"allow":["GET"]}}],"collection":[{"href":"https:\/\/asproms.com\/en\/wp-json\/wp\/v2\/product"}],"about":[{"href":"https:\/\/asproms.com\/en\/wp-json\/wp\/v2\/types\/product"}],"wp:featuredmedia":[{"embeddable":true,"href":"https:\/\/asproms.com\/en\/wp-json\/wp\/v2\/media\/3773"}],"wp:attachment":[{"href":"https:\/\/asproms.com\/en\/wp-json\/wp\/v2\/media?parent=3779"}],"wp:term":[{"taxonomy":"product_brand","embeddable":true,"href":"https:\/\/asproms.com\/en\/wp-json\/wp\/v2\/product_brand?post=3779"},{"taxonomy":"product_cat","embeddable":true,"href":"https:\/\/asproms.com\/en\/wp-json\/wp\/v2\/product_cat?post=3779"},{"taxonomy":"product_tag","embeddable":true,"href":"https:\/\/asproms.com\/en\/wp-json\/wp\/v2\/product_tag?post=3779"}],"curies":[{"name":"wp","href":"https:\/\/api.w.org\/{rel}","templated":true}]}}