{"id":3756,"date":"2018-05-05T03:31:00","date_gmt":"2018-05-05T00:31:00","guid":{"rendered":"http:\/\/localhost\/lydia\/product\/905asl-set-street-light\/"},"modified":"2023-05-22T15:58:13","modified_gmt":"2023-05-22T12:58:13","slug":"905asl-set-street-light","status":"publish","type":"product","link":"https:\/\/asproms.com\/en\/product\/905asl-set-street-light\/","title":{"rendered":"905ASL- Sokak Lambas\u0131 set"},"content":{"rendered":"<p><strong>905ASL Street Light Set<\/strong> is \u00a0offered as an\u00a0<strong>all-inclusive finished product<\/strong>\u00a0that includes special design <strong>Aluminum Side Covers with Gasket, Installation Sticks, a Polycarbonate\u00a0Window, Window Gasket and Screw Sets.<\/strong><\/p>\n<p>905ASL profile is designed to house\u00a0<strong>LED Drivers internally\u00a0<\/strong>which provides a neat appearance.<\/p>\n<p>LED Application surface is\u00a0<strong>135mm (5.31\u201d) x 235mm (9.25\u201d)<\/strong><\/p>\n<p><strong>Street Light\u00a0<\/strong>Set includes side covers that is compatible with <strong>street light poles 45mm in diameter<\/strong>.<\/p>\n<p>Type: \u00a0\u00a0\u00a0\u00a0\u00a0\u00a0\u00a0\u00a0\u00a0<strong> Flood &amp; Tunnel Light Housing<\/strong><br \/>\nMaterial: \u00a0\u00a0<strong>Aluminum 6063-T5<\/strong><br \/>\nSurface: \u00a0\u00a0\u00a0\u00a0<strong>Natural Anodised<\/strong><br \/>\nHeight: \u00a0 \u00a0 \u00a0 <strong>62.10mm \/ 2.44&#8243;<\/strong><br \/>\nWidth: \u00a0 \u00a0 \u00a0 \u00a0<strong>172.40mm \/ 6.79&#8243;<\/strong><\/p>\n","protected":false},"excerpt":{"rendered":"<pre id=\"tw-target-text\" class=\"tw-data-text tw-text-large tw-ta\" dir=\"ltr\" data-placeholder=\"\u00c7eviri\"><span class=\"Y2IQFc\" lang=\"tr\">905ASL Sokak Lambas\u0131 Seti, \u00f6zel tasar\u0131m Contal\u0131 Al\u00fcminyum Yan Kapaklar, Montaj \u00c7ubuklar\u0131, Polikarbon cam, Cam Contas\u0131 ve Vida Setleri i\u00e7eren her \u015fey dahil bitmi\u015f bir \u00fcr\u00fcn olarak sunulur.\r\n905ASL profili, d\u00fczg\u00fcn bir g\u00f6r\u00fcn\u00fcm sa\u011flayan LED S\u00fcr\u00fcc\u00fcleri dahili olarak bar\u0131nd\u0131racak \u015fekilde tasarlanm\u0131\u015ft\u0131r.\r\n\r\nLED Uygulama y\u00fczeyi 135 mm x 235 mm\r\nSokak Lambas\u0131 Seti, 45 mm \u00e7ap\u0131ndaki sokak lambas\u0131 direkleriyle uyumlu yan kapaklar i\u00e7erir.\r\n\r\n\r\nMalzeme: Al\u00fcminyum 6063-T5\r\nY\u00fczey: Mat beyaz Eloksall\u0131\r\nY\u00fckseklik: 62,10 mm \r\nGeni\u015flik: 172,40 mm <\/span><\/pre>\n","protected":false},"featured_media":3750,"template":"","meta":[],"product_brand":[],"product_cat":[64,122],"product_tag":[],"class_list":{"0":"post-3756","1":"product","2":"type-product","3":"status-publish","4":"has-post-thumbnail","6":"product_cat-projektor-ve-tunel-kasalari","7":"product_cat-sokak-lambalari","9":"first","10":"outofstock","11":"taxable","12":"shipping-taxable","13":"product-type-simple"},"_links":{"self":[{"href":"https:\/\/asproms.com\/en\/wp-json\/wp\/v2\/product\/3756","targetHints":{"allow":["GET"]}}],"collection":[{"href":"https:\/\/asproms.com\/en\/wp-json\/wp\/v2\/product"}],"about":[{"href":"https:\/\/asproms.com\/en\/wp-json\/wp\/v2\/types\/product"}],"wp:featuredmedia":[{"embeddable":true,"href":"https:\/\/asproms.com\/en\/wp-json\/wp\/v2\/media\/3750"}],"wp:attachment":[{"href":"https:\/\/asproms.com\/en\/wp-json\/wp\/v2\/media?parent=3756"}],"wp:term":[{"taxonomy":"product_brand","embeddable":true,"href":"https:\/\/asproms.com\/en\/wp-json\/wp\/v2\/product_brand?post=3756"},{"taxonomy":"product_cat","embeddable":true,"href":"https:\/\/asproms.com\/en\/wp-json\/wp\/v2\/product_cat?post=3756"},{"taxonomy":"product_tag","embeddable":true,"href":"https:\/\/asproms.com\/en\/wp-json\/wp\/v2\/product_tag?post=3756"}],"curies":[{"name":"wp","href":"https:\/\/api.w.org\/{rel}","templated":true}]}}