{"id":3749,"date":"2018-05-05T03:27:00","date_gmt":"2018-05-05T00:27:00","guid":{"rendered":"http:\/\/localhost\/lydia\/product\/903asl\/"},"modified":"2023-05-22T16:02:15","modified_gmt":"2023-05-22T13:02:15","slug":"903asl","status":"publish","type":"product","link":"https:\/\/asproms.com\/en\/product\/903asl\/","title":{"rendered":"903ASL"},"content":{"rendered":"<p>The\u00a0<strong>903ASL\u00a0<\/strong>is a\u00a0<strong>mid-sized\u00a0<\/strong>Flood &amp; Tunnel Light profile with an\u00a0<strong>application surface of 260mm (10.24\u201d) wide.\u00a0<\/strong>It is designed as a\u00a0<strong>heavy-duty\u00a0<\/strong>profile to provide\u00a0<strong>high capacity cooling\u00a0<\/strong>for high output led lighting applications.<\/p>\n<p>Type: \u00a0\u00a0\u00a0\u00a0\u00a0\u00a0\u00a0\u00a0\u00a0<strong> Flood &amp; Tunnel Light Housing<\/strong><br \/>\nMaterial: \u00a0\u00a0<strong>Aluminum 6063-T5<\/strong><br \/>\nSurface: \u00a0\u00a0\u00a0\u00a0<strong>Natural Anodised<\/strong><br \/>\nHeight: \u00a0 \u00a0 \u00a0 <strong>76.70mm \/ 3.02&#8243;<\/strong><br \/>\nWidth: \u00a0 \u00a0 \u00a0 \u00a0<strong>300.00mm \/ 11.81&#8243;<\/strong><\/p>\n","protected":false},"excerpt":{"rendered":"<pre id=\"tw-target-text\" class=\"tw-data-text tw-text-large tw-ta\" dir=\"ltr\" data-placeholder=\"\u00c7eviri\"><span class=\"Y2IQFc\" lang=\"tr\">903ASL, 260 mm geni\u015fli\u011finde bir uygulama y\u00fczeyine sahip orta boyutlu bir al\u00fcminyum led profilidir. \r\nY\u00fcksek \u00e7\u0131k\u0131\u015fl\u0131 led ayd\u0131nlatma uygulamalar\u0131 i\u00e7in y\u00fcksek kapasiteli so\u011futma sa\u011flamak \u00fczere a\u011f\u0131r hizmet profili olarak tasarlanm\u0131\u015ft\u0131r.\r\n300 mm , 400 mm ve 500 mm lik setler halinde stoklarda haz\u0131rda mevcuttur. Bu uzunluklar\u0131n haricinde so\u011futucu profil ve yan kapaklar olmak \u00fczere verilir. \r\n\r\nMalzeme: Al\u00fcminyum 6063-T5\r\nY\u00fczey: Mat beyaz Eloksall\u0131\r\nY\u00fckseklik: 76,70 mm\r\nGeni\u015flik: 300,00 mm<\/span><\/pre>\n","protected":false},"featured_media":3746,"template":"","meta":[],"product_brand":[],"product_cat":[64],"product_tag":[],"class_list":{"0":"post-3749","1":"product","2":"type-product","3":"status-publish","4":"has-post-thumbnail","6":"product_cat-projektor-ve-tunel-kasalari","8":"first","9":"outofstock","10":"taxable","11":"shipping-taxable","12":"product-type-simple"},"_links":{"self":[{"href":"https:\/\/asproms.com\/en\/wp-json\/wp\/v2\/product\/3749","targetHints":{"allow":["GET"]}}],"collection":[{"href":"https:\/\/asproms.com\/en\/wp-json\/wp\/v2\/product"}],"about":[{"href":"https:\/\/asproms.com\/en\/wp-json\/wp\/v2\/types\/product"}],"wp:featuredmedia":[{"embeddable":true,"href":"https:\/\/asproms.com\/en\/wp-json\/wp\/v2\/media\/3746"}],"wp:attachment":[{"href":"https:\/\/asproms.com\/en\/wp-json\/wp\/v2\/media?parent=3749"}],"wp:term":[{"taxonomy":"product_brand","embeddable":true,"href":"https:\/\/asproms.com\/en\/wp-json\/wp\/v2\/product_brand?post=3749"},{"taxonomy":"product_cat","embeddable":true,"href":"https:\/\/asproms.com\/en\/wp-json\/wp\/v2\/product_cat?post=3749"},{"taxonomy":"product_tag","embeddable":true,"href":"https:\/\/asproms.com\/en\/wp-json\/wp\/v2\/product_tag?post=3749"}],"curies":[{"name":"wp","href":"https:\/\/api.w.org\/{rel}","templated":true}]}}