{"id":3745,"date":"2018-05-05T03:19:00","date_gmt":"2018-05-05T00:19:00","guid":{"rendered":"http:\/\/localhost\/lydia\/product\/903asl-set\/"},"modified":"2023-05-22T16:16:46","modified_gmt":"2023-05-22T13:16:46","slug":"903asl-set","status":"publish","type":"product","link":"https:\/\/asproms.com\/en\/product\/903asl-set\/","title":{"rendered":"903ASL-Set"},"content":{"rendered":"<p>The\u00a0<strong>903ASL\u00a0<\/strong>is a\u00a0<strong>large-scale\u00a0<\/strong>Flood &amp; Tunnel Light profile with an\u00a0<strong>application surface of 260mm (10.24\u201d) wide.\u00a0<\/strong>It is designed as a\u00a0<strong>heavy-duty\u00a0<\/strong>profile to provide\u00a0<strong>high capacity cooling\u00a0<\/strong>for high output led lighting applications.<\/p>\n<p><strong>903ASL-Set<\/strong> is offered as an\u00a0<strong>all-inclusive finished product\u00a0<\/strong>with 300mm (11.81\u201d), 400mm (15.75\u201d) and 500mm (19.69\u201d) options that includes special design Aluminum Side Covers with Gasket, Window Frame Sticks, Window Seal, a Tempered Window and Screw Sets.<\/p>\n<p>Two different\u00a0<strong>mounting options\u00a0<\/strong>are available for the 903ASL Sets.<\/p>\n<p>The\u00a0<strong>903ASL-MNT<\/strong>\u00a0Mounting Bracket is compatible with 903ASL Sets in all different length options. In addition, the\u00a0<strong>Adjustable Mounting Bracket XL (AMB-XL*)\u00a0<\/strong>is compatible with\u00a0<strong>400mm (15.75\u201d) and longer\u00a0<\/strong>903ASL Sets.<\/p>\n<p><strong>Projector Sets: \u00a0\u00a0\u00a0\u00a0\u00a0\u00a0\u00a0\u00a0\u00a0\u00a0\u00a0\u00a0 Mounting Options<\/strong><br \/>\n903ASL 300mm Set: \u00a0\u00a0Set includes 903ASL-MNT<br \/>\n903ASL 400mm Set: \u00a0\u00a0903ASL-MNT or AMB-XL must be ordered separately.<br \/>\n903ASL 400mm Set: \u00a0\u00a0903ASL-MNT or AMB-XL must be ordered separately.<\/p>\n<p>For\u00a0<strong>Driver Housing\u00a0<\/strong>needs, the\u00a0<strong>1906ASL*\u00a0<\/strong>profile is compatible with the 903ASL thanks to the channels on both sides.<\/p>\n<p>* Must be ordered Separately.<\/p>\n<p>Type: \u00a0\u00a0\u00a0\u00a0\u00a0\u00a0\u00a0\u00a0\u00a0<strong> Flood &amp; Tunnel Light Housing<\/strong><br \/>\nMaterial: \u00a0\u00a0<strong>Aluminum 6063-T5<\/strong><br \/>\nSurface: \u00a0\u00a0\u00a0\u00a0<strong>Natural Anodised<\/strong><br \/>\nHeight: \u00a0 \u00a0 \u00a0 <strong>76.70mm \/ 3.02&#8243;<\/strong><br \/>\nWidth: \u00a0 \u00a0 \u00a0 \u00a0<strong>300.00mm \/ 11.81&#8243;<\/strong><\/p>\n","protected":false},"excerpt":{"rendered":"<pre id=\"tw-target-text\" class=\"tw-data-text tw-text-large tw-ta\" dir=\"ltr\" data-placeholder=\"\u00c7eviri\"><span class=\"Y2IQFc\" lang=\"tr\">903ASL, 260 mm geni\u015fli\u011finde bir uygulama y\u00fczeyine sahip b\u00fcy\u00fck \u00f6l\u00e7ekli bir al\u00fcminyum led profilidir. \r\nY\u00fcksek \u00e7\u0131k\u0131\u015fl\u0131 led ayd\u0131nlatma uygulamalar\u0131 i\u00e7in y\u00fcksek kapasiteli so\u011futma sa\u011flamak \u00fczere a\u011f\u0131r hizmet profili olarak tasarlanm\u0131\u015ft\u0131r.\r\n903ASL-Set, Contal\u0131 \u00f6zel tasar\u0131m Al\u00fcminyum Yan Kapaklar, Pencere \u00c7er\u00e7evesi \u00c7ubuklar\u0131, Pencere Contas\u0131, Temperli i\u00e7eren 300mm , 400mm ve 500mm se\u00e7enekleriyle her \u015fey dahil bitmi\u015f bir \u00fcr\u00fcn olarak sunulmaktad\u0131r. \r\nPencere ve Vida Tak\u0131mlar\u0131.\r\n903ASL Setleri i\u00e7in iki farkl\u0131 montaj se\u00e7ene\u011fi mevcuttur.\r\n\r\n903ASL-MNT Montaj Braketi, t\u00fcm farkl\u0131 uzunluk se\u00e7eneklerinde 903ASL Setleriyle uyumludur. \r\nAyr\u0131ca, Ayarlanabilir ayak set, 300 mm , 400 mm ve 500 mm Setleriyle uyumludur.\r\n\r\nProjekt\u00f6r Montaj Se\u00e7enekleri:\r\n903ASL 300mm Set: \u00a0\u00a0Set 300 mm ayak set i\u00e7ine dahildir. \r\n903ASL 400mm Set: \u00a0\u00a0903ASL 400 mm ayak set ayr\u0131ca sipari\u015f edilmelidir.\r\n903ASL 500mm Set: \u00a0\u00a0903ASL 500 mm ayak set ayr\u0131ca sipari\u015f edilmelidir.\r\n\r\nS\u00fcr\u00fcc\u00fc Muhafazas\u0131 ihtiya\u00e7lar\u0131 i\u00e7in, 1906ASL* profili, her iki taraftaki kanallar sayesinde 903ASL ile uyumludur.\r\n* Ayr\u0131 olarak sipari\u015f edilmelidir.\r\n\r\nMalzeme: \u00a0\u00a0Al\u00fcminyum 6063-T5\r\nY\u00fczey: Mat beyaz Eloksall\u0131\r\nY\u00fckseklik: 76,70 mm \r\nGeni\u015flik: 300,00 mm <\/span><\/pre>\n","protected":false},"featured_media":3735,"template":"","meta":[],"product_brand":[],"product_cat":[64],"product_tag":[],"class_list":{"0":"post-3745","1":"product","2":"type-product","3":"status-publish","4":"has-post-thumbnail","6":"product_cat-projektor-ve-tunel-kasalari","8":"first","9":"outofstock","10":"taxable","11":"shipping-taxable","12":"product-type-simple"},"_links":{"self":[{"href":"https:\/\/asproms.com\/en\/wp-json\/wp\/v2\/product\/3745","targetHints":{"allow":["GET"]}}],"collection":[{"href":"https:\/\/asproms.com\/en\/wp-json\/wp\/v2\/product"}],"about":[{"href":"https:\/\/asproms.com\/en\/wp-json\/wp\/v2\/types\/product"}],"wp:featuredmedia":[{"embeddable":true,"href":"https:\/\/asproms.com\/en\/wp-json\/wp\/v2\/media\/3735"}],"wp:attachment":[{"href":"https:\/\/asproms.com\/en\/wp-json\/wp\/v2\/media?parent=3745"}],"wp:term":[{"taxonomy":"product_brand","embeddable":true,"href":"https:\/\/asproms.com\/en\/wp-json\/wp\/v2\/product_brand?post=3745"},{"taxonomy":"product_cat","embeddable":true,"href":"https:\/\/asproms.com\/en\/wp-json\/wp\/v2\/product_cat?post=3745"},{"taxonomy":"product_tag","embeddable":true,"href":"https:\/\/asproms.com\/en\/wp-json\/wp\/v2\/product_tag?post=3745"}],"curies":[{"name":"wp","href":"https:\/\/api.w.org\/{rel}","templated":true}]}}