{"id":3709,"date":"2018-05-04T23:09:00","date_gmt":"2018-05-04T20:09:00","guid":{"rendered":"http:\/\/localhost\/lydia\/product\/led-etange-fixture-grey\/"},"modified":"2023-05-22T16:26:25","modified_gmt":"2023-05-22T13:26:25","slug":"led-etange-fixture-grey","status":"publish","type":"product","link":"https:\/\/asproms.com\/en\/product\/led-etange-fixture-grey\/","title":{"rendered":"LED Etanj Armat\u00fcr Gri"},"content":{"rendered":"<p>The\u00a0<strong>LED Etange Fixture\u00a0<\/strong>is a LED Channel made of\u00a0<strong>Polycarbonate Body\u00a0<\/strong>with two color options,\u00a0<strong>Black\u00a0<\/strong>and\u00a0<strong>Grey<\/strong>. It is a\u00a0<strong>fully-enclosed\u00a0<\/strong>and\u00a0<strong>weatherproof-ready\u00a0<\/strong>fixture that has two different\u00a0<strong>heatsink insert\u00a0<\/strong>options. These heatsink inserts offer a\u00a0<strong>large surface\u00a0<\/strong>for\u00a0<strong>multiple or oversized LED Lighting sources<\/strong>.\u00a0<strong>Double sided heatsink insert*\u00a0<\/strong>is compatible with LED Strips\u00a0<strong>up-to 2x 20mm (0.79\u201d)\u00a0<\/strong>wide, where\u00a0<strong>Flat heatsink insert**\u00a0<\/strong>offers a LED lighting source application surface\u00a0<strong>up to 59mm (2.32\u201d)\u00a0<\/strong>wide. It is designed as a\u00a0<strong>hotspot-free fixture\u00a0<\/strong>thanks to its built-in Opal Diffuser.<\/p>\n<p>*Must be ordered separately<\/p>\n<p>Type: \u00a0\u00a0\u00a0\u00a0\u00a0\u00a0\u00a0\u00a0\u00a0<strong> LED Channel<\/strong><br \/>\nMaterial: \u00a0\u00a0<strong>Polycarbonate<\/strong><br \/>\nHeight: \u00a0 \u00a0 \u00a0 <strong>71.00mm \/ 2.80&#8243;<\/strong><br \/>\nWidth: \u00a0 \u00a0 \u00a0 \u00a0<strong>44.50mm \/ 1.75&#8243;<\/strong><\/p>\n<p><strong><strong>Length Availability<\/strong>\u00a0<\/strong><br \/>\n1m \/ 3.28ft<br \/>\n2m \/ 6.56ft<br \/>\n3m \/ 9.84ft<br \/>\nCustom Lengths\u00a0<strong>up to 3.05m \/ 10ft<\/strong><\/p>\n","protected":false},"excerpt":{"rendered":"<pre class=\"tw-data-text tw-text-large tw-ta\" dir=\"ltr\" data-placeholder=\"\u00c7eviri\"><span class=\"Y2IQFc\" lang=\"tr\">LED Etanj Armat\u00fcr, Siyah ve Gri olmak \u00fczere iki renk se\u00e7ene\u011fi Polikarbonat G\u00f6vde ile yap\u0131lm\u0131\u015f bir LED Kanald\u0131r.\r\ntamamen kapal\u0131 ve hava ko\u015fullar\u0131na dayan\u0131kl\u0131, bombeli ve d\u00fcz i\u00e7 s\u00fcrg\u00fc ekleme se\u00e7ene\u011fine sahip bir armat\u00fcrd\u00fcr.\r\nBu so\u011futucu ara par\u00e7alar, birden fazla veya b\u00fcy\u00fck boyutlu LED Ayd\u0131nlatma kaynaklar\u0131 i\u00e7in geni\u015f bir y\u00fczey sunar.\r\nAl\u00fcminyum bombeli i\u00e7 s\u00fcrg\u00fc 2x 20 mm geni\u015fli\u011fe kadar LED \u015eeritlerle uyumludur, al\u00fcminyum D\u00fcz i\u00e7 s\u00fcrg\u00fc 59 mm geni\u015fli\u011fe kadar bir LED ayd\u0131nlatma kayna\u011f\u0131 uygulama y\u00fczeyi sunar.\r\nDahili Opal Dif\u00fcz\u00f6r\u00fc sayesinde etkin nokta i\u00e7ermeyen bir armat\u00fcr olarak tasarlanm\u0131\u015ft\u0131r.\r\n\u0130\u00e7 s\u00fcrg\u00fcler ayr\u0131 olarak sipari\u015f edilmelidir. \r\n\r\n\r\nMalzeme: Polikarbon + Al\u00fcmminyum i\u00e7 s\u00fcrg\u00fc<\/span><\/pre>\n<p><strong>Boy Uzunlu\u011fu :<\/strong>\u00a03100 mm<\/p>\n<p><strong>Y\u00fckseklik :<\/strong>\u00a071 mm<\/p>\n<p><strong>Geni\u015flik :<\/strong> 44,50 mm<\/p>\n<pre id=\"tw-target-text\" class=\"tw-data-text tw-text-large tw-ta\" dir=\"ltr\" data-placeholder=\"\u00c7eviri\"><span class=\"Y2IQFc\" lang=\"tr\">\r\n\r\n<\/span><\/pre>\n","protected":false},"featured_media":3703,"template":"","meta":[],"product_brand":[],"product_cat":[63],"product_tag":[],"class_list":{"0":"post-3709","1":"product","2":"type-product","3":"status-publish","4":"has-post-thumbnail","6":"product_cat-led-profiller","8":"first","9":"outofstock","10":"taxable","11":"shipping-taxable","12":"product-type-simple"},"_links":{"self":[{"href":"https:\/\/asproms.com\/en\/wp-json\/wp\/v2\/product\/3709","targetHints":{"allow":["GET"]}}],"collection":[{"href":"https:\/\/asproms.com\/en\/wp-json\/wp\/v2\/product"}],"about":[{"href":"https:\/\/asproms.com\/en\/wp-json\/wp\/v2\/types\/product"}],"wp:featuredmedia":[{"embeddable":true,"href":"https:\/\/asproms.com\/en\/wp-json\/wp\/v2\/media\/3703"}],"wp:attachment":[{"href":"https:\/\/asproms.com\/en\/wp-json\/wp\/v2\/media?parent=3709"}],"wp:term":[{"taxonomy":"product_brand","embeddable":true,"href":"https:\/\/asproms.com\/en\/wp-json\/wp\/v2\/product_brand?post=3709"},{"taxonomy":"product_cat","embeddable":true,"href":"https:\/\/asproms.com\/en\/wp-json\/wp\/v2\/product_cat?post=3709"},{"taxonomy":"product_tag","embeddable":true,"href":"https:\/\/asproms.com\/en\/wp-json\/wp\/v2\/product_tag?post=3709"}],"curies":[{"name":"wp","href":"https:\/\/api.w.org\/{rel}","templated":true}]}}