{"id":3685,"date":"2018-05-04T22:47:00","date_gmt":"2018-05-04T19:47:00","guid":{"rendered":"http:\/\/localhost\/lydia\/product\/2147asl\/"},"modified":"2026-03-25T23:07:19","modified_gmt":"2026-03-25T20:07:19","slug":"2147-asl-aluminyum-led-profil","status":"publish","type":"product","link":"https:\/\/asproms.com\/en\/product\/2147-asl-aluminyum-led-profil\/","title":{"rendered":"ASPL-02147-ELOKSALLI (29 MM. Y\u00dcZEYE MONTAJ LED PROF\u0130L)"},"content":{"rendered":"<p>The <strong><em>2147 ASL<\/em>\u00a0<\/strong>is a rectangular-shaped LED Channel compatible with\u00a0<strong>LED Strips up-to 25.4mm (1.00\u201d) wide.\u00a0<\/strong>Thanks to its heatsink design, it offers best-in-class performance for high-output lighting applications.<\/p>\n<p>Type: \u00a0\u00a0\u00a0\u00a0\u00a0\u00a0\u00a0\u00a0\u00a0<strong> LED Channel<\/strong><br \/>\nMaterial: \u00a0\u00a0<strong>Aluminum 6063-T5<\/strong><br \/>\nSurface: \u00a0\u00a0\u00a0\u00a0<strong>Natural Anodised <\/strong><br \/>\nHeight: \u00a0 \u00a0 \u00a0 <strong>10.00mm \/ 0.39&#8243;<\/strong><br \/>\nWidth: \u00a0 \u00a0 \u00a0 \u00a0<strong>29.00mm \/ 1.14&#8243;<\/strong><\/p>\n<p>&nbsp;<\/p>\n","protected":false},"excerpt":{"rendered":"<pre id=\"tw-target-text\" class=\"tw-data-text tw-text-large tw-ta\" dir=\"ltr\" data-placeholder=\"\u00c7eviri\"><span class=\"Y2IQFc\" lang=\"tr\"><strong>ASP-02147 LED Profil<\/strong>, geni\u015f LED \u015ferit uyumu ve\u00a0<strong>heatsink tasar\u0131m\u0131yla<\/strong>\u00a0\r\n<strong>y\u00fcksek-output lineer ayd\u0131nlatma\u00a0<\/strong>uygulamalar\u0131na uygun bir y\u00fczeye montaj profildir. \r\nOpal dif\u00fcz\u00f6r ile kullan\u0131ld\u0131\u011f\u0131nda\u00a0<strong>LED noktalanmas\u0131n\u0131 azaltmaya yard\u0131mc\u0131<\/strong>\u00a0olarak daha\u00a0<strong>temiz ve \r\nhomojen<\/strong>\u00a0bir \u0131\u015f\u0131k hatt\u0131 hedefler.<\/span><\/pre>\n","protected":false},"featured_media":3679,"template":"","meta":[],"product_brand":[],"product_cat":[63],"product_tag":[],"class_list":{"0":"post-3685","1":"product","2":"type-product","3":"status-publish","4":"has-post-thumbnail","6":"product_cat-led-profiller","8":"first","9":"instock","10":"purchasable","11":"product-type-variable"},"_links":{"self":[{"href":"https:\/\/asproms.com\/en\/wp-json\/wp\/v2\/product\/3685","targetHints":{"allow":["GET"]}}],"collection":[{"href":"https:\/\/asproms.com\/en\/wp-json\/wp\/v2\/product"}],"about":[{"href":"https:\/\/asproms.com\/en\/wp-json\/wp\/v2\/types\/product"}],"wp:featuredmedia":[{"embeddable":true,"href":"https:\/\/asproms.com\/en\/wp-json\/wp\/v2\/media\/3679"}],"wp:attachment":[{"href":"https:\/\/asproms.com\/en\/wp-json\/wp\/v2\/media?parent=3685"}],"wp:term":[{"taxonomy":"product_brand","embeddable":true,"href":"https:\/\/asproms.com\/en\/wp-json\/wp\/v2\/product_brand?post=3685"},{"taxonomy":"product_cat","embeddable":true,"href":"https:\/\/asproms.com\/en\/wp-json\/wp\/v2\/product_cat?post=3685"},{"taxonomy":"product_tag","embeddable":true,"href":"https:\/\/asproms.com\/en\/wp-json\/wp\/v2\/product_tag?post=3685"}],"curies":[{"name":"wp","href":"https:\/\/api.w.org\/{rel}","templated":true}]}}