{"id":3675,"date":"2018-05-04T22:41:00","date_gmt":"2018-05-04T19:41:00","guid":{"rendered":"http:\/\/localhost\/lydia\/product\/2145asl\/"},"modified":"2024-02-24T23:19:31","modified_gmt":"2024-02-24T20:19:31","slug":"2145-asl-aluminyum-led-profil","status":"publish","type":"product","link":"https:\/\/asproms.com\/en\/product\/2145-asl-aluminyum-led-profil\/","title":{"rendered":"2145 ASL Al\u00fcminyum Led Profil"},"content":{"rendered":"<p>The <em><strong>2145 ASL<\/strong><\/em>\u00a0is a <strong>heatsink insert\u00a0<\/strong>to provide easy installation for\u00a0<strong>501ASL, 521ASL and 551ASL Wallwasher Housings<\/strong>. It is compatible with\u00a0<strong>LED Strips<\/strong><strong>up-to 24mm (0.94\u201d) wide.<\/strong><\/p>\n<p>Type: \u00a0\u00a0\u00a0\u00a0\u00a0\u00a0\u00a0\u00a0\u00a0<strong> LED Channel<\/strong><br \/>\nMaterial: \u00a0\u00a0<strong>Aluminum 6063-T5<\/strong><br \/>\nSurface: \u00a0\u00a0\u00a0\u00a0<strong>Natural Anodised <\/strong><br \/>\nHeight: \u00a0 \u00a0 \u00a0 <strong>17.46mm \/ 0.69&#8243;<\/strong><br \/>\nWidth: \u00a0 \u00a0 \u00a0 \u00a0<strong>35.80mm \/ 1.41&#8243;<\/strong><\/p>\n<p><strong><strong>Length Availability<\/strong>\u00a0<\/strong><br \/>\n1m \/ 3.28ft<br \/>\n2m \/ 6.56ft<br \/>\n3m \/ 9.84ft<br \/>\nCustom Lengths\u00a0<strong>up to 3.05m \/ 10ft<\/strong><\/p>\n<p>*Diffusers, End Caps and Mounting Accessories must be ordered separately.<\/p>\n","protected":false},"excerpt":{"rendered":"<pre id=\"tw-target-text\" class=\"tw-data-text tw-text-large tw-ta\" dir=\"ltr\" data-placeholder=\"\u00c7eviri\"><span class=\"Y2IQFc\" lang=\"tr\"><em><strong>2145 ASL<\/strong><\/em>, 501 ASL,521 ASL ve 551 ASL Wallwasher profiller i\u00e7in kolay kurulum sa\u011flayan bir so\u011futucu ek par\u00e7ad\u0131r.\r\n24 mm geni\u015fli\u011fe kadar LED \u015eeritlerle uyumludur.\r\n\r\nT\u00fcr: Al\u00fcminyum Led profil\r\nMalzeme: Al\u00fcminyum 6063-T5\r\nY\u00fczey: Mat beyaz Eloksall\u0131\r\nY\u00fckseklik: 17,46 mm\r\nGeni\u015flik: 35,80 mm\r\n\r\n\r\n<\/span><\/pre>\n","protected":false},"featured_media":3673,"template":"","meta":[],"product_brand":[],"product_cat":[72,58],"product_tag":[],"class_list":{"0":"post-3675","1":"product","2":"type-product","3":"status-publish","4":"has-post-thumbnail","6":"product_cat-aksesuarlar","7":"product_cat-sogutucu-profilleri","9":"first","10":"outofstock","11":"taxable","12":"shipping-taxable","13":"product-type-simple"},"_links":{"self":[{"href":"https:\/\/asproms.com\/en\/wp-json\/wp\/v2\/product\/3675","targetHints":{"allow":["GET"]}}],"collection":[{"href":"https:\/\/asproms.com\/en\/wp-json\/wp\/v2\/product"}],"about":[{"href":"https:\/\/asproms.com\/en\/wp-json\/wp\/v2\/types\/product"}],"wp:featuredmedia":[{"embeddable":true,"href":"https:\/\/asproms.com\/en\/wp-json\/wp\/v2\/media\/3673"}],"wp:attachment":[{"href":"https:\/\/asproms.com\/en\/wp-json\/wp\/v2\/media?parent=3675"}],"wp:term":[{"taxonomy":"product_brand","embeddable":true,"href":"https:\/\/asproms.com\/en\/wp-json\/wp\/v2\/product_brand?post=3675"},{"taxonomy":"product_cat","embeddable":true,"href":"https:\/\/asproms.com\/en\/wp-json\/wp\/v2\/product_cat?post=3675"},{"taxonomy":"product_tag","embeddable":true,"href":"https:\/\/asproms.com\/en\/wp-json\/wp\/v2\/product_tag?post=3675"}],"curies":[{"name":"wp","href":"https:\/\/api.w.org\/{rel}","templated":true}]}}