{"id":3669,"date":"2018-05-04T22:29:00","date_gmt":"2018-05-04T19:29:00","guid":{"rendered":"http:\/\/localhost\/lydia\/product\/967asl\/"},"modified":"2026-03-25T23:52:58","modified_gmt":"2026-03-25T20:52:58","slug":"967-asl-ince-ve-alcak-lineer-led-profil","status":"publish","type":"product","link":"https:\/\/asproms.com\/en\/product\/967-asl-ince-ve-alcak-lineer-led-profil\/","title":{"rendered":"ASPL-0967-ELOKSALLI (18 MM. D\u00dc\u015e\u00dcK SIVA \u00dcST\u00dc LED PROF\u0130L)"},"content":{"rendered":"<p><strong>Teknik \u00d6zellikler:<\/strong><\/p>\n<ul>\n<li><strong>Malzeme:<\/strong>\u00a0Al\u00fcminyum 6063-T5<\/li>\n<li><strong>Y\u00fczey:<\/strong>\u00a0Mat beyaz eloksal kaplama<\/li>\n<li><strong>Boyutlar:<\/strong>\n<ul>\n<li>Geni\u015flik: 18,5 mm<\/li>\n<li>Y\u00fckseklik: 13,4 mm<\/li>\n<li>LED \u015eeridi Montaj Geni\u015fli\u011fi: 16,5 mm<\/li>\n<\/ul>\n<\/li>\n<li><strong>Dif\u00fcz\u00f6r:<\/strong>\u00a0Opak<\/li>\n<li><strong>Montaj Tipi:<\/strong>\u00a0Y\u00fczeye monte edilebilir (montaj klipsleriyle birlikte)<\/li>\n<li><em><strong>\u0130ADE MEVCUT DE\u011e\u0130LD\u0130R.\u00a0<\/strong><\/em><\/li>\n<\/ul>\n","protected":false},"excerpt":{"rendered":"<div class=\"flex justify-between items-center\"><strong><span class=\"title\">\u00dcr\u00fcn A\u00e7\u0131klamas\u0131<\/span><\/strong><\/div>\n<div class=\"tab-content\">\n<p><strong>Genel Tan\u0131t\u0131m: ASP-0961 <\/strong>Lineer LED Profil, modern i\u00e7 mekan ayd\u0131nlatma \u00e7\u00f6z\u00fcmleri i\u00e7in m\u00fckemmel bir tercihtir. Y\u00fcksek kaliteli al\u00fcminyum malzemeden \u00fcretilen bu profil, hem estetik hem de fonksiyonel bir ayd\u0131nlatma sa\u011flar. \u0130nce ve zarif yap\u0131s\u0131 sayesinde her t\u00fcrl\u00fc i\u00e7 mekana uyum sa\u011flar ve minimal tasar\u0131m\u0131yla modern projelerde tercih edilen bir \u00e7\u00f6z\u00fcmd\u00fcr. Al\u00fcminyum g\u00f6vdesi, y\u00fcksek performansl\u0131 so\u011futma sa\u011flayarak LED\u2019lerin \u00f6mr\u00fcn\u00fc uzat\u0131r. Ayn\u0131 zamanda dif\u00fcz\u00f6r se\u00e7ene\u011fi ile homojen bir \u0131\u015f\u0131k da\u011f\u0131l\u0131m\u0131 sunar.<\/p>\n<p><em><strong>Paket \u0130\u00e7eri\u011fi:<\/strong><\/em><\/p>\n<p>Al\u00fcminyum Profil:\u00a0Se\u00e7ti\u011finiz uzunluk ve adette g\u00f6nderilir.<\/p>\n<p>Dif\u00fcz\u00f6r (I\u015f\u0131k Kapa\u011f\u0131):\u00a0Se\u00e7ti\u011finiz uzunluk ve adette g\u00f6nderilir.<\/p>\n<p>2x Yan Kapak:\u00a0Se\u00e7ti\u011finiz adet\/Boy adedi x 2<\/p>\n<p>2x Montaj Klipsi:\u00a0(Se\u00e7ti\u011finiz adet\/Boy adedi x 2)<\/p>\n<p><em><strong>\u0130ADE MEVCUT DE\u011e\u0130LD\u0130R.\u00a0<\/strong><\/em><\/p>\n<\/div>\n<p>&nbsp;<\/p>\n","protected":false},"featured_media":3656,"template":"","meta":[],"product_brand":[],"product_cat":[63],"product_tag":[],"class_list":{"0":"post-3669","1":"product","2":"type-product","3":"status-publish","4":"has-post-thumbnail","6":"product_cat-led-profiller","8":"first","9":"instock","10":"purchasable","11":"product-type-variable"},"_links":{"self":[{"href":"https:\/\/asproms.com\/en\/wp-json\/wp\/v2\/product\/3669","targetHints":{"allow":["GET"]}}],"collection":[{"href":"https:\/\/asproms.com\/en\/wp-json\/wp\/v2\/product"}],"about":[{"href":"https:\/\/asproms.com\/en\/wp-json\/wp\/v2\/types\/product"}],"wp:featuredmedia":[{"embeddable":true,"href":"https:\/\/asproms.com\/en\/wp-json\/wp\/v2\/media\/3656"}],"wp:attachment":[{"href":"https:\/\/asproms.com\/en\/wp-json\/wp\/v2\/media?parent=3669"}],"wp:term":[{"taxonomy":"product_brand","embeddable":true,"href":"https:\/\/asproms.com\/en\/wp-json\/wp\/v2\/product_brand?post=3669"},{"taxonomy":"product_cat","embeddable":true,"href":"https:\/\/asproms.com\/en\/wp-json\/wp\/v2\/product_cat?post=3669"},{"taxonomy":"product_tag","embeddable":true,"href":"https:\/\/asproms.com\/en\/wp-json\/wp\/v2\/product_tag?post=3669"}],"curies":[{"name":"wp","href":"https:\/\/api.w.org\/{rel}","templated":true}]}}