{"id":3652,"date":"2018-05-04T22:19:00","date_gmt":"2018-05-04T19:19:00","guid":{"rendered":"http:\/\/localhost\/lydia\/product\/962asl\/"},"modified":"2026-03-25T23:51:00","modified_gmt":"2026-03-25T20:51:00","slug":"962-asl-lineer-sivaalti-led-profil","status":"publish","type":"product","link":"https:\/\/asproms.com\/en\/product\/962-asl-lineer-sivaalti-led-profil\/","title":{"rendered":"ASPL-0962-ELOKSALLI (15 MM. SIVA ALTI LED PROF\u0130L)"},"content":{"rendered":"<p><strong>Materyal:<\/strong>\u00a0Y\u00fcksek \u0131s\u0131 iletkenli\u011fine sahip al\u00fcminyum<\/p>\n<p><strong>Y\u00fczey:<\/strong>\u00a0Mat Beyaz Eloksal kaplamal\u0131 y\u00fczey<\/p>\n<p><strong>Boy Uzunlu\u011fu:<\/strong>\u00a0100 cm, 200 cm ve 300 cm olarak sipari\u015f verilebilir.<\/p>\n<p><strong>Y\u00fckseklik:<\/strong>\u00a011,4 mm<br \/>\n<strong>Geni\u015flik:<\/strong>\u00a015 mm (s\u0131va alt\u0131 kalan k\u0131s\u0131m)<\/p>\n<p><em><strong>\u00dcR\u00dcN \u0130ADES\u0130 YOKTUR.\u00a0<\/strong><\/em><\/p>\n","protected":false},"excerpt":{"rendered":"<div class=\"flex justify-between items-center\"><span class=\"title\">\u00dcr\u00fcn A\u00e7\u0131klamas\u0131<\/span><\/div>\n<div class=\"tab-content\">\n<p><strong>Paket \u0130\u00e7eri\u011fi:<\/strong><\/p>\n<ul>\n<li><strong>Al\u00fcminyum Profil:<\/strong>\u00a0Se\u00e7ti\u011finiz uzunluk ve adette g\u00f6nderilir.<\/li>\n<li><strong>Dif\u00fcz\u00f6r (I\u015f\u0131k Kapa\u011f\u0131):<\/strong>\u00a0Se\u00e7ti\u011finiz uzunluk ve adette g\u00f6nderilir.<\/li>\n<li><strong>2x Yan Kapak:<\/strong>\u00a0(Se\u00e7ti\u011finiz adet\/Boy adedi x 2)<\/li>\n<\/ul>\n<p><strong>ASPL-0962 ASL S\u0131va Alt\u0131 LED Profil,<\/strong>\u00a0mimari ayd\u0131nlatma projeleri i\u00e7in \u00f6zel olarak tasarlanm\u0131\u015f, \u015f\u0131k ve zarif bir \u00e7\u00f6z\u00fcmd\u00fcr. S\u0131va alt\u0131 montaj\u0131 sayesinde, ayd\u0131nlatma elemanlar\u0131 estetik bir bi\u00e7imde gizlenerek, mekanlarda temiz ve modern bir g\u00f6r\u00fcn\u00fcm sa\u011flar. Al\u00fcminyum yap\u0131s\u0131 y\u00fcksek \u0131s\u0131 iletkenli\u011fi sunarak LED\u2019lerin \u00f6mr\u00fcn\u00fc uzat\u0131r ve maksimum performans sa\u011flar.<\/p>\n<p><strong>Kullan\u0131m Alanlar\u0131:<\/strong><\/p>\n<ul>\n<li>Tavan ve duvar s\u0131va alt\u0131 ayd\u0131nlatma uygulamalar\u0131<\/li>\n<li>Ofis, otel, restoran ve ev gibi ticari ve konut projelerinde modern ayd\u0131nlatma \u00e7\u00f6z\u00fcmleri<\/li>\n<li>Koridorlar, antreler, dolap i\u00e7i ve raf alt\u0131 dekoratif ayd\u0131nlatmalar<\/li>\n<li><em><strong>\u00dcR\u00dcN \u0130ADES\u0130 YOKTUR.\u00a0<\/strong><\/em><\/li>\n<\/ul>\n<\/div>\n<p>&nbsp;<\/p>\n","protected":false},"featured_media":3645,"template":"","meta":[],"product_brand":[],"product_cat":[63],"product_tag":[],"class_list":{"0":"post-3652","1":"product","2":"type-product","3":"status-publish","4":"has-post-thumbnail","6":"product_cat-led-profiller","8":"first","9":"instock","10":"purchasable","11":"product-type-variable"},"_links":{"self":[{"href":"https:\/\/asproms.com\/en\/wp-json\/wp\/v2\/product\/3652","targetHints":{"allow":["GET"]}}],"collection":[{"href":"https:\/\/asproms.com\/en\/wp-json\/wp\/v2\/product"}],"about":[{"href":"https:\/\/asproms.com\/en\/wp-json\/wp\/v2\/types\/product"}],"wp:featuredmedia":[{"embeddable":true,"href":"https:\/\/asproms.com\/en\/wp-json\/wp\/v2\/media\/3645"}],"wp:attachment":[{"href":"https:\/\/asproms.com\/en\/wp-json\/wp\/v2\/media?parent=3652"}],"wp:term":[{"taxonomy":"product_brand","embeddable":true,"href":"https:\/\/asproms.com\/en\/wp-json\/wp\/v2\/product_brand?post=3652"},{"taxonomy":"product_cat","embeddable":true,"href":"https:\/\/asproms.com\/en\/wp-json\/wp\/v2\/product_cat?post=3652"},{"taxonomy":"product_tag","embeddable":true,"href":"https:\/\/asproms.com\/en\/wp-json\/wp\/v2\/product_tag?post=3652"}],"curies":[{"name":"wp","href":"https:\/\/api.w.org\/{rel}","templated":true}]}}