{"id":3632,"date":"2018-05-04T22:07:00","date_gmt":"2018-05-04T19:07:00","guid":{"rendered":"http:\/\/localhost\/lydia\/product\/959asl\/"},"modified":"2026-03-25T16:40:47","modified_gmt":"2026-03-25T13:40:47","slug":"959-asl-oval-led-profil","status":"publish","type":"product","link":"https:\/\/asproms.com\/en\/product\/959-asl-oval-led-profil\/","title":{"rendered":"ASPL-0959-ELOKSALLI (30 MM. OVAL LED PROF\u0130L)"},"content":{"rendered":"<p><em><strong>Paket i\u00e7eri\u011findeki adetler a\u015fa\u011f\u0131daki gibidir:<\/strong><\/em><\/p>\n<table class=\"table-striped\">\n<tbody>\n<tr>\n<td><strong>Al\u00fcminyum Profil<\/strong><\/td>\n<td>Se\u00e7ti\u011finiz uzunlukta (100 \/ 200 \/ 300 cm) ve adette profil g\u00f6vdesi g\u00f6nderilir.<\/td>\n<\/tr>\n<tr>\n<td><strong>Dif\u00fcz\u00f6r (I\u015f\u0131k Kapa\u011f\u0131)<\/strong><\/td>\n<td>Se\u00e7ti\u011finiz profil boyuyla birebir uyumlu uzunlukta g\u00f6nderilir.<\/td>\n<\/tr>\n<tr>\n<td><strong>Yan Kapak Seti<\/strong><\/td>\n<td>Her metre i\u00e7in 2 adet yan kapak g\u00f6nderilir.<\/td>\n<\/tr>\n<\/tbody>\n<\/table>\n<p><em>*Not: Gard\u0131rop ask\u0131s\u0131 olarak kullan\u0131mda gerekli olan &#8220;Oval Boru Flan\u015f\u0131&#8221; (duvar ba\u011flant\u0131 par\u00e7as\u0131) paket i\u00e7eri\u011fine dahil de\u011fildir.<\/em><\/p>\n","protected":false},"excerpt":{"rendered":"<p><em><strong>ASP-0959<\/strong> <\/em>Beyaz Oval LED Profil, <strong>29,9 mm\u00a0<\/strong>geni\u015fli\u011fi ve\u00a0<strong>18,9 mm\u00a0<\/strong>y\u00fcksekli\u011findeki\u00a0<strong>t\u0131rt\u0131kl\u0131\u00a0<\/strong>yap\u0131s\u0131yla hem oval gard\u0131rop ask\u0131 borusu hem de y\u00fczey montaj ayd\u0131nlatma olarak kullan\u0131l\u0131r.\u00a0<strong>Naturel eloksal (Gri)\u00a0<\/strong>kaplamal\u0131 \u00e7izilmeye dayan\u0131kl\u0131 y\u00fczeyi, ask\u0131lar\u0131n kaymas\u0131n\u0131 azaltmaya yard\u0131mc\u0131 olurken alt k\u0131s\u0131mdan\u00a0<strong>g\u00fc\u00e7l\u00fc \u0131\u015f\u0131k\u00a0<\/strong>vererek dolap ve raflarda\u00a0<strong>fonksiyonel \u015f\u0131kl\u0131k\u00a0<\/strong>sa\u011flar.<\/p>\n<p><strong>ASP-0959\u00a0<\/strong> Oval T\u0131rt\u0131kl\u0131 Profil, \u00f6zellikle gard\u0131rop i\u00e7lerinde ve mukavemet gerektiren mobilya y\u00fczeylerinde kullan\u0131lmak \u00fczere tasarlanm\u0131\u015f \u00e7ok ama\u00e7l\u0131 bir armat\u00fcr kasas\u0131d\u0131r. <strong>29,9 mm<\/strong>\u00a0geni\u015fli\u011finde ve\u00a0<strong>18,9 mm<\/strong>\u00a0y\u00fcksekli\u011findeki\u00a0<strong>oval<\/strong>\u00a0formu, piyasadaki\u00a0<strong>oval ask\u0131 flan\u015flar\u0131<\/strong>\u00a0(ba\u011flant\u0131 aparatlar\u0131) ile uyumludur. Profilin s\u0131rt k\u0131sm\u0131ndaki \u00f6zel\u00a0<strong>t\u0131rt\u0131kl\u0131 (\u00e7izgili) doku<\/strong>, metal ask\u0131lar\u0131n y\u00fczeyi \u00e7izmesini engeller ve \u015f\u0131k, end\u00fcstriyel bir g\u00f6r\u00fcn\u00fcm sunar.\u00a0<strong>Naturel eloksal<\/strong>\u00a0y\u00fczeyi, beyaz mobilyalarla kusursuz bir b\u00fct\u00fcnl\u00fck sa\u011flar. \u00dcr\u00fcn sadece ask\u0131 borusu olarak de\u011fil, d\u00fcz taban\u0131 sayesinde raflar\u0131n alt\u0131na veya duvar y\u00fczeylerine vidalanarak\u00a0<strong>darbe emici<\/strong>, estetik bir ayd\u0131nlatma band\u0131 olarak da kullan\u0131labilir.<\/p>\n<h2>\u00d6ne \u00c7\u0131kan \u00d6zellikler<\/h2>\n<ul>\n<li><strong>Oval ve T\u0131rt\u0131kl\u0131 Tasar\u0131m:<\/strong>\u00a0Yar\u0131m daire formu ve \u00fczerindeki \u00e7izgili doku hem estetik g\u00f6r\u00fcn\u00fcr hem de s\u00fcrt\u00fcnme\/\u00e7izilmelere kar\u015f\u0131 dayan\u0131kl\u0131d\u0131r.<\/li>\n<li><strong>30 mm\u2019ye Yak\u0131n Geni\u015flik:<\/strong>\u00a0Standart oval mobilya borusu ebatlar\u0131na yak\u0131nd\u0131r; ele oturur ve sa\u011flam bir duru\u015f sunar.<\/li>\n<li><strong>\u00c7ift Fonksiyon:<\/strong>\u00a0Uygun flan\u015f ile\u00a0<strong>ask\u0131 borusu<\/strong>, vidalama ile\u00a0<strong>s\u0131va \u00fcst\u00fc raf ayd\u0131nlatmas\u0131<\/strong>\u00a0olarak kullan\u0131labilir.<\/li>\n<li><strong>Naturel Eloksal:<\/strong>\u00a0Modern dekorasyonlarda temiz ve ferah bir detay olu\u015fturur.<\/li>\n<li><strong>G\u00fc\u00e7l\u00fc So\u011futma:<\/strong>\u00a0Kal\u0131n etli al\u00fcminyum yap\u0131s\u0131, LED \u015feritlerin \u0131s\u0131s\u0131n\u0131 h\u0131zl\u0131ca da\u011f\u0131tmaya yard\u0131mc\u0131 olur.<\/li>\n<\/ul>\n<h2>Kullan\u0131m Alanlar\u0131<\/h2>\n<ul>\n<li>Gard\u0131rop i\u00e7i oval ask\u0131 ayd\u0131nlatmalar\u0131<\/li>\n<li>Ma\u011faza raf alt\u0131 ve reyon ayd\u0131nlatmalar\u0131<\/li>\n<li>Mobilya kenar koruma ve ayd\u0131nlatma detaylar\u0131<\/li>\n<li>Karavan ve tekne i\u00e7i tutamak alt\u0131 \u0131\u015f\u0131klar<\/li>\n<\/ul>\n<p>&nbsp;<\/p>\n","protected":false},"featured_media":3624,"template":"","meta":[],"product_brand":[],"product_cat":[63],"product_tag":[],"class_list":{"0":"post-3632","1":"product","2":"type-product","3":"status-publish","4":"has-post-thumbnail","6":"product_cat-led-profiller","8":"first","9":"instock","10":"purchasable","11":"product-type-variable"},"_links":{"self":[{"href":"https:\/\/asproms.com\/en\/wp-json\/wp\/v2\/product\/3632","targetHints":{"allow":["GET"]}}],"collection":[{"href":"https:\/\/asproms.com\/en\/wp-json\/wp\/v2\/product"}],"about":[{"href":"https:\/\/asproms.com\/en\/wp-json\/wp\/v2\/types\/product"}],"wp:featuredmedia":[{"embeddable":true,"href":"https:\/\/asproms.com\/en\/wp-json\/wp\/v2\/media\/3624"}],"wp:attachment":[{"href":"https:\/\/asproms.com\/en\/wp-json\/wp\/v2\/media?parent=3632"}],"wp:term":[{"taxonomy":"product_brand","embeddable":true,"href":"https:\/\/asproms.com\/en\/wp-json\/wp\/v2\/product_brand?post=3632"},{"taxonomy":"product_cat","embeddable":true,"href":"https:\/\/asproms.com\/en\/wp-json\/wp\/v2\/product_cat?post=3632"},{"taxonomy":"product_tag","embeddable":true,"href":"https:\/\/asproms.com\/en\/wp-json\/wp\/v2\/product_tag?post=3632"}],"curies":[{"name":"wp","href":"https:\/\/api.w.org\/{rel}","templated":true}]}}