{"id":3533,"date":"2018-05-04T19:53:00","date_gmt":"2018-05-04T16:53:00","guid":{"rendered":"http:\/\/localhost\/lydia\/product\/550asl\/"},"modified":"2026-03-25T16:31:34","modified_gmt":"2026-03-25T13:31:34","slug":"550asl","status":"publish","type":"product","link":"https:\/\/asproms.com\/en\/product\/550asl\/","title":{"rendered":"ASPL-0550-ELOKSALLI (68 MM. L\u0130NEER LED PROF\u0130L)"},"content":{"rendered":"<p>The\u00a0<strong>ASP-0550\u00a0<\/strong> is a <strong>multi-purpose <\/strong> LED Channel Luminaire with <strong>a wide channel on one side to place heatsink insert of choice<\/strong> and <strong> two narrow channels on the other side.<\/strong> Flat or Double Sided Slider profiles are compatible on wide channel to place LED Lighting sources.<br \/>\n<strong>Flat heatsink insert\u00a0<\/strong>offers a LED lighting source application surface\u00a0<strong>up to 59mm (2.32\u201d)\u00a0<\/strong>wide. <strong><br \/>\nDouble Sided heatsink insert\u00a0<\/strong> offers a LED lighting source application surface\u00a0<strong>compatible with LED Strips up-to 2x(20mm\/0.79\u201d) wide<\/strong><br \/>\nThis profile offers<strong> a large internal housing space for LED Drivers<\/strong>. Rich accessories\u00a0offer application options like\u00a0<strong>surface mount <\/strong>or <strong> pendant <\/strong><\/p>\n<p>Type: \u00a0\u00a0\u00a0\u00a0\u00a0\u00a0\u00a0\u00a0\u00a0<strong> LED Channel<\/strong><br \/>\nMaterial: \u00a0\u00a0<strong>Aluminum 6063-T5<\/strong><br \/>\nSurface: \u00a0\u00a0\u00a0\u00a0<strong>Natural Anodised <\/strong><br \/>\nHeight: \u00a0 \u00a0 \u00a0 <strong>85mm \/ 3.35&#8243;<\/strong><br \/>\nWidth: \u00a0 \u00a0 \u00a0 \u00a0<strong>68mm \/ 2.68&#8243;<\/strong><\/p>\n<p>&nbsp;<\/p>\n","protected":false},"excerpt":{"rendered":"<p><em><strong>ASP-0550 Led profili<\/strong><\/em> direkt ve indirekt ayd\u0131nlatma gereken projelerinizde i\u00e7 mekan uygulamalar\u0131n\u0131zda lineer sark\u0131t olarak tasarlanm\u0131\u015ft\u0131r. D\u00fcz ve bombeli i\u00e7 s\u00fcrg\u00fc alternatifleriyle \u0131\u015f\u0131k da\u011f\u0131l\u0131m\u0131n\u0131 ayarlayabilirsiniz.<br \/>\nD\u00fcz i\u00e7 s\u00fcrg\u00fc ile 59 mm&#8217;ye kadar LED PCB kullanabilir , bombeli i\u00e7 s\u00fcrg\u00fc ile 2x20mm Led PCB&#8217;leri kullanabilirsiniz.<br \/>\nIndirekt ayd\u0131nlatma i\u00e7in 16mm&#8217;lik PCB s\u00fcrg\u00fc yuvalar\u0131 tasarlanm\u0131\u015ft\u0131r. Bu \u00fcr\u00fcn \u00fcst taraf\u0131nda bulunan 2 adet 16 mm geni\u015fli\u011finde kanallar ile hem tavan , hem de zemin ayd\u0131nlatmas\u0131n\u0131 ayn\u0131 anda yapabilmektedir.<\/p>\n<p>Materyal : Aluminyum 6063-T5<br \/>\nY\u00fczey : Mat Beyaz Eloksal<br \/>\nBoy Uzunlu\u011fu : 6100 mm<br \/>\nY\u00fckseklik : 85 mm<br \/>\nGeni\u015flik : 68 mm<\/p>\n","protected":false},"featured_media":3525,"template":"","meta":[],"product_brand":[],"product_cat":[63],"product_tag":[],"class_list":{"0":"post-3533","1":"product","2":"type-product","3":"status-publish","4":"has-post-thumbnail","6":"product_cat-led-profiller","8":"first","9":"instock","10":"purchasable","11":"product-type-variable"},"_links":{"self":[{"href":"https:\/\/asproms.com\/en\/wp-json\/wp\/v2\/product\/3533","targetHints":{"allow":["GET"]}}],"collection":[{"href":"https:\/\/asproms.com\/en\/wp-json\/wp\/v2\/product"}],"about":[{"href":"https:\/\/asproms.com\/en\/wp-json\/wp\/v2\/types\/product"}],"wp:featuredmedia":[{"embeddable":true,"href":"https:\/\/asproms.com\/en\/wp-json\/wp\/v2\/media\/3525"}],"wp:attachment":[{"href":"https:\/\/asproms.com\/en\/wp-json\/wp\/v2\/media?parent=3533"}],"wp:term":[{"taxonomy":"product_brand","embeddable":true,"href":"https:\/\/asproms.com\/en\/wp-json\/wp\/v2\/product_brand?post=3533"},{"taxonomy":"product_cat","embeddable":true,"href":"https:\/\/asproms.com\/en\/wp-json\/wp\/v2\/product_cat?post=3533"},{"taxonomy":"product_tag","embeddable":true,"href":"https:\/\/asproms.com\/en\/wp-json\/wp\/v2\/product_tag?post=3533"}],"curies":[{"name":"wp","href":"https:\/\/api.w.org\/{rel}","templated":true}]}}