{"id":3522,"date":"2018-05-04T19:40:00","date_gmt":"2018-05-04T16:40:00","guid":{"rendered":"http:\/\/localhost\/lydia\/product\/533asl\/"},"modified":"2026-03-25T16:23:51","modified_gmt":"2026-03-25T13:23:51","slug":"533asl","status":"publish","type":"product","link":"https:\/\/asproms.com\/en\/product\/533asl\/","title":{"rendered":"ASPL-0533-ELOKSALLI (36 MM. L\u0130NEER LED PROF\u0130L)"},"content":{"rendered":"<p>The\u00a0<strong>ASP-0533\u00a0<\/strong> is a <strong>multi-purpose <\/strong> LED Channel Luminaire with <strong>two channels on sides <\/strong>and\u00a0<strong> a large internal housing space for LED Drivers<\/strong>. This profile is compatible with\u00a0<strong>LED lighting sources up-to\u00a0<\/strong><strong>16mm (0.63&#8243;) wide<\/strong>. It provides a wide range of options for\u00a0<strong>indoor and outdoor\u00a0<\/strong>use.\u00a0<strong>Rich accessories\u00a0<\/strong>offer application options like\u00a0<strong>surface mount <\/strong>or <strong> pendant <\/strong><\/p>\n<p>Type: \u00a0\u00a0\u00a0\u00a0\u00a0\u00a0\u00a0\u00a0\u00a0<strong> LED Channel<\/strong><br \/>\nMaterial: \u00a0\u00a0<strong>Aluminum 6063-T5<\/strong><br \/>\nSurface: \u00a0\u00a0\u00a0\u00a0<strong>Natural Anodized <\/strong><br \/>\nHeight: \u00a0 \u00a0 \u00a0 <strong>45.50mm \/ 1.79&#8243;<\/strong><br \/>\nWidth: \u00a0 \u00a0 \u00a0 \u00a0<strong>120.40mm \/ 4.74&#8243;<\/strong><\/p>\n<p>&nbsp;<\/p>\n","protected":false},"excerpt":{"rendered":"<p><strong>Materyal :<\/strong> Aluminyum 6063-T5 + PC<\/p>\n<p><strong>Y\u00fczey<\/strong>: Mat beyaz eloksall\u0131<\/p>\n<p><strong>Boy Uzunlu\u011fu :<\/strong>\u00a06100 mm<\/p>\n<p><strong>Y\u00fckseklik :<\/strong> 70 mm (Dif\u00fcz\u00f6r \u0130le)<\/p>\n<p><strong>Geni\u015flik\u00a0 \u00a0:<\/strong>\u00a036 mm<\/p>\n<pre id=\"tw-target-text\" class=\"tw-data-text tw-text-large tw-ta\" dir=\"ltr\" data-placeholder=\"\u00c7eviri\"><\/pre>\n","protected":false},"featured_media":3516,"template":"","meta":[],"product_brand":[],"product_cat":[63],"product_tag":[],"class_list":{"0":"post-3522","1":"product","2":"type-product","3":"status-publish","4":"has-post-thumbnail","6":"product_cat-led-profiller","8":"first","9":"instock","10":"purchasable","11":"product-type-variable"},"_links":{"self":[{"href":"https:\/\/asproms.com\/en\/wp-json\/wp\/v2\/product\/3522","targetHints":{"allow":["GET"]}}],"collection":[{"href":"https:\/\/asproms.com\/en\/wp-json\/wp\/v2\/product"}],"about":[{"href":"https:\/\/asproms.com\/en\/wp-json\/wp\/v2\/types\/product"}],"wp:featuredmedia":[{"embeddable":true,"href":"https:\/\/asproms.com\/en\/wp-json\/wp\/v2\/media\/3516"}],"wp:attachment":[{"href":"https:\/\/asproms.com\/en\/wp-json\/wp\/v2\/media?parent=3522"}],"wp:term":[{"taxonomy":"product_brand","embeddable":true,"href":"https:\/\/asproms.com\/en\/wp-json\/wp\/v2\/product_brand?post=3522"},{"taxonomy":"product_cat","embeddable":true,"href":"https:\/\/asproms.com\/en\/wp-json\/wp\/v2\/product_cat?post=3522"},{"taxonomy":"product_tag","embeddable":true,"href":"https:\/\/asproms.com\/en\/wp-json\/wp\/v2\/product_tag?post=3522"}],"curies":[{"name":"wp","href":"https:\/\/api.w.org\/{rel}","templated":true}]}}