{"id":3486,"date":"2018-05-04T18:19:00","date_gmt":"2018-05-04T15:19:00","guid":{"rendered":"http:\/\/localhost\/lydia\/product\/312asl-window-frame-profile\/"},"modified":"2023-05-23T09:39:42","modified_gmt":"2023-05-23T06:39:42","slug":"312asl-window-frame-profile","status":"publish","type":"product","link":"https:\/\/asproms.com\/en\/product\/312asl-window-frame-profile\/","title":{"rendered":"312 ASL (Cam \u00c7\u0131tas\u0131)"},"content":{"rendered":"<p>Material: \u00a0\u00a0<strong>Aluminum 6063-T5<\/strong><br \/>\nSurface: \u00a0\u00a0\u00a0\u00a0<strong>Natural Anodised <\/strong><br \/>\nHeight: \u00a0 \u00a0 \u00a0 <strong>6.40mm \/ 0.25&#8243;<\/strong><br \/>\nWidth: \u00a0 \u00a0 \u00a0 <strong>17.00mm \/ 0.67&#8243;<\/strong><\/p>\n<p><strong><strong>Length Availability<\/strong>\u00a0<\/strong><br \/>\n1m \/ 3.28ft<br \/>\n2m \/ 6.56ft<br \/>\n3m \/ 9.84ft<br \/>\nCustom Lengths\u00a0<strong>up to 3.05m \/ 10ft<\/strong><\/p>\n","protected":false},"excerpt":{"rendered":"<pre id=\"tw-target-text\" class=\"tw-data-text tw-text-large tw-ta\" dir=\"ltr\" data-placeholder=\"\u00c7eviri\"><span class=\"Y2IQFc\" lang=\"tr\"><strong>Malzeme:<\/strong> Al\u00fcminyum 6063-T5\r\n<strong>Y\u00fczey:<\/strong> Mat beyaz Eloksall\u0131\r\n<strong>Y\u00fckseklik:<\/strong> 6,40 mm \r\n<strong>Geni\u015flik:<\/strong> 17,00 mm \r\n<strong>Uzunluk<\/strong> : 3050 mm <\/span><\/pre>\n","protected":false},"featured_media":3480,"template":"","meta":[],"product_brand":[],"product_cat":[58],"product_tag":[],"class_list":{"0":"post-3486","1":"product","2":"type-product","3":"status-publish","4":"has-post-thumbnail","6":"product_cat-sogutucu-profilleri","8":"first","9":"outofstock","10":"taxable","11":"shipping-taxable","12":"product-type-simple"},"_links":{"self":[{"href":"https:\/\/asproms.com\/en\/wp-json\/wp\/v2\/product\/3486","targetHints":{"allow":["GET"]}}],"collection":[{"href":"https:\/\/asproms.com\/en\/wp-json\/wp\/v2\/product"}],"about":[{"href":"https:\/\/asproms.com\/en\/wp-json\/wp\/v2\/types\/product"}],"wp:featuredmedia":[{"embeddable":true,"href":"https:\/\/asproms.com\/en\/wp-json\/wp\/v2\/media\/3480"}],"wp:attachment":[{"href":"https:\/\/asproms.com\/en\/wp-json\/wp\/v2\/media?parent=3486"}],"wp:term":[{"taxonomy":"product_brand","embeddable":true,"href":"https:\/\/asproms.com\/en\/wp-json\/wp\/v2\/product_brand?post=3486"},{"taxonomy":"product_cat","embeddable":true,"href":"https:\/\/asproms.com\/en\/wp-json\/wp\/v2\/product_cat?post=3486"},{"taxonomy":"product_tag","embeddable":true,"href":"https:\/\/asproms.com\/en\/wp-json\/wp\/v2\/product_tag?post=3486"}],"curies":[{"name":"wp","href":"https:\/\/api.w.org\/{rel}","templated":true}]}}