{"id":3472,"date":"2018-05-04T18:07:00","date_gmt":"2018-05-04T15:07:00","guid":{"rendered":"http:\/\/localhost\/lydia\/product\/902asl-mnt\/"},"modified":"2023-05-23T09:43:17","modified_gmt":"2023-05-23T06:43:17","slug":"902asl-mnt","status":"publish","type":"product","link":"https:\/\/asproms.com\/en\/product\/902asl-mnt\/","title":{"rendered":"902ASL Kulp ve Somun"},"content":{"rendered":"<p>The <strong> 902ASL-MNT <\/strong> is the mounting bracket of Flood &amp; Tunnel Light Housing <strong> 902ASL <\/strong><\/p>\n<p>It is compatible with 902ASL Sets in all different length options.<\/p>\n","protected":false},"excerpt":{"rendered":"<pre id=\"tw-target-text\" class=\"tw-data-text tw-text-large tw-ta\" dir=\"ltr\" data-placeholder=\"\u00c7eviri\"><span class=\"Y2IQFc\" lang=\"tr\"><strong>902ASL<\/strong>'nin montaj aya\u011f\u0131d\u0131r.\r\nT\u00fcm uzunluk se\u00e7eneklerinde 902ASL Setleri ile uyumludur.<\/span><\/pre>\n","protected":false},"featured_media":3468,"template":"","meta":[],"product_brand":[],"product_cat":[72],"product_tag":[],"class_list":{"0":"post-3472","1":"product","2":"type-product","3":"status-publish","4":"has-post-thumbnail","6":"product_cat-aksesuarlar","8":"first","9":"outofstock","10":"taxable","11":"shipping-taxable","12":"product-type-simple"},"_links":{"self":[{"href":"https:\/\/asproms.com\/en\/wp-json\/wp\/v2\/product\/3472","targetHints":{"allow":["GET"]}}],"collection":[{"href":"https:\/\/asproms.com\/en\/wp-json\/wp\/v2\/product"}],"about":[{"href":"https:\/\/asproms.com\/en\/wp-json\/wp\/v2\/types\/product"}],"wp:featuredmedia":[{"embeddable":true,"href":"https:\/\/asproms.com\/en\/wp-json\/wp\/v2\/media\/3468"}],"wp:attachment":[{"href":"https:\/\/asproms.com\/en\/wp-json\/wp\/v2\/media?parent=3472"}],"wp:term":[{"taxonomy":"product_brand","embeddable":true,"href":"https:\/\/asproms.com\/en\/wp-json\/wp\/v2\/product_brand?post=3472"},{"taxonomy":"product_cat","embeddable":true,"href":"https:\/\/asproms.com\/en\/wp-json\/wp\/v2\/product_cat?post=3472"},{"taxonomy":"product_tag","embeddable":true,"href":"https:\/\/asproms.com\/en\/wp-json\/wp\/v2\/product_tag?post=3472"}],"curies":[{"name":"wp","href":"https:\/\/api.w.org\/{rel}","templated":true}]}}