{"id":3467,"date":"2018-05-04T17:48:00","date_gmt":"2018-05-04T14:48:00","guid":{"rendered":"http:\/\/localhost\/lydia\/product\/101asl-slider\/"},"modified":"2023-05-25T16:22:09","modified_gmt":"2023-05-25T13:22:09","slug":"101asl-slider","status":"publish","type":"product","link":"https:\/\/asproms.com\/en\/product\/101asl-slider\/","title":{"rendered":"101ASL-\u0130\u00c7 S\u00dcRG\u00dc"},"content":{"rendered":"<p>The <strong>101ASL Slider<\/strong> is the heatsink insert of Linear Wall Washer Housing <strong>101ASL<\/strong>. It is compatible with LED lighting sources <strong>up-to 29mm (1.14\u201d) wide.<\/strong><\/p>\n<p>Material: \u00a0\u00a0<strong>Aluminum 6063-T5<\/strong><br \/>\nSurface: \u00a0\u00a0\u00a0\u00a0<strong>Natural Anodised <\/strong><br \/>\nHeight: \u00a0 \u00a0 \u00a0 <strong>53mm \/ 2.09&#8243;<\/strong><br \/>\nWidth: \u00a0 \u00a0 \u00a0 <strong>57mm \/ 2.24&#8243;<\/strong><\/p>\n<p><strong><strong>Length Availability<\/strong>\u00a0<\/strong><br \/>\n1m \/ 3.28ft<br \/>\n2m \/ 6.56ft<br \/>\n3m \/ 9.84ft<br \/>\nCustom Lengths\u00a0<strong>up to 3.05m \/ 10ft<\/strong><\/p>\n","protected":false},"excerpt":{"rendered":"<p>101 ASL \u0130\u00e7 s\u00fcrg\u00fc 101 ASL \u00fcr\u00fcn\u00fcne Led montaj\u0131 i\u00e7in kullan\u0131lmakta ve b\u00fct\u00fcn kasa ile birlikte so\u011futma kapasitesine fayda sa\u011flamaktad\u0131r. 29 mm&#8217;ye kadar Led PCB&#8217;lerini destekler geni\u015fliktedir.<\/p>\n<table border=\"1\">\n<tbody>\n<tr>\n<td>Materyal:<\/td>\n<td><strong>Aluminyum 6063-T5<\/strong><\/td>\n<\/tr>\n<tr>\n<td>Y\u00fczey:<\/td>\n<td><strong>Mat Beyaz Eloksal\u00a0<\/strong><\/td>\n<\/tr>\n<tr>\n<td>Y\u00fckseklik:<\/td>\n<td><strong>53mm \/ 2.09&#8243;<\/strong><\/td>\n<\/tr>\n<tr>\n<td>Geni\u015flik:<\/td>\n<td><strong>57mm \/ 2.24&#8243;<\/strong><\/td>\n<\/tr>\n<tr>\n<td>Boy:<\/td>\n<td><strong>6100 mm<\/strong><\/td>\n<\/tr>\n<\/tbody>\n<\/table>\n","protected":false},"featured_media":3463,"template":"","meta":[],"product_brand":[],"product_cat":[72,123],"product_tag":[],"class_list":{"0":"post-3467","1":"product","2":"type-product","3":"status-publish","4":"has-post-thumbnail","6":"product_cat-aksesuarlar","7":"product_cat-duvar-boyama-kasalari","9":"first","10":"outofstock","11":"taxable","12":"shipping-taxable","13":"product-type-simple"},"_links":{"self":[{"href":"https:\/\/asproms.com\/en\/wp-json\/wp\/v2\/product\/3467","targetHints":{"allow":["GET"]}}],"collection":[{"href":"https:\/\/asproms.com\/en\/wp-json\/wp\/v2\/product"}],"about":[{"href":"https:\/\/asproms.com\/en\/wp-json\/wp\/v2\/types\/product"}],"wp:featuredmedia":[{"embeddable":true,"href":"https:\/\/asproms.com\/en\/wp-json\/wp\/v2\/media\/3463"}],"wp:attachment":[{"href":"https:\/\/asproms.com\/en\/wp-json\/wp\/v2\/media?parent=3467"}],"wp:term":[{"taxonomy":"product_brand","embeddable":true,"href":"https:\/\/asproms.com\/en\/wp-json\/wp\/v2\/product_brand?post=3467"},{"taxonomy":"product_cat","embeddable":true,"href":"https:\/\/asproms.com\/en\/wp-json\/wp\/v2\/product_cat?post=3467"},{"taxonomy":"product_tag","embeddable":true,"href":"https:\/\/asproms.com\/en\/wp-json\/wp\/v2\/product_tag?post=3467"}],"curies":[{"name":"wp","href":"https:\/\/api.w.org\/{rel}","templated":true}]}}