{"id":3462,"date":"2018-05-04T17:36:00","date_gmt":"2018-05-04T14:36:00","guid":{"rendered":"http:\/\/localhost\/lydia\/product\/heatsink-mounting-bracket\/"},"modified":"2023-05-23T09:45:49","modified_gmt":"2023-05-23T06:45:49","slug":"heatsink-mounting-bracket","status":"publish","type":"product","link":"https:\/\/asproms.com\/en\/product\/heatsink-mounting-bracket\/","title":{"rendered":"Kro\u015fe aparat\u0131"},"content":{"rendered":"<p><strong>Easy-to-install<\/strong> Heatsink Mounting Bracket compatible with Heatsink Extrusions <strong>222AS, 321AS, 420AS, 421AS<\/strong><\/p>\n","protected":false},"excerpt":{"rendered":"<pre id=\"tw-target-text\" class=\"tw-data-text tw-text-large tw-ta\" dir=\"ltr\" data-placeholder=\"\u00c7eviri\"><span class=\"Y2IQFc\" lang=\"tr\">So\u011futucu profiller 222AS, 321AS, 420AS, 421AS ile uyumlu kurulumu kolay So\u011futucu Montaj aparat\u0131d\u0131r. <\/span><\/pre>\n","protected":false},"featured_media":3456,"template":"","meta":[],"product_brand":[],"product_cat":[72],"product_tag":[],"class_list":{"0":"post-3462","1":"product","2":"type-product","3":"status-publish","4":"has-post-thumbnail","6":"product_cat-aksesuarlar","8":"first","9":"outofstock","10":"taxable","11":"shipping-taxable","12":"product-type-simple"},"_links":{"self":[{"href":"https:\/\/asproms.com\/en\/wp-json\/wp\/v2\/product\/3462","targetHints":{"allow":["GET"]}}],"collection":[{"href":"https:\/\/asproms.com\/en\/wp-json\/wp\/v2\/product"}],"about":[{"href":"https:\/\/asproms.com\/en\/wp-json\/wp\/v2\/types\/product"}],"wp:featuredmedia":[{"embeddable":true,"href":"https:\/\/asproms.com\/en\/wp-json\/wp\/v2\/media\/3456"}],"wp:attachment":[{"href":"https:\/\/asproms.com\/en\/wp-json\/wp\/v2\/media?parent=3462"}],"wp:term":[{"taxonomy":"product_brand","embeddable":true,"href":"https:\/\/asproms.com\/en\/wp-json\/wp\/v2\/product_brand?post=3462"},{"taxonomy":"product_cat","embeddable":true,"href":"https:\/\/asproms.com\/en\/wp-json\/wp\/v2\/product_cat?post=3462"},{"taxonomy":"product_tag","embeddable":true,"href":"https:\/\/asproms.com\/en\/wp-json\/wp\/v2\/product_tag?post=3462"}],"curies":[{"name":"wp","href":"https:\/\/api.w.org\/{rel}","templated":true}]}}