{"id":3455,"date":"2018-05-04T17:19:00","date_gmt":"2018-05-04T14:19:00","guid":{"rendered":"http:\/\/localhost\/lydia\/product\/window-seal\/"},"modified":"2023-05-23T09:48:43","modified_gmt":"2023-05-23T06:48:43","slug":"window-seal","status":"publish","type":"product","link":"https:\/\/asproms.com\/en\/product\/window-seal\/","title":{"rendered":"Cam Contas\u0131"},"content":{"rendered":"<p>Window Seal is the rubber material used to make Flood &amp; Tunnel Light Housings and Linear Wall Washer Housings Weatherproof-Ready. It&#8217;s placed between the Window Frame profile and the Window.<\/p>\n<p><strong>Length Availability<\/strong><br \/>\n1m \/ 3.28ft<br \/>\nCustom Lengths<\/p>\n","protected":false},"excerpt":{"rendered":"<pre id=\"tw-target-text\" class=\"tw-data-text tw-text-large tw-ta\" dir=\"ltr\" data-placeholder=\"\u00c7eviri\"><span class=\"Y2IQFc\" lang=\"tr\"><strong>Cam Contas\u0131<\/strong>, Proket\u00f6r setler ve Lineer Wallwasher profillerini Hava Ko\u015fullar\u0131na Dayan\u0131kl\u0131 hale getirmek i\u00e7in kullan\u0131lan kau\u00e7uk malzemedir.\r\nPencere \u00c7er\u00e7evesi profili ile Pencere aras\u0131na yerle\u015ftirilir.\r\n\r\n\r\n<\/span><\/pre>\n","protected":false},"featured_media":3453,"template":"","meta":[],"product_brand":[],"product_cat":[72],"product_tag":[],"class_list":{"0":"post-3455","1":"product","2":"type-product","3":"status-publish","4":"has-post-thumbnail","6":"product_cat-aksesuarlar","8":"first","9":"outofstock","10":"taxable","11":"shipping-taxable","12":"product-type-simple"},"_links":{"self":[{"href":"https:\/\/asproms.com\/en\/wp-json\/wp\/v2\/product\/3455","targetHints":{"allow":["GET"]}}],"collection":[{"href":"https:\/\/asproms.com\/en\/wp-json\/wp\/v2\/product"}],"about":[{"href":"https:\/\/asproms.com\/en\/wp-json\/wp\/v2\/types\/product"}],"wp:featuredmedia":[{"embeddable":true,"href":"https:\/\/asproms.com\/en\/wp-json\/wp\/v2\/media\/3453"}],"wp:attachment":[{"href":"https:\/\/asproms.com\/en\/wp-json\/wp\/v2\/media?parent=3455"}],"wp:term":[{"taxonomy":"product_brand","embeddable":true,"href":"https:\/\/asproms.com\/en\/wp-json\/wp\/v2\/product_brand?post=3455"},{"taxonomy":"product_cat","embeddable":true,"href":"https:\/\/asproms.com\/en\/wp-json\/wp\/v2\/product_cat?post=3455"},{"taxonomy":"product_tag","embeddable":true,"href":"https:\/\/asproms.com\/en\/wp-json\/wp\/v2\/product_tag?post=3455"}],"curies":[{"name":"wp","href":"https:\/\/api.w.org\/{rel}","templated":true}]}}