{"id":3442,"date":"2018-05-04T15:45:00","date_gmt":"2018-05-04T12:45:00","guid":{"rendered":"http:\/\/localhost\/lydia\/product\/led-etange-slider-double-sided\/"},"modified":"2023-05-23T09:59:28","modified_gmt":"2023-05-23T06:59:28","slug":"led-etange-slider-double-sided","status":"publish","type":"product","link":"https:\/\/asproms.com\/en\/product\/led-etange-slider-double-sided\/","title":{"rendered":"LED Etanj Bombeli \u0130\u00e7 S\u00fcrg\u00fc"},"content":{"rendered":"<p>This Double Sided Slider is the heatsink insert for <strong>LED Etange Fixtures<\/strong>. It offers two \u00a0<strong>large surfaces\u00a0<\/strong>for\u00a0<strong>multiple or oversized LED Lighting sources<\/strong>.<\/p>\n<p><strong> Double Sided heatsink insert\u00a0<\/strong> offers a LED lighting source application surface\u00a0<strong>compatible with LED Strips up-to 2x(20mm\/0.79\u201d) wide<\/strong><\/p>\n<p>Type: \u00a0\u00a0\u00a0\u00a0\u00a0\u00a0\u00a0\u00a0\u00a0<strong> Accessories<\/strong><br \/>\nMaterial: \u00a0\u00a0<strong>Aluminum 6063-T5<\/strong><br \/>\nSurface: \u00a0\u00a0\u00a0\u00a0<strong>Natural Anodised <\/strong><\/p>\n","protected":false},"excerpt":{"rendered":"<pre id=\"tw-target-text\" class=\"tw-data-text tw-text-large tw-ta\" dir=\"ltr\" data-placeholder=\"\u00c7eviri\"><span class=\"Y2IQFc\" lang=\"tr\"><strong>Led etanj bombeli \u0130\u00e7 S\u00fcrg\u00fc<\/strong>, <em>LED Etanj Armat\u00fcrler i\u00e7in so\u011futucu eklentisidir. <\/em>\r\n<em>Birden fazla veya b\u00fcy\u00fck boyutlu LED Ayd\u0131nlatma kaynaklar\u0131 i\u00e7in iki geni\u015f y\u00fczey sunar.\r\n\u00c7ift Tarafl\u0131 so\u011futma blo\u011fu, 2x(20mm) geni\u015fli\u011fe kadar LED \u015eeritlerle uyumlu bir LED ayd\u0131nlatma kayna\u011f\u0131 uygulama y\u00fczeyi sunar\r\n<\/em>\r\n<em><strong>T\u00fcr:<\/strong> Aksesuarlar\r\n<strong>Malzeme:<\/strong> Al\u00fcminyum 6063-T5\r\n<strong>Y\u00fczey:<\/strong> Mat beyaz Eloksall\u0131<\/em>\r\n<em><strong>\u00dcr\u00fcn boyu<\/strong>: 3100 mm<\/em> <\/span><\/pre>\n","protected":false},"featured_media":3439,"template":"","meta":[],"product_brand":[],"product_cat":[72],"product_tag":[],"class_list":{"0":"post-3442","1":"product","2":"type-product","3":"status-publish","4":"has-post-thumbnail","6":"product_cat-aksesuarlar","8":"first","9":"outofstock","10":"taxable","11":"shipping-taxable","12":"product-type-simple"},"_links":{"self":[{"href":"https:\/\/asproms.com\/en\/wp-json\/wp\/v2\/product\/3442","targetHints":{"allow":["GET"]}}],"collection":[{"href":"https:\/\/asproms.com\/en\/wp-json\/wp\/v2\/product"}],"about":[{"href":"https:\/\/asproms.com\/en\/wp-json\/wp\/v2\/types\/product"}],"wp:featuredmedia":[{"embeddable":true,"href":"https:\/\/asproms.com\/en\/wp-json\/wp\/v2\/media\/3439"}],"wp:attachment":[{"href":"https:\/\/asproms.com\/en\/wp-json\/wp\/v2\/media?parent=3442"}],"wp:term":[{"taxonomy":"product_brand","embeddable":true,"href":"https:\/\/asproms.com\/en\/wp-json\/wp\/v2\/product_brand?post=3442"},{"taxonomy":"product_cat","embeddable":true,"href":"https:\/\/asproms.com\/en\/wp-json\/wp\/v2\/product_cat?post=3442"},{"taxonomy":"product_tag","embeddable":true,"href":"https:\/\/asproms.com\/en\/wp-json\/wp\/v2\/product_tag?post=3442"}],"curies":[{"name":"wp","href":"https:\/\/api.w.org\/{rel}","templated":true}]}}