{"id":3434,"date":"2018-05-04T14:59:00","date_gmt":"2018-05-04T11:59:00","guid":{"rendered":"http:\/\/localhost\/lydia\/product\/963asl-brc-20mm-0-79\/"},"modified":"2023-05-23T10:05:33","modified_gmt":"2023-05-23T07:05:33","slug":"963asl-brc-20mm-0-79","status":"publish","type":"product","link":"https:\/\/asproms.com\/en\/product\/963asl-brc-20mm-0-79\/","title":{"rendered":"963ASL 20MM TUTUCU KL\u0130PS"},"content":{"rendered":"<p>The <strong> 963ASL-BRC <\/strong> is a <strong> flat surface mounting bracket <\/strong> compatible with LED Channels <strong> 961ASL <\/strong> and <strong> 967ASL <\/strong><\/p>\n<p>Type: \u00a0\u00a0\u00a0\u00a0\u00a0\u00a0\u00a0\u00a0\u00a0<strong> Accessories<\/strong><br \/>\nMaterial: \u00a0\u00a0<strong>Aluminum 6063-T5<\/strong><br \/>\nSurface: \u00a0\u00a0\u00a0\u00a0<strong>Natural Anodised <\/strong><\/p>\n","protected":false},"excerpt":{"rendered":"<pre id=\"tw-target-text\" class=\"tw-data-text tw-text-large tw-ta\" dir=\"ltr\" data-placeholder=\"\u00c7eviri\"><span class=\"Y2IQFc\" lang=\"tr\"><strong>963ASL tutucu klips<\/strong>, 961ASL ve 967ASL LED Kanallar\u0131 ile uyumlu d\u00fcz bir y\u00fczeye montaj klipsidir. 20 mm uzunluktad\u0131r. \r\n\r\n<strong>T\u00fcr:<\/strong> Aksesuarlar\r\n<strong>Malzeme:<\/strong> Al\u00fcminyum 6063-T5\r\n<strong>Y\u00fczey:<\/strong> Mat beyaz Eloksall\u0131<\/span><\/pre>\n","protected":false},"featured_media":3430,"template":"","meta":[],"product_brand":[],"product_cat":[72],"product_tag":[],"class_list":{"0":"post-3434","1":"product","2":"type-product","3":"status-publish","4":"has-post-thumbnail","6":"product_cat-aksesuarlar","8":"first","9":"outofstock","10":"taxable","11":"shipping-taxable","12":"product-type-simple"},"_links":{"self":[{"href":"https:\/\/asproms.com\/en\/wp-json\/wp\/v2\/product\/3434","targetHints":{"allow":["GET"]}}],"collection":[{"href":"https:\/\/asproms.com\/en\/wp-json\/wp\/v2\/product"}],"about":[{"href":"https:\/\/asproms.com\/en\/wp-json\/wp\/v2\/types\/product"}],"wp:featuredmedia":[{"embeddable":true,"href":"https:\/\/asproms.com\/en\/wp-json\/wp\/v2\/media\/3430"}],"wp:attachment":[{"href":"https:\/\/asproms.com\/en\/wp-json\/wp\/v2\/media?parent=3434"}],"wp:term":[{"taxonomy":"product_brand","embeddable":true,"href":"https:\/\/asproms.com\/en\/wp-json\/wp\/v2\/product_brand?post=3434"},{"taxonomy":"product_cat","embeddable":true,"href":"https:\/\/asproms.com\/en\/wp-json\/wp\/v2\/product_cat?post=3434"},{"taxonomy":"product_tag","embeddable":true,"href":"https:\/\/asproms.com\/en\/wp-json\/wp\/v2\/product_tag?post=3434"}],"curies":[{"name":"wp","href":"https:\/\/api.w.org\/{rel}","templated":true}]}}