{"id":3429,"date":"2018-05-04T14:43:00","date_gmt":"2018-05-04T11:43:00","guid":{"rendered":"http:\/\/localhost\/lydia\/product\/amb-xl\/"},"modified":"2023-05-23T10:09:00","modified_gmt":"2023-05-23T07:09:00","slug":"amb-xl","status":"publish","type":"product","link":"https:\/\/asproms.com\/en\/product\/amb-xl\/","title":{"rendered":"Ayak Set 4"},"content":{"rendered":"<p>The <strong> AMB-XL <\/strong> is a <strong> adjustable mounting bracket <\/strong> compatible with Flood &amp; Tunnel Light Housings <strong> 902ASL <\/strong> and <strong> 903ASL <\/strong><\/p>\n<p>Type: \u00a0\u00a0\u00a0\u00a0\u00a0\u00a0\u00a0\u00a0\u00a0<strong> Accessories<\/strong><br \/>\nMaterial: \u00a0\u00a0<strong>Aluminum 6063-T5<\/strong><br \/>\nSurface: \u00a0\u00a0\u00a0\u00a0<strong>Natural Anodised <\/strong><\/p>\n","protected":false},"excerpt":{"rendered":"<pre id=\"tw-target-text\" class=\"tw-data-text tw-text-large tw-ta\" dir=\"ltr\" data-placeholder=\"\u00c7eviri\"><span class=\"Y2IQFc\" lang=\"tr\"><strong>Ayak set 4<\/strong>, Projekt\u00f6r setleri 902ASL ve 903ASL ile uyumlu, ayarlanabilir bir montaj aya\u011f\u0131d\u0131r.\r\n\r\n<strong>T\u00fcr:<\/strong> Aksesuarlar\r\n<strong>Malzeme:<\/strong> Al\u00fcminyum 6063-T5\r\n<strong>Y\u00fczey:<\/strong> Mat beyaz Eloksall\u0131<\/span><\/pre>\n","protected":false},"featured_media":3425,"template":"","meta":[],"product_brand":[],"product_cat":[72],"product_tag":[],"class_list":{"0":"post-3429","1":"product","2":"type-product","3":"status-publish","4":"has-post-thumbnail","6":"product_cat-aksesuarlar","8":"first","9":"outofstock","10":"taxable","11":"shipping-taxable","12":"product-type-simple"},"_links":{"self":[{"href":"https:\/\/asproms.com\/en\/wp-json\/wp\/v2\/product\/3429","targetHints":{"allow":["GET"]}}],"collection":[{"href":"https:\/\/asproms.com\/en\/wp-json\/wp\/v2\/product"}],"about":[{"href":"https:\/\/asproms.com\/en\/wp-json\/wp\/v2\/types\/product"}],"wp:featuredmedia":[{"embeddable":true,"href":"https:\/\/asproms.com\/en\/wp-json\/wp\/v2\/media\/3425"}],"wp:attachment":[{"href":"https:\/\/asproms.com\/en\/wp-json\/wp\/v2\/media?parent=3429"}],"wp:term":[{"taxonomy":"product_brand","embeddable":true,"href":"https:\/\/asproms.com\/en\/wp-json\/wp\/v2\/product_brand?post=3429"},{"taxonomy":"product_cat","embeddable":true,"href":"https:\/\/asproms.com\/en\/wp-json\/wp\/v2\/product_cat?post=3429"},{"taxonomy":"product_tag","embeddable":true,"href":"https:\/\/asproms.com\/en\/wp-json\/wp\/v2\/product_tag?post=3429"}],"curies":[{"name":"wp","href":"https:\/\/api.w.org\/{rel}","templated":true}]}}