{"id":3424,"date":"2018-05-03T22:07:00","date_gmt":"2018-05-03T19:07:00","guid":{"rendered":"http:\/\/localhost\/lydia\/product\/amb-l\/"},"modified":"2023-05-23T10:20:25","modified_gmt":"2023-05-23T07:20:25","slug":"amb-l","status":"publish","type":"product","link":"https:\/\/asproms.com\/en\/product\/amb-l\/","title":{"rendered":"Ayak Set (B\u00fcy\u00fck)"},"content":{"rendered":"<p>The <strong> AMB-L <\/strong> is a <strong> adjustable mounting bracket <\/strong> compatible with LED Channels <strong> 531ASL, 532ASL, 550ASL, 701ASL, 702ASL, 703ASL, 803ASL <\/strong> and Linear Wall Washer Housings <strong> 101ASL, 211ASL, 311ASL, 321ASL, 331ASL, 501ASL, 511ASL, 521ASL, 551ASL. <\/strong><\/p>\n<p>Type: \u00a0\u00a0\u00a0\u00a0\u00a0\u00a0\u00a0\u00a0\u00a0<strong> Accessories<\/strong><br \/>\nMaterial: \u00a0\u00a0<strong>Aluminum 6063-T5<\/strong><br \/>\nSurface: \u00a0\u00a0\u00a0\u00a0<strong>Natural Anodised <\/strong><\/p>\n","protected":false},"excerpt":{"rendered":"<pre id=\"tw-target-text\" class=\"tw-data-text tw-text-large tw-ta\" dir=\"ltr\" data-placeholder=\"\u00c7eviri\"><span class=\"Y2IQFc\" lang=\"tr\"><em><strong>Ayak set b\u00fcy\u00fck<\/strong>, 531ASL, 532ASL, 550ASL, 701ASL, 702ASL, 703ASL, 803ASL LED Kanallar\u0131 ve \r\n101ASL, 211ASL, 311ASL, 321ASL, 331ASL, 501ASL, 511ASL, Lineer Wallwasher lar ile uyumlu ayarlanabilir montaj aya\u011f\u0131d\u0131r.\r\n\r\n<strong>T\u00fcr:<\/strong> Aksesuarlar\r\n<strong>Malzeme:<\/strong> Al\u00fcminyum 6063-T5\r\n<strong>Y\u00fczey:<\/strong> Mat beyaz Eloksall\u0131\r\n<strong>Y\u00fckseklik:<\/strong> 7 cm.<\/em><\/span><\/pre>\n","protected":false},"featured_media":3422,"template":"","meta":[],"product_brand":[],"product_cat":[72],"product_tag":[],"class_list":{"0":"post-3424","1":"product","2":"type-product","3":"status-publish","4":"has-post-thumbnail","6":"product_cat-aksesuarlar","8":"first","9":"outofstock","10":"taxable","11":"shipping-taxable","12":"product-type-simple"},"_links":{"self":[{"href":"https:\/\/asproms.com\/en\/wp-json\/wp\/v2\/product\/3424","targetHints":{"allow":["GET"]}}],"collection":[{"href":"https:\/\/asproms.com\/en\/wp-json\/wp\/v2\/product"}],"about":[{"href":"https:\/\/asproms.com\/en\/wp-json\/wp\/v2\/types\/product"}],"wp:featuredmedia":[{"embeddable":true,"href":"https:\/\/asproms.com\/en\/wp-json\/wp\/v2\/media\/3422"}],"wp:attachment":[{"href":"https:\/\/asproms.com\/en\/wp-json\/wp\/v2\/media?parent=3424"}],"wp:term":[{"taxonomy":"product_brand","embeddable":true,"href":"https:\/\/asproms.com\/en\/wp-json\/wp\/v2\/product_brand?post=3424"},{"taxonomy":"product_cat","embeddable":true,"href":"https:\/\/asproms.com\/en\/wp-json\/wp\/v2\/product_cat?post=3424"},{"taxonomy":"product_tag","embeddable":true,"href":"https:\/\/asproms.com\/en\/wp-json\/wp\/v2\/product_tag?post=3424"}],"curies":[{"name":"wp","href":"https:\/\/api.w.org\/{rel}","templated":true}]}}