{"id":3421,"date":"2018-05-03T22:06:00","date_gmt":"2018-05-03T19:06:00","guid":{"rendered":"http:\/\/localhost\/lydia\/product\/amb-m\/"},"modified":"2023-05-23T10:21:35","modified_gmt":"2023-05-23T07:21:35","slug":"amb-m","status":"publish","type":"product","link":"https:\/\/asproms.com\/en\/product\/amb-m\/","title":{"rendered":"Ayak Set (Orta)"},"content":{"rendered":"<p>The <strong> AMB-M <\/strong> is a <strong> adjustable mounting bracket <\/strong> compatible with LED Channels <strong> 531ASL, 532ASL, 550ASL, 701ASL, 702ASL, 703ASL, 803ASL <\/strong> and Linear Wall Washer Housings <strong> 101ASL, 211ASL, 311ASL, 321ASL, 331ASL, 501ASL, 511ASL, 521ASL, 551ASL. <\/strong><\/p>\n<p>Type: \u00a0\u00a0\u00a0\u00a0\u00a0\u00a0\u00a0\u00a0\u00a0<strong> Accessories<\/strong><br \/>\nMaterial: \u00a0\u00a0<strong>Aluminum 6063-T5<\/strong><br \/>\nSurface: \u00a0\u00a0\u00a0\u00a0<strong>Natural Anodised <\/strong><\/p>\n","protected":false},"excerpt":{"rendered":"<p><span class=\"Y2IQFc\" lang=\"tr\"><em><strong>Ayak set orta<\/strong>, 531ASL, 532ASL, 550ASL, 701ASL, 702ASL, 703ASL, 803ASL LED Kanallar\u0131 ve 101ASL, 211ASL, 311ASL, 321ASL, 331ASL, 501ASL, 511ASL, Lineer Wallwasher lar ile uyumlu ayarlanabilir montaj aya\u011f\u0131d\u0131r. <\/em><\/span><\/p>\n<p><span class=\"Y2IQFc\" lang=\"tr\"><em><strong>T\u00fcr:<\/strong> Aksesuarlar <\/em><\/span><\/p>\n<p><span class=\"Y2IQFc\" lang=\"tr\"><em><strong>Malzeme:<\/strong> Al\u00fcminyum 6063-T5 <\/em><\/span><\/p>\n<p><span class=\"Y2IQFc\" lang=\"tr\"><em><strong>Y\u00fczey:<\/strong> Mat beyaz Eloksall\u0131 <\/em><\/span><\/p>\n<p><span class=\"Y2IQFc\" lang=\"tr\"><em><strong>Y\u00fckseklik:<\/strong>\u00a0 4,5 cm.<\/em><\/span><\/p>\n","protected":false},"featured_media":3419,"template":"","meta":[],"product_brand":[],"product_cat":[72],"product_tag":[],"class_list":{"0":"post-3421","1":"product","2":"type-product","3":"status-publish","4":"has-post-thumbnail","6":"product_cat-aksesuarlar","8":"first","9":"outofstock","10":"taxable","11":"shipping-taxable","12":"product-type-simple"},"_links":{"self":[{"href":"https:\/\/asproms.com\/en\/wp-json\/wp\/v2\/product\/3421","targetHints":{"allow":["GET"]}}],"collection":[{"href":"https:\/\/asproms.com\/en\/wp-json\/wp\/v2\/product"}],"about":[{"href":"https:\/\/asproms.com\/en\/wp-json\/wp\/v2\/types\/product"}],"wp:featuredmedia":[{"embeddable":true,"href":"https:\/\/asproms.com\/en\/wp-json\/wp\/v2\/media\/3419"}],"wp:attachment":[{"href":"https:\/\/asproms.com\/en\/wp-json\/wp\/v2\/media?parent=3421"}],"wp:term":[{"taxonomy":"product_brand","embeddable":true,"href":"https:\/\/asproms.com\/en\/wp-json\/wp\/v2\/product_brand?post=3421"},{"taxonomy":"product_cat","embeddable":true,"href":"https:\/\/asproms.com\/en\/wp-json\/wp\/v2\/product_cat?post=3421"},{"taxonomy":"product_tag","embeddable":true,"href":"https:\/\/asproms.com\/en\/wp-json\/wp\/v2\/product_tag?post=3421"}],"curies":[{"name":"wp","href":"https:\/\/api.w.org\/{rel}","templated":true}]}}