{"id":3378,"date":"2018-05-01T19:33:00","date_gmt":"2018-05-01T16:33:00","guid":{"rendered":"http:\/\/localhost\/lydia\/product\/864as-set\/"},"modified":"2023-05-23T11:21:11","modified_gmt":"2023-05-23T08:21:11","slug":"864as-set","status":"publish","type":"product","link":"https:\/\/asproms.com\/en\/product\/864as-set\/","title":{"rendered":"864AS-Set"},"content":{"rendered":"<p>Type: <strong>\u00a0\u00a0\u00a0\u00a0\u00a0\u00a0\u00a0\u00a0\u00a0 Forced Convection Heatsink<\/strong><br \/>\nMaterial: <strong>\u00a0\u00a0Aluminum 6063-T5<\/strong><br \/>\nSurface: <strong>\u00a0\u00a0\u00a0\u00a0Natural Anodised <\/strong><br \/>\nHeight: \u00a0\u00a0\u00a0\u00a0\u00a0\u00a0<strong>59.40mm \/ 2.34&#8243;<\/strong><br \/>\nWidth: \u00a0\u00a0\u00a0\u00a0\u00a0\u00a0\u00a0<strong>244.80mm \/ 9.64&#8243;<\/strong><\/p>\n<p><strong>Length Availability<\/strong><br \/>\n250mm \/ 9.84&#8243; (SKU: 864AS-250)<br \/>\nCustom Lengths\u00a0<strong>up to 3.05m \/ 10ft<\/strong><\/p>\n<p>Forced Convection Heatsinks help to manage the thermal level of your application using <strong>forced air cooling.<\/strong> They provide <strong>high performance cooling<\/strong> for challenging conditions when used with axial or radial fans.<\/p>\n","protected":false},"excerpt":{"rendered":"<p>864 AS-Set \u00fcr\u00fcn\u00fc, y\u00fcksek performansl\u0131 so\u011futma gerektiren devrelerde kullan\u0131l\u0131r. End\u00fcstride &#8220;zorlanm\u0131\u015f konveksiyon&#8221; olarak bilinen ve \u00f6zellikle g\u00fc\u00e7 kaynaklar\u0131 gibi devrelerde kullan\u0131lan fan ile \u0131s\u0131nan havay\u0131 do\u011frudan d\u0131\u015far\u0131 atabilmeniz i\u00e7in tasarlanm\u0131\u015ft\u0131r. Tasar\u0131m\u0131ndan dolay\u0131 istenilen boy ve geni\u015fliklerde yap\u0131labilmektedir. \u00d6zel ihtiya\u00e7lar\u0131n\u0131z i\u00e7in CNC ve freze i\u015flemleri yap\u0131labilir.<\/p>\n<p><strong>Kategori:<\/strong> Y\u00fcksek Performansl\u0131 So\u011futucu<\/p>\n<p><strong>Materyal<\/strong> : Al\u00fcminyum 6063-T5<\/p>\n<p><strong>Kaplama:<\/strong> Pres &amp; Ham<\/p>\n<p><strong>Y\u00fckseklik:<\/strong> 126mm<\/p>\n<p><strong>Geni\u015flik:<\/strong> 244,8mm<\/p>\n<p>Bu \u00fcr\u00fcnle ilgili detayl\u0131 sorular\u0131n\u0131z ve \u00f6zel i\u015fleme talepleriniz varsa, l\u00fctfen bizimle ileti\u015fime ge\u00e7iniz.<\/p>\n","protected":false},"featured_media":3372,"template":"","meta":[],"product_brand":[],"product_cat":[62],"product_tag":[],"class_list":{"0":"post-3378","1":"product","2":"type-product","3":"status-publish","4":"has-post-thumbnail","6":"product_cat-yuksek-performansli-sogutucular","8":"first","9":"outofstock","10":"taxable","11":"shipping-taxable","12":"product-type-simple"},"_links":{"self":[{"href":"https:\/\/asproms.com\/en\/wp-json\/wp\/v2\/product\/3378","targetHints":{"allow":["GET"]}}],"collection":[{"href":"https:\/\/asproms.com\/en\/wp-json\/wp\/v2\/product"}],"about":[{"href":"https:\/\/asproms.com\/en\/wp-json\/wp\/v2\/types\/product"}],"wp:featuredmedia":[{"embeddable":true,"href":"https:\/\/asproms.com\/en\/wp-json\/wp\/v2\/media\/3372"}],"wp:attachment":[{"href":"https:\/\/asproms.com\/en\/wp-json\/wp\/v2\/media?parent=3378"}],"wp:term":[{"taxonomy":"product_brand","embeddable":true,"href":"https:\/\/asproms.com\/en\/wp-json\/wp\/v2\/product_brand?post=3378"},{"taxonomy":"product_cat","embeddable":true,"href":"https:\/\/asproms.com\/en\/wp-json\/wp\/v2\/product_cat?post=3378"},{"taxonomy":"product_tag","embeddable":true,"href":"https:\/\/asproms.com\/en\/wp-json\/wp\/v2\/product_tag?post=3378"}],"curies":[{"name":"wp","href":"https:\/\/api.w.org\/{rel}","templated":true}]}}