{"id":3371,"date":"2018-05-01T19:08:00","date_gmt":"2018-05-01T16:08:00","guid":{"rendered":"http:\/\/localhost\/lydia\/product\/764as-set\/"},"modified":"2023-05-23T11:22:27","modified_gmt":"2023-05-23T08:22:27","slug":"764as-set","status":"publish","type":"product","link":"https:\/\/asproms.com\/en\/product\/764as-set\/","title":{"rendered":"764AS-Set"},"content":{"rendered":"<p>The <strong>764AS-Set<\/strong> is a <strong>High Performance heatsink<\/strong> that can be designed to <strong>your specific needs.<\/strong> It can be used <strong>standalone<\/strong> or as a<strong> Forced Convection* Heatsink.<\/strong> The 764AS-Set is manufactured joining two 764AS extrusions and inserting 14x 775AS fin type extrusions side by side. It provides the flexibility to produce the required heatsink in <strong>different length options<\/strong>. The production process can be complemented by Milling, if requested, which provides an <strong>excellent application surface.<\/strong> In addition, different fabrications that may be required for your application, such as<strong> drilling and tapping<\/strong>, can be provided.<\/p>\n<p>Type: <strong>\u00a0\u00a0\u00a0\u00a0\u00a0\u00a0\u00a0\u00a0\u00a0 Forced Convection Heatsink<\/strong><br \/>\nMaterial: <strong>\u00a0\u00a0Aluminum 6063-T5<\/strong><br \/>\nSurface: <strong>\u00a0\u00a0\u00a0\u00a0Natural \/ Black Anodised <\/strong><br \/>\nHeight: \u00a0\u00a0\u00a0\u00a0\u00a0\u00a0<strong>126mm \/ 4.96&#8243;<\/strong><br \/>\nWidth: \u00a0\u00a0\u00a0\u00a0\u00a0\u00a0\u00a0<strong>122.40mm \/ 4.82&#8243;<\/strong><\/p>\n<p><strong>Length Availability<\/strong><br \/>\n150mm \/ 5.91&#8243; (SKU: 764AS-150)<br \/>\n200mm \/ 7.87&#8243; (SKU: 764AS-200)<br \/>\n250mm \/ 9.84&#8243; (SKU: 764AS-250)<br \/>\n300mm \/ 11.81&#8243; (SKU: 764AS-300)<br \/>\nCustom Lengths\u00a0<strong>up to 3.05m \/ 10ft<\/strong><\/p>\n<p>*Forced Convection Heatsinks help to manage the thermal level of your application using <strong>forced air cooling.<\/strong> They provide <strong>high performance cooling<\/strong> for challenging conditions when used with axial or radial fans.<\/p>\n","protected":false},"excerpt":{"rendered":"<p>764 AS-Set \u00fcr\u00fcn\u00fc, y\u00fcksek performansl\u0131 so\u011futma gerektiren devrelerde kullan\u0131l\u0131r. End\u00fcstride &#8220;zorlanm\u0131\u015f konveksiyon&#8221; olarak bilinen ve \u00f6zellikle g\u00fc\u00e7 kaynaklar\u0131 gibi devrelerde kullan\u0131lan fan ile \u0131s\u0131nan havay\u0131 do\u011frudan d\u0131\u015far\u0131 atabilmeniz i\u00e7in tasarlanm\u0131\u015ft\u0131r. Tasar\u0131m\u0131ndan dolay\u0131 istenilen boy ve geni\u015fliklerde yap\u0131labilmektedir. \u00d6zel ihtiya\u00e7lar\u0131n\u0131z i\u00e7in CNC ve freze i\u015flemleri yap\u0131labilir. 764 AS-Set \u00fcr\u00fcnleri y\u00fcksek performansl\u0131 so\u011futma gerektiren devrelerde kullan\u0131lmaktad\u0131r. End\u00fcstride &#8220;zorlanm\u0131\u015f konveksiyon&#8221; olarak bilinen ve \u00f6zellikle g\u00fc\u00e7 kaynaklar\u0131 gibi devrelerde kullan\u0131lan fan ile \u0131s\u0131nan havay\u0131 do\u011frudan d\u0131\u015far\u0131 atabilmeniz i\u00e7in tasarlanm\u0131\u015ft\u0131r. Tasar\u0131m\u0131ndan dolay\u0131 istenilen boy ve geni\u015fliklerde yap\u0131labilmektedir. \u00d6zel ihtiya\u00e7lar\u0131n\u0131z i\u00e7in CNC ve freze i\u015flemleri yap\u0131labilir.<\/p>\n<p><strong>Kategori:<\/strong> Y\u00fcksek Performansl\u0131 So\u011futucu<\/p>\n<p><strong>Materyal :<\/strong> Al\u00fcminyum 6063-T5<\/p>\n<p><strong>Kaplama:<\/strong> Pres &amp; Ham<\/p>\n<p><strong>Y\u00fckseklik:<\/strong> 126mm<\/p>\n<p><strong>Geni\u015flik:<\/strong> 122.4mm<\/p>\n<p>Bu \u00fcr\u00fcnle ilgili detayl\u0131 sorular\u0131n\u0131z ve \u00f6zel i\u015fleme talepleriniz i\u00e7in bizimle ileti\u015fime ge\u00e7ebilirsiniz.<\/p>\n","protected":false},"featured_media":3365,"template":"","meta":[],"product_brand":[],"product_cat":[62],"product_tag":[],"class_list":{"0":"post-3371","1":"product","2":"type-product","3":"status-publish","4":"has-post-thumbnail","6":"product_cat-yuksek-performansli-sogutucular","8":"first","9":"outofstock","10":"taxable","11":"shipping-taxable","12":"product-type-simple"},"_links":{"self":[{"href":"https:\/\/asproms.com\/en\/wp-json\/wp\/v2\/product\/3371","targetHints":{"allow":["GET"]}}],"collection":[{"href":"https:\/\/asproms.com\/en\/wp-json\/wp\/v2\/product"}],"about":[{"href":"https:\/\/asproms.com\/en\/wp-json\/wp\/v2\/types\/product"}],"wp:featuredmedia":[{"embeddable":true,"href":"https:\/\/asproms.com\/en\/wp-json\/wp\/v2\/media\/3365"}],"wp:attachment":[{"href":"https:\/\/asproms.com\/en\/wp-json\/wp\/v2\/media?parent=3371"}],"wp:term":[{"taxonomy":"product_brand","embeddable":true,"href":"https:\/\/asproms.com\/en\/wp-json\/wp\/v2\/product_brand?post=3371"},{"taxonomy":"product_cat","embeddable":true,"href":"https:\/\/asproms.com\/en\/wp-json\/wp\/v2\/product_cat?post=3371"},{"taxonomy":"product_tag","embeddable":true,"href":"https:\/\/asproms.com\/en\/wp-json\/wp\/v2\/product_tag?post=3371"}],"curies":[{"name":"wp","href":"https:\/\/api.w.org\/{rel}","templated":true}]}}