{"id":3358,"date":"2018-05-01T18:40:00","date_gmt":"2018-05-01T15:40:00","guid":{"rendered":"http:\/\/localhost\/lydia\/product\/664as-set\/"},"modified":"2023-05-23T11:19:06","modified_gmt":"2023-05-23T08:19:06","slug":"664as-set","status":"publish","type":"product","link":"https:\/\/asproms.com\/en\/product\/664as-set\/","title":{"rendered":"664AS-Set"},"content":{"rendered":"<p>The <strong>664AS-Set<\/strong> is a <strong>High Performance heatsink<\/strong> that can be designed to <strong>your specific needs.<\/strong> It can be used <strong>standalone<\/strong> or as a<strong> Forced Convection* Heatsink.<\/strong> The 664AS-Set is manufactured joining the 664AS type fin extrusions side by side to provide the flexibility to produce the required heatsink in <strong>different length and width options<\/strong>. The production process is complemented by Milling, which provides an <strong>excellent application surface.<\/strong> In addition, different fabrications that may be required for your application, such as<strong> drilling and tapping<\/strong>, can be provided.<\/p>\n<p>Type: <strong>\u00a0\u00a0\u00a0\u00a0\u00a0\u00a0\u00a0\u00a0\u00a0 Forced Convection Heatsink<\/strong><br \/>\nMaterial: <strong>\u00a0\u00a0Aluminum 6063-T5<\/strong><br \/>\nSurface: <strong>\u00a0\u00a0\u00a0\u00a0Natural \/ Black Anodised <\/strong><br \/>\nHeight: \u00a0\u00a0\u00a0\u00a0\u00a0\u00a0<strong>72.5mm \/ 2.85&#8243;<\/strong><br \/>\nWidth: \u00a0\u00a0\u00a0\u00a0\u00a0\u00a0\u00a0<strong>Custom Width as required<\/strong><\/p>\n<p><strong>Length Availability<\/strong><br \/>\nCustom Lengths\u00a0<strong>up to 3.05m \/ 10ft<\/strong><\/p>\n<p>*Forced Convection Heatsinks help to manage the thermal level of your application using <strong>forced air cooling.<\/strong> They provide <strong>high performance cooling<\/strong> for challenging conditions when used with axial or radial fans.<\/p>\n","protected":false},"excerpt":{"rendered":"<pre id=\"tw-target-text\" class=\"tw-data-text tw-text-large tw-ta\" dir=\"ltr\" data-placeholder=\"\u00c7eviri\"><span class=\"Y2IQFc\" lang=\"tr\"><strong>6<em>64AS-Set<\/em><\/strong><em>, \u00f6zel ihtiya\u00e7lar\u0131n\u0131za g\u00f6re tasarlanabilen Y\u00fcksek Performansl\u0131 bir so\u011futma blo\u011fudur.<\/em>\r\n<em>Tek ba\u015f\u0131na veya Zorunlu Konveksiyon So\u011futucu olarak kullan\u0131labilir.<\/em>\r\n<em>664AS-Set, 664AS tipi fin ekstr\u00fczyonlar\u0131n yan yana birle\u015ftirilmesiyle \u00fcretilmekte olup, gerekli so\u011futucuyu farkl\u0131 boy ve geni\u015flik se\u00e7eneklerinde \u00fcretebilme esnekli\u011fi sa\u011flamaktad\u0131r.<\/em>\r\n<em>\u00dcretim s\u00fcreci, m\u00fckemmel bir uygulama y\u00fczeyi sa\u011flayan Frezeleme ile tamamlan\u0131r.<\/em>\r\n<em>Ayr\u0131ca delik delme ve k\u0131lavuz \u00e7ekme gibi uygulaman\u0131z i\u00e7in gerekli olabilecek farkl\u0131 imalatlar da sa\u011flanabilmektedir.\r\n\r\n<strong>Malzeme:<\/strong> Al\u00fcminyum 6063-T5\r\n<strong>Y\u00fczey:<\/strong> Al\u00fcminyum\r\n<strong>Y\u00fckseklik:<\/strong> 72,5 mm\r\n<strong>Geni\u015flik:<\/strong> Gerekti\u011fi gibi \u00d6zel Geni\u015flik\r\n\r\nY\u00fcksek performansl\u0131 so\u011futucular, y\u00fcksek so\u011futma performans\u0131yla uygulaman\u0131z\u0131n termal seviyesini y\u00f6netmenize yard\u0131mc\u0131 olur.\r\nEksenel veya radyal fanlarla birlikte kullan\u0131ld\u0131\u011f\u0131nda zorlu ko\u015fullar i\u00e7in y\u00fcksek performansl\u0131 so\u011futma sa\u011flarlar.\r\n<\/em><\/span><\/pre>\n","protected":false},"featured_media":3353,"template":"","meta":[],"product_brand":[],"product_cat":[114],"product_tag":[],"class_list":{"0":"post-3358","1":"product","2":"type-product","3":"status-publish","4":"has-post-thumbnail","6":"product_cat-high-performance-heatsinks","8":"first","9":"outofstock","10":"taxable","11":"shipping-taxable","12":"product-type-simple"},"_links":{"self":[{"href":"https:\/\/asproms.com\/en\/wp-json\/wp\/v2\/product\/3358","targetHints":{"allow":["GET"]}}],"collection":[{"href":"https:\/\/asproms.com\/en\/wp-json\/wp\/v2\/product"}],"about":[{"href":"https:\/\/asproms.com\/en\/wp-json\/wp\/v2\/types\/product"}],"wp:featuredmedia":[{"embeddable":true,"href":"https:\/\/asproms.com\/en\/wp-json\/wp\/v2\/media\/3353"}],"wp:attachment":[{"href":"https:\/\/asproms.com\/en\/wp-json\/wp\/v2\/media?parent=3358"}],"wp:term":[{"taxonomy":"product_brand","embeddable":true,"href":"https:\/\/asproms.com\/en\/wp-json\/wp\/v2\/product_brand?post=3358"},{"taxonomy":"product_cat","embeddable":true,"href":"https:\/\/asproms.com\/en\/wp-json\/wp\/v2\/product_cat?post=3358"},{"taxonomy":"product_tag","embeddable":true,"href":"https:\/\/asproms.com\/en\/wp-json\/wp\/v2\/product_tag?post=3358"}],"curies":[{"name":"wp","href":"https:\/\/api.w.org\/{rel}","templated":true}]}}