{"id":3352,"date":"2018-05-01T18:36:00","date_gmt":"2018-05-01T15:36:00","guid":{"rendered":"http:\/\/localhost\/lydia\/product\/664as\/"},"modified":"2023-05-23T11:02:38","modified_gmt":"2023-05-23T08:02:38","slug":"664as","status":"publish","type":"product","link":"https:\/\/asproms.com\/en\/product\/664as\/","title":{"rendered":"664 AS Aluminyum So\u011futucu"},"content":{"rendered":"<p>Type: <strong>\u00a0\u00a0\u00a0\u00a0\u00a0\u00a0\u00a0\u00a0\u00a0 Forced Convection Heatsink<\/strong><br \/>\nMaterial: <strong>\u00a0\u00a0Aluminum 6063-T5<\/strong><br \/>\nSurface: <strong>\u00a0\u00a0\u00a0\u00a0Natural \/ Black Anodised <\/strong><br \/>\nHeight: \u00a0\u00a0\u00a0\u00a0\u00a0\u00a0<strong>72.5mm \/ 2.85&#8243;<\/strong><br \/>\nWidth: \u00a0\u00a0\u00a0\u00a0\u00a0\u00a0\u00a0<strong>6mm \/ 0.24&#8243;<\/strong><\/p>\n<p><strong>Length Availability<\/strong><br \/>\nCustom Lengths\u00a0<strong>up to 3.05m \/ 10ft<\/strong><\/p>\n<p>Forced Convection Heatsinks help to manage the thermal level of your application using <strong>forced air cooling.<\/strong> They provide <strong>high performance cooling<\/strong> for challenging conditions when used with axial or radial fans.<\/p>\n","protected":false},"excerpt":{"rendered":"<p><strong>Materyal :<\/strong> Aluminyum 6063-T5<\/p>\n<p><strong>Y\u00fczey :\u00a0<\/strong> Aluminyum<\/p>\n<p><strong>Pres Boy Uzunlu\u011fu :<\/strong> 4050 mm<\/p>\n<p><strong>Y\u00fckseklik :<\/strong> 72,5 mm<\/p>\n<p><strong>Geni\u015flik :<\/strong> 6 mm<\/p>\n<pre id=\"tw-target-text\" class=\"tw-data-text tw-text-large tw-ta\" dir=\"ltr\" data-placeholder=\"\u00c7eviri\"><strong><span class=\"Y2IQFc\" lang=\"tr\">cebri hava so\u011futma kullanan uygulaman\u0131z\u0131n termal seviyesi. Eksenel veya radyal fanlarla birlikte kullan\u0131ld\u0131\u011f\u0131nda zorlu ko\u015fullar i\u00e7in y\u00fcksek performansl\u0131 so\u011futma sa\u011flarlar.<\/span><\/strong><\/pre>\n","protected":false},"featured_media":3350,"template":"","meta":[],"product_brand":[],"product_cat":[58],"product_tag":[],"class_list":{"0":"post-3352","1":"product","2":"type-product","3":"status-publish","4":"has-post-thumbnail","6":"product_cat-sogutucu-profilleri","8":"first","9":"outofstock","10":"taxable","11":"shipping-taxable","12":"product-type-simple"},"_links":{"self":[{"href":"https:\/\/asproms.com\/en\/wp-json\/wp\/v2\/product\/3352","targetHints":{"allow":["GET"]}}],"collection":[{"href":"https:\/\/asproms.com\/en\/wp-json\/wp\/v2\/product"}],"about":[{"href":"https:\/\/asproms.com\/en\/wp-json\/wp\/v2\/types\/product"}],"wp:featuredmedia":[{"embeddable":true,"href":"https:\/\/asproms.com\/en\/wp-json\/wp\/v2\/media\/3350"}],"wp:attachment":[{"href":"https:\/\/asproms.com\/en\/wp-json\/wp\/v2\/media?parent=3352"}],"wp:term":[{"taxonomy":"product_brand","embeddable":true,"href":"https:\/\/asproms.com\/en\/wp-json\/wp\/v2\/product_brand?post=3352"},{"taxonomy":"product_cat","embeddable":true,"href":"https:\/\/asproms.com\/en\/wp-json\/wp\/v2\/product_cat?post=3352"},{"taxonomy":"product_tag","embeddable":true,"href":"https:\/\/asproms.com\/en\/wp-json\/wp\/v2\/product_tag?post=3352"}],"curies":[{"name":"wp","href":"https:\/\/api.w.org\/{rel}","templated":true}]}}