{"id":3349,"date":"2018-05-01T18:27:00","date_gmt":"2018-05-01T15:27:00","guid":{"rendered":"http:\/\/localhost\/lydia\/product\/564as-set\/"},"modified":"2023-05-23T11:04:28","modified_gmt":"2023-05-23T08:04:28","slug":"564as-set","status":"publish","type":"product","link":"https:\/\/asproms.com\/en\/product\/564as-set\/","title":{"rendered":"564AS-Set"},"content":{"rendered":"<p>The <strong>564AS-Set<\/strong> is a <strong>High Performance heatsink<\/strong> that can be designed to <strong>your specific needs.<\/strong> It can be used <strong>standalone<\/strong> or as a<strong> Forced Convection* Heatsink.<\/strong> The 564AS-Set is manufactured joining the 564AS type fin extrusions side by side to provide the flexibility to produce the required heatsink in <strong>different length and width options<\/strong>. The production process is complemented by Milling, which provides an <strong>excellent application surface.<\/strong> In addition, different fabrications that may be required for your application, such as<strong> drilling and tapping<\/strong>, can be provided.<\/p>\n<p>Type: <strong>\u00a0\u00a0\u00a0\u00a0\u00a0\u00a0\u00a0\u00a0\u00a0 Forced Convection Heatsink<\/strong><br \/>\nMaterial: <strong>\u00a0\u00a0Aluminum 6063-T5<\/strong><br \/>\nSurface: <strong>\u00a0\u00a0\u00a0\u00a0Natural \/ Black Anodised <\/strong><br \/>\nHeight: \u00a0\u00a0\u00a0\u00a0\u00a0\u00a0<strong>72.5mm \/ 2.85&#8243;<\/strong><br \/>\nWidth: \u00a0\u00a0\u00a0\u00a0\u00a0\u00a0\u00a0<strong>Custom Width as required<\/strong><\/p>\n<p><strong>Length Availability<\/strong><br \/>\n300mm \/ 11.81&#8243; (SKU: 564AS-300)<br \/>\n400mm \/ 15.75&#8243; (SKU: 564AS-400)<br \/>\nCustom Lengths\u00a0<strong>up to 3.05m \/ 10ft<\/strong><\/p>\n<p>*Forced Convection Heatsinks help to manage the thermal level of your application using <strong>forced air cooling.<\/strong> They provide <strong>high performance cooling<\/strong> for challenging conditions when used with axial or radial fans.<\/p>\n","protected":false},"excerpt":{"rendered":"<p>564 AS-Set \u00fcr\u00fcn\u00fc y\u00fcksek performansl\u0131 so\u011futma ihtiyac\u0131 gereken devrelerde kullan\u0131lmaktad\u0131r. End\u00fcstride &#8220;Forced Convection&#8221; olarak belirtilen fan ile \u0131s\u0131nan havay\u0131 direkt d\u0131\u015far\u0131 atabilece\u011finiz bir tasar\u0131ma sahiptir.\u00d6zellikle g\u00fc\u00e7 kayna\u011f\u0131 gibi devrelerde \u00e7ok\u00e7a kllan\u0131lmaktad\u0131r. Tasar\u0131m\u0131 gere\u011fi istenilen uzunluklarda ve geni\u015fliklerde \u00fcretilebilmektedir. \u00d6zel ihtiya\u00e7lar\u0131n\u0131za y\u00f6nelik CNC&amp;Freze i\u015flemleri ger\u00e7ekle\u015ftirilebilir.<\/p>\n<table class=\"table\">\n<tbody>\n<tr>\n<td>&nbsp;<\/p>\n<table class=\"table\">\n<tbody>\n<tr>\n<td>Kategori:<\/td>\n<td><strong>Y\u00fcksek Performansl\u0131 So\u011futucu<\/strong><\/td>\n<\/tr>\n<tr>\n<td>Hammadde:<\/td>\n<td><strong>Aluminyum 6063-T5<\/strong><\/td>\n<\/tr>\n<tr>\n<td>Y\u00fczey :<\/td>\n<td><strong>Press &amp; Ham\u00a0<\/strong><\/td>\n<\/tr>\n<tr>\n<td>Y\u00fckseklik:<\/td>\n<td><strong>145 mm<\/strong><\/td>\n<\/tr>\n<tr>\n<td>Geni\u015flik:<\/td>\n<td>\u0130htiya\u00e7 do\u011frultusunda geni\u015flik belirlenebilir.<\/td>\n<\/tr>\n<\/tbody>\n<\/table>\n<p>Bu \u00fcr\u00fcnle ilgili detayl\u0131 sorular\u0131n\u0131z, \u00f6zel i\u015flem talepleriniz i\u00e7in bizimle irtibata ge\u00e7ebilirsiniz.<\/td>\n<\/tr>\n<tr>\n<td><\/td>\n<\/tr>\n<\/tbody>\n<\/table>\n","protected":false},"featured_media":3345,"template":"","meta":[],"product_brand":[],"product_cat":[62],"product_tag":[],"class_list":{"0":"post-3349","1":"product","2":"type-product","3":"status-publish","4":"has-post-thumbnail","6":"product_cat-yuksek-performansli-sogutucular","8":"first","9":"outofstock","10":"taxable","11":"shipping-taxable","12":"product-type-simple"},"_links":{"self":[{"href":"https:\/\/asproms.com\/en\/wp-json\/wp\/v2\/product\/3349","targetHints":{"allow":["GET"]}}],"collection":[{"href":"https:\/\/asproms.com\/en\/wp-json\/wp\/v2\/product"}],"about":[{"href":"https:\/\/asproms.com\/en\/wp-json\/wp\/v2\/types\/product"}],"wp:featuredmedia":[{"embeddable":true,"href":"https:\/\/asproms.com\/en\/wp-json\/wp\/v2\/media\/3345"}],"wp:attachment":[{"href":"https:\/\/asproms.com\/en\/wp-json\/wp\/v2\/media?parent=3349"}],"wp:term":[{"taxonomy":"product_brand","embeddable":true,"href":"https:\/\/asproms.com\/en\/wp-json\/wp\/v2\/product_brand?post=3349"},{"taxonomy":"product_cat","embeddable":true,"href":"https:\/\/asproms.com\/en\/wp-json\/wp\/v2\/product_cat?post=3349"},{"taxonomy":"product_tag","embeddable":true,"href":"https:\/\/asproms.com\/en\/wp-json\/wp\/v2\/product_tag?post=3349"}],"curies":[{"name":"wp","href":"https:\/\/api.w.org\/{rel}","templated":true}]}}