{"id":3341,"date":"2018-05-01T18:14:00","date_gmt":"2018-05-01T15:14:00","guid":{"rendered":"http:\/\/localhost\/lydia\/product\/544as-set\/"},"modified":"2023-05-23T11:24:26","modified_gmt":"2023-05-23T08:24:26","slug":"544as-set","status":"publish","type":"product","link":"https:\/\/asproms.com\/en\/product\/544as-set\/","title":{"rendered":"544AS-Set"},"content":{"rendered":"<p>Type: <strong>\u00a0\u00a0\u00a0\u00a0\u00a0\u00a0\u00a0\u00a0\u00a0 Forced Convection Heatsink<\/strong><br \/>\nMaterial: <strong>\u00a0\u00a0Aluminum 6063-T5<\/strong><br \/>\nSurface: <strong>\u00a0\u00a0\u00a0\u00a0Natural \/ Black Anodised <\/strong><br \/>\nHeight: \u00a0\u00a0\u00a0\u00a0\u00a0\u00a0<strong>Custom Height as required<\/strong><br \/>\nWidth: \u00a0\u00a0\u00a0\u00a0\u00a0\u00a0\u00a0<strong>85mm \/ 3.35&#8243;<\/strong><\/p>\n<p><strong>Length Availability<\/strong><br \/>\nCustom Lengths\u00a0<strong>up to 3.05m \/ 10ft<\/strong><\/p>\n<p>Forced Convection Heatsinks help to manage the thermal level of your application using <strong>forced air cooling.<\/strong> They provide <strong>high performance cooling<\/strong> for challenging conditions when used with axial or radial fans.<\/p>\n","protected":false},"excerpt":{"rendered":"<pre id=\"tw-target-text\" class=\"tw-data-text tw-text-large tw-ta\" dir=\"ltr\" data-placeholder=\"\u00c7eviri\"><span class=\"Y2IQFc\" lang=\"tr\"><strong>T\u00fcr:<\/strong> Y\u00fcksek Performansl\u0131 So\u011futucu\r\n<strong>Malzeme:<\/strong> Al\u00fcminyum 6063-T5\r\n<strong>Y\u00fczey:<\/strong> Al\u00fcminyum\r\n<strong>Y\u00fckseklik:<\/strong> 25,6 mm\r\n<strong>Geni\u015flik:<\/strong> 85 mm\r\n\r\nY\u00fcksek performansl\u0131 so\u011futucular, y\u00fcksek so\u011futma performans\u0131yla uygulaman\u0131z\u0131n termal seviyesini y\u00f6netmenize yard\u0131mc\u0131 olur.\r\nEksenel veya radyal fanlarla birlikte kullan\u0131ld\u0131\u011f\u0131nda zorlu ko\u015fullar i\u00e7in y\u00fcksek performansl\u0131 so\u011futma sa\u011flarlar.<\/span><\/pre>\n","protected":false},"featured_media":3340,"template":"","meta":[],"product_brand":[],"product_cat":[62],"product_tag":[],"class_list":{"0":"post-3341","1":"product","2":"type-product","3":"status-publish","4":"has-post-thumbnail","6":"product_cat-yuksek-performansli-sogutucular","8":"first","9":"outofstock","10":"taxable","11":"shipping-taxable","12":"product-type-simple"},"_links":{"self":[{"href":"https:\/\/asproms.com\/en\/wp-json\/wp\/v2\/product\/3341","targetHints":{"allow":["GET"]}}],"collection":[{"href":"https:\/\/asproms.com\/en\/wp-json\/wp\/v2\/product"}],"about":[{"href":"https:\/\/asproms.com\/en\/wp-json\/wp\/v2\/types\/product"}],"wp:featuredmedia":[{"embeddable":true,"href":"https:\/\/asproms.com\/en\/wp-json\/wp\/v2\/media\/3340"}],"wp:attachment":[{"href":"https:\/\/asproms.com\/en\/wp-json\/wp\/v2\/media?parent=3341"}],"wp:term":[{"taxonomy":"product_brand","embeddable":true,"href":"https:\/\/asproms.com\/en\/wp-json\/wp\/v2\/product_brand?post=3341"},{"taxonomy":"product_cat","embeddable":true,"href":"https:\/\/asproms.com\/en\/wp-json\/wp\/v2\/product_cat?post=3341"},{"taxonomy":"product_tag","embeddable":true,"href":"https:\/\/asproms.com\/en\/wp-json\/wp\/v2\/product_tag?post=3341"}],"curies":[{"name":"wp","href":"https:\/\/api.w.org\/{rel}","templated":true}]}}