{"id":3330,"date":"2018-05-01T17:54:00","date_gmt":"2018-05-01T14:54:00","guid":{"rendered":"http:\/\/localhost\/lydia\/product\/444as-set\/"},"modified":"2023-05-23T11:33:40","modified_gmt":"2023-05-23T08:33:40","slug":"444as-set","status":"publish","type":"product","link":"https:\/\/asproms.com\/en\/product\/444as-set\/","title":{"rendered":"444AS-Set"},"content":{"rendered":"<p>Type: <strong>\u00a0\u00a0\u00a0\u00a0\u00a0\u00a0\u00a0\u00a0\u00a0 Forced Convection Heatsink<\/strong><br \/>\nMaterial: <strong>\u00a0\u00a0Aluminum 6063-T5<\/strong><br \/>\nSurface: <strong>\u00a0\u00a0\u00a0\u00a0Natural \/ Black Anodised <\/strong><br \/>\nHeight: \u00a0\u00a0\u00a0\u00a0\u00a0\u00a0<strong>Custom Height as required<\/strong><br \/>\nWidth: \u00a0\u00a0\u00a0\u00a0\u00a0\u00a0\u00a0<strong>63mm \/ 2.48&#8243;<\/strong><\/p>\n<p><strong>Length Availability<\/strong><br \/>\nCustom Lengths\u00a0<strong>up to 3.05m \/ 10ft<\/strong><\/p>\n<p>Forced Convection Heatsinks help to manage the thermal level of your application using <strong>forced air cooling.<\/strong> They provide <strong>high performance cooling<\/strong> for challenging conditions when used with axial or radial fans.<\/p>\n","protected":false},"excerpt":{"rendered":"<p><em><strong>T\u00fcr:<\/strong> Y\u00fcksek Performansl\u0131 So\u011futucu<\/em><\/p>\n<p><em><strong>Malzeme:<\/strong> Al\u00fcminyum 6063-T5 <\/em><\/p>\n<p><em><strong>Y\u00fczey:<\/strong> Al\u00fcminyum press<\/em><\/p>\n<p><em><strong>Geni\u015flik:<\/strong> 63 mm<\/em><\/p>\n<p><em><strong>Y\u00fckseklik:<\/strong> 22,10 mm<\/em><\/p>\n<p><em><strong>Uzunluk :<\/strong> 4050 mm ,<\/em><\/p>\n<p><em>Eksenel veya radyal fanlarla kullan\u0131ld\u0131klar\u0131nda zorlu ko\u015fullar i\u00e7in y\u00fcksek performansl\u0131 so\u011futma sa\u011flarlar.<\/em><\/p>\n","protected":false},"featured_media":3329,"template":"","meta":[],"product_brand":[],"product_cat":[62],"product_tag":[],"class_list":{"0":"post-3330","1":"product","2":"type-product","3":"status-publish","4":"has-post-thumbnail","6":"product_cat-yuksek-performansli-sogutucular","8":"first","9":"outofstock","10":"taxable","11":"shipping-taxable","12":"product-type-simple"},"_links":{"self":[{"href":"https:\/\/asproms.com\/en\/wp-json\/wp\/v2\/product\/3330","targetHints":{"allow":["GET"]}}],"collection":[{"href":"https:\/\/asproms.com\/en\/wp-json\/wp\/v2\/product"}],"about":[{"href":"https:\/\/asproms.com\/en\/wp-json\/wp\/v2\/types\/product"}],"wp:featuredmedia":[{"embeddable":true,"href":"https:\/\/asproms.com\/en\/wp-json\/wp\/v2\/media\/3329"}],"wp:attachment":[{"href":"https:\/\/asproms.com\/en\/wp-json\/wp\/v2\/media?parent=3330"}],"wp:term":[{"taxonomy":"product_brand","embeddable":true,"href":"https:\/\/asproms.com\/en\/wp-json\/wp\/v2\/product_brand?post=3330"},{"taxonomy":"product_cat","embeddable":true,"href":"https:\/\/asproms.com\/en\/wp-json\/wp\/v2\/product_cat?post=3330"},{"taxonomy":"product_tag","embeddable":true,"href":"https:\/\/asproms.com\/en\/wp-json\/wp\/v2\/product_tag?post=3330"}],"curies":[{"name":"wp","href":"https:\/\/api.w.org\/{rel}","templated":true}]}}