{"id":3319,"date":"2018-05-01T17:16:00","date_gmt":"2018-05-01T14:16:00","guid":{"rendered":"http:\/\/localhost\/lydia\/product\/292as-293as\/"},"modified":"2023-05-23T11:43:56","modified_gmt":"2023-05-23T08:43:56","slug":"292as-293as","status":"publish","type":"product","link":"https:\/\/asproms.com\/en\/product\/292as-293as\/","title":{"rendered":"292-293 AS Set"},"content":{"rendered":"<p>Type: <strong>\u00a0\u00a0\u00a0\u00a0\u00a0\u00a0\u00a0\u00a0\u00a0 Forced Convection Heatsink<\/strong><br \/>\nMaterial: <strong>\u00a0\u00a0Aluminum 6063-T5<\/strong><br \/>\nSurface: <strong>\u00a0\u00a0\u00a0\u00a0Natural \/ Black Anodised <\/strong><br \/>\nHeight: \u00a0\u00a0\u00a0\u00a0\u00a0\u00a0<strong>93mm \/ 3.66&#8243;<\/strong><br \/>\nWidth: \u00a0\u00a0\u00a0\u00a0\u00a0\u00a0\u00a0<strong>150mm \/ 5.91<\/strong><\/p>\n<p><strong>Length Availability<\/strong><br \/>\n300mm \/ 11.81&#8243; (SKU: 292AS-293AS-300)<br \/>\n400mm \/ 15.75&#8243; (SKU: 292AS-293AS-400)<br \/>\nCustom Lengths\u00a0<strong>up to 3.05m \/ 10ft<\/strong><\/p>\n<p>Forced Convection Heatsinks help to manage the thermal level of your application using <strong>forced air cooling.<\/strong> They provide <strong>high performance cooling<\/strong> for challenging conditions when used with axial or radial fans.<\/p>\n","protected":false},"excerpt":{"rendered":"<p><em><strong>292-293 AS-Set \u00fcr\u00fcn\u00fc<\/strong>, y\u00fcksek verimli so\u011futma gerektiren devrelerde kullan\u0131l\u0131r. <\/em><\/p>\n<p><em>End\u00fcstride &#8220;zorlanm\u0131\u015f konveksiyon&#8221; olarak bilinen ve \u00f6zellikle g\u00fc\u00e7 kaynaklar\u0131 gibi devrelerde kullan\u0131lan fan ile \u0131s\u0131nan havay\u0131 do\u011frudan d\u0131\u015far\u0131 atabilmeniz i\u00e7in tasarlanm\u0131\u015ft\u0131r. <\/em><\/p>\n<p><em>Tasar\u0131m\u0131ndan dolay\u0131 istenilen boy da \u00fcretimi\u00a0 yap\u0131labilmektedir. \u00d6zel ihtiya\u00e7lar\u0131n\u0131z i\u00e7in CNC ve freze i\u015flemleri yap\u0131labilir.<\/em><\/p>\n<p><em><strong> Kategori:<\/strong> Y\u00fcksek Performansl\u0131 So\u011futucu<\/em><\/p>\n<p><em><strong>Malzeme:<\/strong> Al\u00fcminyum 6063-T5 <\/em><\/p>\n<p><em><strong>Y\u00fczey:<\/strong> Pres ve Ham <\/em><\/p>\n<p><em><strong>Y\u00fckseklik:<\/strong> 93 mm <\/em><\/p>\n<p><em><strong>Geni\u015flik:<\/strong> 150 mm <\/em><\/p>\n<p><em>Bu \u00fcr\u00fcnle ilgili ayr\u0131nt\u0131l\u0131 sorular\u0131n\u0131z veya \u00f6zel i\u015fleme gereksinimleriniz varsa, l\u00fctfen bizimle ileti\u015fime ge\u00e7ebilirsiniz.\u00a0<\/em><\/p>\n","protected":false},"featured_media":3314,"template":"","meta":[],"product_brand":[],"product_cat":[62],"product_tag":[],"class_list":{"0":"post-3319","1":"product","2":"type-product","3":"status-publish","4":"has-post-thumbnail","6":"product_cat-yuksek-performansli-sogutucular","8":"first","9":"outofstock","10":"taxable","11":"shipping-taxable","12":"product-type-simple"},"_links":{"self":[{"href":"https:\/\/asproms.com\/en\/wp-json\/wp\/v2\/product\/3319","targetHints":{"allow":["GET"]}}],"collection":[{"href":"https:\/\/asproms.com\/en\/wp-json\/wp\/v2\/product"}],"about":[{"href":"https:\/\/asproms.com\/en\/wp-json\/wp\/v2\/types\/product"}],"wp:featuredmedia":[{"embeddable":true,"href":"https:\/\/asproms.com\/en\/wp-json\/wp\/v2\/media\/3314"}],"wp:attachment":[{"href":"https:\/\/asproms.com\/en\/wp-json\/wp\/v2\/media?parent=3319"}],"wp:term":[{"taxonomy":"product_brand","embeddable":true,"href":"https:\/\/asproms.com\/en\/wp-json\/wp\/v2\/product_brand?post=3319"},{"taxonomy":"product_cat","embeddable":true,"href":"https:\/\/asproms.com\/en\/wp-json\/wp\/v2\/product_cat?post=3319"},{"taxonomy":"product_tag","embeddable":true,"href":"https:\/\/asproms.com\/en\/wp-json\/wp\/v2\/product_tag?post=3319"}],"curies":[{"name":"wp","href":"https:\/\/api.w.org\/{rel}","templated":true}]}}