{"id":3307,"date":"2018-05-01T16:17:00","date_gmt":"2018-05-01T13:17:00","guid":{"rendered":"http:\/\/localhost\/lydia\/product\/192as-193as\/"},"modified":"2023-05-23T11:50:09","modified_gmt":"2023-05-23T08:50:09","slug":"192as-193as","status":"publish","type":"product","link":"https:\/\/asproms.com\/en\/product\/192as-193as\/","title":{"rendered":"192-193 AS Set"},"content":{"rendered":"<p>Type: <strong>\u00a0\u00a0\u00a0\u00a0\u00a0\u00a0\u00a0\u00a0\u00a0 Forced Convection Heatsink<\/strong><br \/>\nMaterial: <strong>\u00a0\u00a0Aluminum 6063-T5<\/strong><br \/>\nSurface: <strong>\u00a0\u00a0\u00a0\u00a0Natural \/ Black Anodised <\/strong><br \/>\nHeight: \u00a0\u00a0\u00a0\u00a0\u00a0\u00a0<strong>83mm \/ 3.27&#8243;<\/strong><br \/>\nWidth: \u00a0\u00a0\u00a0\u00a0\u00a0\u00a0\u00a0<strong>151mm \/ 5.94&#8243;<\/strong><\/p>\n<p><strong>Length Availability<\/strong><br \/>\n300mm \/ 11.81&#8243; (SKU: 192AS-193AS-300)<br \/>\n400mm \/ 15.75&#8243; (SKU: 192AS-193AS-400)<br \/>\nCustom Lengths\u00a0<strong>up to 3.05m \/ 10ft<\/strong><\/p>\n<p>Forced Convection Heatsinks help to manage the thermal level of your application using <strong>forced air cooling.<\/strong> They provide <strong>high performance cooling<\/strong> for challenging conditions when used with axial or radial fans.<\/p>\n","protected":false},"excerpt":{"rendered":"<p><em><strong>192-193 AS-Set \u00fcr\u00fcn\u00fc<\/strong> y\u00fcksek performansl\u0131 so\u011futma ihtiyac\u0131 gereken devrelerde kullan\u0131lmaktad\u0131r. End\u00fcstride &#8220;Forced Convection&#8221; olarak belirtilen fan ile \u0131s\u0131nan havay\u0131 direkt d\u0131\u015far\u0131 atabilece\u011finiz bir tasar\u0131ma sahiptir.\u00d6zellikle g\u00fc\u00e7 kayna\u011f\u0131 gibi devrelerde \u00e7ok\u00e7a kullan\u0131lmaktad\u0131r. Tasar\u0131m\u0131 gere\u011fi istenilen uzunluklarda ve geni\u015fliklerde \u00fcretilebilmektedir. \u00d6zel ihtiya\u00e7lar\u0131n\u0131za y\u00f6nelik CNC&amp;Freze i\u015flemleri ger\u00e7ekle\u015ftirilebilir.<\/em><\/p>\n<p><em><strong> Kategori:<\/strong> Y\u00fcksek Performansl\u0131 So\u011futucu <\/em><\/p>\n<p><em><strong>Materyal:<\/strong> Aluminyum 6063-T5 <\/em><\/p>\n<p><em><strong>Y\u00fczey :<\/strong> Press &amp; Ham &#8211;\u00a0 Siyah eloksal<\/em><\/p>\n<p><em><strong>Y\u00fckseklik:<\/strong> 83,3mm <\/em><\/p>\n<p><em><strong>Geni\u015flik:<\/strong> 150mm <\/em><\/p>\n<p><em>Bu \u00fcr\u00fcnle ilgili detayl\u0131 sorular\u0131n\u0131z, \u00f6zel i\u015flem talepleriniz i\u00e7in bizimle irtibata ge\u00e7ebilirsiniz.<\/em><\/p>\n","protected":false},"featured_media":3301,"template":"","meta":[],"product_brand":[],"product_cat":[62],"product_tag":[],"class_list":{"0":"post-3307","1":"product","2":"type-product","3":"status-publish","4":"has-post-thumbnail","6":"product_cat-yuksek-performansli-sogutucular","8":"first","9":"outofstock","10":"taxable","11":"shipping-taxable","12":"product-type-simple"},"_links":{"self":[{"href":"https:\/\/asproms.com\/en\/wp-json\/wp\/v2\/product\/3307","targetHints":{"allow":["GET"]}}],"collection":[{"href":"https:\/\/asproms.com\/en\/wp-json\/wp\/v2\/product"}],"about":[{"href":"https:\/\/asproms.com\/en\/wp-json\/wp\/v2\/types\/product"}],"wp:featuredmedia":[{"embeddable":true,"href":"https:\/\/asproms.com\/en\/wp-json\/wp\/v2\/media\/3301"}],"wp:attachment":[{"href":"https:\/\/asproms.com\/en\/wp-json\/wp\/v2\/media?parent=3307"}],"wp:term":[{"taxonomy":"product_brand","embeddable":true,"href":"https:\/\/asproms.com\/en\/wp-json\/wp\/v2\/product_brand?post=3307"},{"taxonomy":"product_cat","embeddable":true,"href":"https:\/\/asproms.com\/en\/wp-json\/wp\/v2\/product_cat?post=3307"},{"taxonomy":"product_tag","embeddable":true,"href":"https:\/\/asproms.com\/en\/wp-json\/wp\/v2\/product_tag?post=3307"}],"curies":[{"name":"wp","href":"https:\/\/api.w.org\/{rel}","templated":true}]}}