{"id":3246,"date":"2018-05-01T14:57:00","date_gmt":"2018-05-01T11:57:00","guid":{"rendered":"http:\/\/localhost\/lydia\/product\/751asl-95mm-3-74-8-sided\/"},"modified":"2023-05-23T16:05:45","modified_gmt":"2023-05-23T13:05:45","slug":"751asl-95mm-3-74-8-sided","status":"publish","type":"product","link":"https:\/\/asproms.com\/en\/product\/751asl-95mm-3-74-8-sided\/","title":{"rendered":"751 ASL 95mm(8Gen)"},"content":{"rendered":"<p>Type: <strong>\u00a0\u00a0\u00a0\u00a0\u00a0\u00a0\u00a0\u00a0\u00a0\u00a0 8-sided LED Heatsink<\/strong><br \/>\nMaterial: <strong>\u00a0\u00a0Aluminum 6063-T5<\/strong><br \/>\nSurface: <strong>\u00a0\u00a0\u00a0\u00a0Non-Anodised <\/strong><br \/>\nDiameter: <strong>95mm \/ 3.74&#8243;<\/strong><br \/>\nHeight: \u00a0\u00a0\u00a0\u00a0\u00a0\u00a0<strong>40mm \/ 1.57&#8243;<\/strong><\/p>\n<p>This <strong> 8-sided<\/strong> LED Heatsink is <strong>derived<\/strong> from 751ASL Heatsink Extrusion with 8 equal vertical cuts.<\/p>\n<p>It is a <strong>purpose-built<\/strong> product for mounting <strong>LED PCBs up to 95mm \/ 3.74&#8243; diameter.<\/strong><\/p>\n<p>Through maximizing the surface contact of LED PCB to increase the heatsink performance, it is a <strong>cost effective<\/strong> solution for Round LED Products.<\/p>\n","protected":false},"excerpt":{"rendered":"<pre id=\"tw-target-text\" class=\"tw-data-text tw-text-large tw-ta\" dir=\"ltr\" data-placeholder=\"\u00c7eviri\"><em><span class=\"Y2IQFc\" lang=\"tr\"><strong>Kategori:<\/strong> 8gen LED So\u011futucu\r\n<strong>Malzeme:<\/strong> Al\u00fcminyum 6063-T5\r\n<strong>Y\u00fczey:<\/strong> Eloksals\u0131z\r\n<strong>\u00c7ap:<\/strong> 95mm \/ 3,74\"\r\n<strong>Y\u00fckseklik:<\/strong> 40 mm \/ 1,5''\r\n\r\n751 asl 95mm 8gen LED So\u011futucu, 751 as kodlu profilden 8 e\u015fit dikey kesim yap\u0131larak \u00fcretilmi\u015ftir.\r\n95mm \/ 3.74\" \u00e7apa kadar LED PCB'lerin montaj\u0131 i\u00e7in amaca y\u00f6nelik \u00fcretilmi\u015f bir \u00fcr\u00fcnd\u00fcr.\r\nSo\u011futucu performans\u0131n\u0131 art\u0131rmak i\u00e7in LED PCB'nin y\u00fczey temas\u0131n\u0131 en \u00fcst d\u00fczeye \u00e7\u0131kararak, Yuvarlak LED \u00dcr\u00fcnleri i\u00e7in uygun maliyetli bir \u00e7\u00f6z\u00fcmd\u00fcr.<\/span><\/em><\/pre>\n","protected":false},"featured_media":3243,"template":"","meta":[],"product_brand":[],"product_cat":[61],"product_tag":[],"class_list":{"0":"post-3246","1":"product","2":"type-product","3":"status-publish","4":"has-post-thumbnail","6":"product_cat-8gen-16gen-led-sogutucular","8":"first","9":"outofstock","10":"taxable","11":"shipping-taxable","12":"product-type-simple"},"_links":{"self":[{"href":"https:\/\/asproms.com\/en\/wp-json\/wp\/v2\/product\/3246","targetHints":{"allow":["GET"]}}],"collection":[{"href":"https:\/\/asproms.com\/en\/wp-json\/wp\/v2\/product"}],"about":[{"href":"https:\/\/asproms.com\/en\/wp-json\/wp\/v2\/types\/product"}],"wp:featuredmedia":[{"embeddable":true,"href":"https:\/\/asproms.com\/en\/wp-json\/wp\/v2\/media\/3243"}],"wp:attachment":[{"href":"https:\/\/asproms.com\/en\/wp-json\/wp\/v2\/media?parent=3246"}],"wp:term":[{"taxonomy":"product_brand","embeddable":true,"href":"https:\/\/asproms.com\/en\/wp-json\/wp\/v2\/product_brand?post=3246"},{"taxonomy":"product_cat","embeddable":true,"href":"https:\/\/asproms.com\/en\/wp-json\/wp\/v2\/product_cat?post=3246"},{"taxonomy":"product_tag","embeddable":true,"href":"https:\/\/asproms.com\/en\/wp-json\/wp\/v2\/product_tag?post=3246"}],"curies":[{"name":"wp","href":"https:\/\/api.w.org\/{rel}","templated":true}]}}