{"id":3182,"date":"2018-04-29T02:38:00","date_gmt":"2018-04-28T23:38:00","guid":{"rendered":"http:\/\/localhost\/lydia\/product\/164asl-160mm-6-30-8-sided\/"},"modified":"2023-05-23T17:15:07","modified_gmt":"2023-05-23T14:15:07","slug":"164asl-160mm-6-30-8-sided","status":"publish","type":"product","link":"https:\/\/asproms.com\/en\/product\/164asl-160mm-6-30-8-sided\/","title":{"rendered":"164ASL 160mm 16gen"},"content":{"rendered":"<p>Type: <strong>\u00a0\u00a0\u00a0\u00a0\u00a0\u00a0\u00a0\u00a0\u00a0\u00a0 16-sided LED Heatsink<\/strong><br \/>\nMaterial: <strong>\u00a0\u00a0Aluminum 6063-T5<\/strong><br \/>\nSurface: <strong>\u00a0\u00a0\u00a0\u00a0Non-Anodised <\/strong><br \/>\nDiameter: <strong>160mm \/ 6.30&#8243;<\/strong><br \/>\nHeight: \u00a0\u00a0\u00a0\u00a0\u00a0\u00a0<strong>40mm \/ 1.57&#8243;<\/strong><\/p>\n<p>This <strong> 16-sided<\/strong> LED Heatsink is <strong>derived<\/strong> from 164 ASL Heatsink Extrusion with 16 equal vertical cuts.<\/p>\n<p>It is a <strong>purpose-built<\/strong> product for mounting <strong>LED PCBs up to 160mm \/ 6.30&#8243; diameter.<\/strong><\/p>\n<p>Through maximizing the surface contact of LED PCB to increase the heatsink performance, it is a <strong>cost effective<\/strong> solution for Round LED Products.<\/p>\n","protected":false},"excerpt":{"rendered":"<pre id=\"tw-target-text\" class=\"tw-data-text tw-text-large tw-ta\" dir=\"ltr\" data-placeholder=\"\u00c7eviri\"><em><span class=\"Y2IQFc\" lang=\"tr\"><strong>Kategori:<\/strong> 16 tarafl\u0131 LED So\u011futucu\r\n<strong>Malzeme:<\/strong> Al\u00fcminyum 6063-T5\r\n<strong>Y\u00fczey:<\/strong> Eloksals\u0131z\r\n<strong>\u00c7<\/strong>ap: 160mm \/ 6.30\"\r\nY\u00fckseklik: 40 mm \/ 1,57\"\r\n\r\n164 asl 160mm 16gen LED So\u011futucu, 164 as kodlu profilden 16 e\u015fit dikey kesim yap\u0131larak \u00fcretilmi\u015ftir.\r\n160mm \/ 6.30\" \u00e7apa kadar LED PCB'lerin montaj\u0131 i\u00e7in amaca y\u00f6nelik \u00fcretilmi\u015f bir \u00fcr\u00fcnd\u00fcr.<\/span><\/em><\/pre>\n","protected":false},"featured_media":3180,"template":"","meta":[],"product_brand":[],"product_cat":[61],"product_tag":[],"class_list":{"0":"post-3182","1":"product","2":"type-product","3":"status-publish","4":"has-post-thumbnail","6":"product_cat-8gen-16gen-led-sogutucular","8":"first","9":"outofstock","10":"taxable","11":"shipping-taxable","12":"product-type-simple"},"_links":{"self":[{"href":"https:\/\/asproms.com\/en\/wp-json\/wp\/v2\/product\/3182","targetHints":{"allow":["GET"]}}],"collection":[{"href":"https:\/\/asproms.com\/en\/wp-json\/wp\/v2\/product"}],"about":[{"href":"https:\/\/asproms.com\/en\/wp-json\/wp\/v2\/types\/product"}],"wp:featuredmedia":[{"embeddable":true,"href":"https:\/\/asproms.com\/en\/wp-json\/wp\/v2\/media\/3180"}],"wp:attachment":[{"href":"https:\/\/asproms.com\/en\/wp-json\/wp\/v2\/media?parent=3182"}],"wp:term":[{"taxonomy":"product_brand","embeddable":true,"href":"https:\/\/asproms.com\/en\/wp-json\/wp\/v2\/product_brand?post=3182"},{"taxonomy":"product_cat","embeddable":true,"href":"https:\/\/asproms.com\/en\/wp-json\/wp\/v2\/product_cat?post=3182"},{"taxonomy":"product_tag","embeddable":true,"href":"https:\/\/asproms.com\/en\/wp-json\/wp\/v2\/product_tag?post=3182"}],"curies":[{"name":"wp","href":"https:\/\/api.w.org\/{rel}","templated":true}]}}